{"id":77312,"date":"2024-09-04T16:33:14","date_gmt":"2024-09-04T14:33:14","guid":{"rendered":"https:\/\/www.bojungle.eu\/?post_type=product&#038;p=77312"},"modified":"2025-06-16T13:05:39","modified_gmt":"2025-06-16T11:05:39","slug":"grow-with-me-transat-pure-white-kopie","status":"publish","type":"product","link":"https:\/\/www.bojungle.eu\/fr\/produit\/grow-with-me-transat-pure-white-kopie\/","title":{"rendered":"Grow With Me Transat Shady Grey"},"content":{"rendered":"<div class=\"flex max-w-full flex-col flex-grow\">\n<div class=\"min-h-[20px] text-message flex w-full flex-col items-end gap-2 break-words [.text-message+&amp;]:mt-5 overflow-x-auto whitespace-normal\" dir=\"auto\" data-message-author-role=\"assistant\" data-message-id=\"d7faf530-0734-48f0-96fc-80ad607d2a5f\">\n<div class=\"flex w-full flex-col gap-1 empty:hidden first:pt-[3px]\">\n<div class=\"markdown prose w-full break-words dark:prose-invert light\">\n<p>Voici notre transat Grow With Me Shady Grey &#8211; un si\u00e8ge simple et \u00e9l\u00e9gant pour votre b\u00e9b\u00e9. Il est parfait pour laisser votre petit se reposer ou pour l&rsquo;attacher \u00e0 la chaise haute Grow With Me \u00e0 l&rsquo;heure du repas. Le transat est muni d&rsquo;une sangle de s\u00e9curit\u00e9 pour garder votre b\u00e9b\u00e9 en s\u00e9curit\u00e9, d&rsquo;un coussin doux que vous pouvez enlever et il se plie pour faciliter le rangement. La housse est \u00e9galement lavable en machine, ce qui la rend facile \u00e0 nettoyer. Ce transat allie confort et commodit\u00e9 dans un design \u00e9l\u00e9gant, ce qui en fait un compl\u00e9ment id\u00e9al pour votre maison.    <\/p>\n<p><strong>Veuillez noter que la chaise haute n&rsquo;est pas incluse mais achet\u00e9e s\u00e9par\u00e9ment.<\/strong><\/p>\n<\/div>\n<table border=\"1\">\n<tbody>\n<tr>\n<td>Manuel<\/td>\n<td><a href=\"https:\/\/www.bojungle.eu\/fr\/produit\/table-a-langer-balneo-pure-white\/\" target=\"_blank\" rel=\"noopener\">Cliquez ici<\/a><\/td>\n<\/tr>\n<\/tbody>\n<\/table>\n<\/div>\n<\/div>\n<\/div>\n","protected":false},"excerpt":{"rendered":"<p>Notre transat Grow With Me Shady Grey est la combinaison parfaite entre fonctionnalit\u00e9 et design. Il peut \u00eatre utilis\u00e9 comme si\u00e8ge pour votre petit dans lequel il peut s&rsquo;endormir ou comme si\u00e8ge pour nouveau-n\u00e9 pour la chaise haute Grow With Me \u00e0 table. <\/p>\n","protected":false},"featured_media":77394,"comment_status":"closed","ping_status":"closed","template":"","meta":{"_lmt_disableupdate":"","_lmt_disable":""},"product_brand":[],"product_cat":[526],"product_tag":[],"woo-feed-brand":[],"class_list":{"0":"post-77312","1":"product","2":"type-product","3":"status-publish","4":"has-post-thumbnail","6":"product_cat-balancoires-et-bascules","8":"first","9":"instock","10":"taxable","11":"shipping-taxable","12":"purchasable","13":"product-type-simple"},"_links":{"self":[{"href":"https:\/\/www.bojungle.eu\/fr\/wp-json\/wp\/v2\/product\/77312","targetHints":{"allow":["GET"]}}],"collection":[{"href":"https:\/\/www.bojungle.eu\/fr\/wp-json\/wp\/v2\/product"}],"about":[{"href":"https:\/\/www.bojungle.eu\/fr\/wp-json\/wp\/v2\/types\/product"}],"replies":[{"embeddable":true,"href":"https:\/\/www.bojungle.eu\/fr\/wp-json\/wp\/v2\/comments?post=77312"}],"version-history":[{"count":2,"href":"https:\/\/www.bojungle.eu\/fr\/wp-json\/wp\/v2\/product\/77312\/revisions"}],"predecessor-version":[{"id":80252,"href":"https:\/\/www.bojungle.eu\/fr\/wp-json\/wp\/v2\/product\/77312\/revisions\/80252"}],"wp:featuredmedia":[{"embeddable":true,"href":"https:\/\/www.bojungle.eu\/fr\/wp-json\/wp\/v2\/media\/77394"}],"wp:attachment":[{"href":"https:\/\/www.bojungle.eu\/fr\/wp-json\/wp\/v2\/media?parent=77312"}],"wp:term":[{"taxonomy":"product_brand","embeddable":true,"href":"https:\/\/www.bojungle.eu\/fr\/wp-json\/wp\/v2\/product_brand?post=77312"},{"taxonomy":"product_cat","embeddable":true,"href":"https:\/\/www.bojungle.eu\/fr\/wp-json\/wp\/v2\/product_cat?post=77312"},{"taxonomy":"product_tag","embeddable":true,"href":"https:\/\/www.bojungle.eu\/fr\/wp-json\/wp\/v2\/product_tag?post=77312"},{"taxonomy":"woo-feed-brand","embeddable":true,"href":"https:\/\/www.bojungle.eu\/fr\/wp-json\/wp\/v2\/woo-feed-brand?post=77312"}],"curies":[{"name":"wp","href":"https:\/\/api.w.org\/{rel}","templated":true}]}}