{"id":77730,"date":"2024-09-10T11:30:57","date_gmt":"2024-09-10T09:30:57","guid":{"rendered":"https:\/\/www.bojungle.eu\/product\/la-chaise-haute-grow-with-me\/"},"modified":"2025-06-19T14:38:50","modified_gmt":"2025-06-19T12:38:50","slug":"la-chaise-haute-grow-with-me","status":"publish","type":"product","link":"https:\/\/www.bojungle.eu\/fr\/produit\/la-chaise-haute-grow-with-me\/","title":{"rendered":"La chaise haute Grow with me"},"content":{"rendered":"<p>La chaise haute Grow With Me en blanc pur est la solution parfaite pour les familles qui veulent un confort et un style durables pour leurs petits. Con\u00e7ue pour s\u2019adapter \u00e0 chaque \u00e9tape du d\u00e9veloppement de votre enfant, cette chaise polyvalente permet \u00e0 votre enfant de rester assis au niveau des yeux de la famille, de la petite enfance \u00e0 l\u2019\u00e2ge adulte. <\/p>\n<p>Caract\u00e9ristiques :<\/p>\n<ul>\n<li><strong>Plateau amovible <\/strong>pour un nettoyage facile et une utilisation polyvalente.<\/li>\n<li><strong>Removable baby seat<\/strong>, making it perfect for babies and toddlers.<\/li>\n<li><strong>L&rsquo;assise et le pied de la chaise sont r\u00e9glables<\/strong>, ce qui permet \u00e0 la chaise de grandir en m\u00eame temps que l&rsquo;enfant.<\/li>\n<li>Attacher<strong> la ceinture de s\u00e9curit\u00e9 <\/strong>pour plus de s\u00e9curit\u00e9.<\/li>\n<li><strong>Compatible avec les nouveau-n\u00e9s :<\/strong> Combinez-le avec notre transat Grow With Me pour un confort accru d\u00e8s le premier jour.<\/li>\n<\/ul>\n<p>Assurez-vous que votre enfant b\u00e9n\u00e9ficie d\u2019une position assise ergonomique et confortable \u00e0 tout \u00e2ge avec cette chaise haute \u00e9l\u00e9gante et moderne.<\/p>\n<table border=\"1\">\n<tbody>\n<tr>\n<td>Manuel<\/td>\n<td><a href=\"https:\/\/www.bojungle.eu\/wp-content\/uploads\/2025\/06\/Manual-High-Chair.pdf\" target=\"_blank\" rel=\"noopener\">Cliquez ici<\/a><\/td>\n<\/tr>\n<\/tbody>\n<\/table>\n","protected":false},"excerpt":{"rendered":"<p><span class=\"OYPEnA font-feature-liga-off font-feature-clig-off font-feature-calt-off text-decoration-none text-strikethrough-none\">Avec la chaise haute Grow With Me Pure White, votre petit bout de chou est toujours confortablement assis \u00e0 la hauteur des yeux \u00e0 la table. Au fur et \u00e0 mesure que votre enfant grandit, vous pouvez facilement ajuster le si\u00e8ge. Gr\u00e2ce au si\u00e8ge b\u00e9b\u00e9 amovible et au marchepied r\u00e9glable, la chaise grandit avec vous, du b\u00e9b\u00e9 \u00e0 l\u2019adulte. Votre enfant a toujours une position assise confortable et ergonomique.     <\/span><\/p>\n<p>&nbsp;<\/p>\n","protected":false},"featured_media":77510,"comment_status":"closed","ping_status":"closed","template":"","meta":{"_lmt_disableupdate":"","_lmt_disable":""},"product_brand":[],"product_cat":[656,439],"product_tag":[],"woo-feed-brand":[],"class_list":{"0":"post-77730","1":"product","2":"type-product","3":"status-publish","4":"has-post-thumbnail","6":"product_cat-chaises-hautes-et-sieges-pour-bebes","7":"product_cat-nourriture-et-boisson","9":"first","10":"instock","11":"taxable","12":"shipping-taxable","13":"purchasable","14":"product-type-simple"},"_links":{"self":[{"href":"https:\/\/www.bojungle.eu\/fr\/wp-json\/wp\/v2\/product\/77730","targetHints":{"allow":["GET"]}}],"collection":[{"href":"https:\/\/www.bojungle.eu\/fr\/wp-json\/wp\/v2\/product"}],"about":[{"href":"https:\/\/www.bojungle.eu\/fr\/wp-json\/wp\/v2\/types\/product"}],"replies":[{"embeddable":true,"href":"https:\/\/www.bojungle.eu\/fr\/wp-json\/wp\/v2\/comments?post=77730"}],"version-history":[{"count":1,"href":"https:\/\/www.bojungle.eu\/fr\/wp-json\/wp\/v2\/product\/77730\/revisions"}],"predecessor-version":[{"id":80498,"href":"https:\/\/www.bojungle.eu\/fr\/wp-json\/wp\/v2\/product\/77730\/revisions\/80498"}],"wp:featuredmedia":[{"embeddable":true,"href":"https:\/\/www.bojungle.eu\/fr\/wp-json\/wp\/v2\/media\/77510"}],"wp:attachment":[{"href":"https:\/\/www.bojungle.eu\/fr\/wp-json\/wp\/v2\/media?parent=77730"}],"wp:term":[{"taxonomy":"product_brand","embeddable":true,"href":"https:\/\/www.bojungle.eu\/fr\/wp-json\/wp\/v2\/product_brand?post=77730"},{"taxonomy":"product_cat","embeddable":true,"href":"https:\/\/www.bojungle.eu\/fr\/wp-json\/wp\/v2\/product_cat?post=77730"},{"taxonomy":"product_tag","embeddable":true,"href":"https:\/\/www.bojungle.eu\/fr\/wp-json\/wp\/v2\/product_tag?post=77730"},{"taxonomy":"woo-feed-brand","embeddable":true,"href":"https:\/\/www.bojungle.eu\/fr\/wp-json\/wp\/v2\/woo-feed-brand?post=77730"}],"curies":[{"name":"wp","href":"https:\/\/api.w.org\/{rel}","templated":true}]}}