{"id":77740,"date":"2024-09-10T09:21:12","date_gmt":"2024-09-10T07:21:12","guid":{"rendered":"https:\/\/www.bojungle.eu\/product\/la-locomotive-daventures\/"},"modified":"2024-11-29T13:39:24","modified_gmt":"2024-11-29T12:39:24","slug":"la-locomotive-daventures","status":"publish","type":"product","link":"https:\/\/www.bojungle.eu\/fr\/produit\/la-locomotive-daventures\/","title":{"rendered":"La Locomotive d\u2019Aventures"},"content":{"rendered":"<p>Voici Locomotive&rsquo;s Adventure, le train jouet ultime qui apporte excitation et imagination \u00e0 chaque moment de jeu ! D&rsquo;une simple pression, regardez les engrenages tourner \u00e0 l&rsquo;unisson, cr\u00e9ant une exp\u00e9rience engageante et immersive que les enfants adoreront. Con\u00e7u avec des r\u00e9glages de volume r\u00e9glables, Locomotive&rsquo;s Adventure vous permet de choisir entre des niveaux \u00e9lev\u00e9s et faibles, ce qui le rend parfait pour tout environnement de jeu. Ce train jouet polyvalent comprend trois modes diff\u00e9rents, chacun offrant une combinaison unique de sons pour garder l&rsquo;aventure fra\u00eeche et passionnante :    <\/p>\n<ul>\n<li>Mode 1 : D\u00e9couvrez trois d\u00e9licieux sons d&rsquo;animaux associ\u00e9s \u00e0 quatre notes de musique joyeuses.<\/li>\n<li>Mode 2 : Profitez de trois effets sonores ludiques combin\u00e9s \u00e0 quatre m\u00e9lodies entra\u00eenantes.<\/li>\n<li>Mode 3 : D\u00e9couvrez un m\u00e9lange de trois morceaux musicaux amusants et de quatre effets sonores captivants.<\/li>\n<\/ul>\n<p> Pas besoin de vous soucier d&rsquo;acheter des piles \u2013 Locomotive&rsquo;s Adventure est livr\u00e9 avec trois piles \u00ab AA \u00bb de 1,5 V incluses, donc le plaisir peut commencer d\u00e8s la sortie de la bo\u00eete ! Pr\u00e9parez-vous \u00e0 des heures d&rsquo;aventures cr\u00e9atives et palpitantes avec Locomotive&rsquo;s Adventure, le compl\u00e9ment parfait \u00e0 toute salle de jeux ! <\/p>\n","protected":false},"excerpt":{"rendered":"<p>Voici la Locomotive d\u2019Aventures : un joli petit train passionnant pour s\u2019amuser \u00e0 l\u2019infini ! Il suffit de pousser le train et de regarder les engrenages tourner ensemble, cr\u00e9ant ainsi une exp\u00e9rience immersive. Avec des r\u00e9glages de volume haut et bas, il est parfait pour n\u2019importe quel sc\u00e9nario de jeu. D\u00e9couvrez trois modes diff\u00e9rents, chacun avec une combinaison unique de sons d\u2019animaux, de notes de musique et d\u2019effets sonores.     <\/p>\n","protected":false},"featured_media":77119,"comment_status":"closed","ping_status":"closed","template":"","meta":{"_lmt_disableupdate":"","_lmt_disable":""},"product_brand":[],"product_cat":[496,615,445],"product_tag":[],"woo-feed-brand":[],"class_list":{"0":"post-77740","1":"product","2":"type-product","3":"status-publish","4":"has-post-thumbnail","6":"product_cat-des-jouets-colores","7":"product_cat-jouets-dactivite","8":"product_cat-playtime-fr","10":"first","11":"instock","12":"taxable","13":"shipping-taxable","14":"purchasable","15":"product-type-simple"},"_links":{"self":[{"href":"https:\/\/www.bojungle.eu\/fr\/wp-json\/wp\/v2\/product\/77740","targetHints":{"allow":["GET"]}}],"collection":[{"href":"https:\/\/www.bojungle.eu\/fr\/wp-json\/wp\/v2\/product"}],"about":[{"href":"https:\/\/www.bojungle.eu\/fr\/wp-json\/wp\/v2\/types\/product"}],"replies":[{"embeddable":true,"href":"https:\/\/www.bojungle.eu\/fr\/wp-json\/wp\/v2\/comments?post=77740"}],"version-history":[{"count":0,"href":"https:\/\/www.bojungle.eu\/fr\/wp-json\/wp\/v2\/product\/77740\/revisions"}],"wp:featuredmedia":[{"embeddable":true,"href":"https:\/\/www.bojungle.eu\/fr\/wp-json\/wp\/v2\/media\/77119"}],"wp:attachment":[{"href":"https:\/\/www.bojungle.eu\/fr\/wp-json\/wp\/v2\/media?parent=77740"}],"wp:term":[{"taxonomy":"product_brand","embeddable":true,"href":"https:\/\/www.bojungle.eu\/fr\/wp-json\/wp\/v2\/product_brand?post=77740"},{"taxonomy":"product_cat","embeddable":true,"href":"https:\/\/www.bojungle.eu\/fr\/wp-json\/wp\/v2\/product_cat?post=77740"},{"taxonomy":"product_tag","embeddable":true,"href":"https:\/\/www.bojungle.eu\/fr\/wp-json\/wp\/v2\/product_tag?post=77740"},{"taxonomy":"woo-feed-brand","embeddable":true,"href":"https:\/\/www.bojungle.eu\/fr\/wp-json\/wp\/v2\/woo-feed-brand?post=77740"}],"curies":[{"name":"wp","href":"https:\/\/api.w.org\/{rel}","templated":true}]}}