{"id":78150,"date":"2024-09-24T11:58:24","date_gmt":"2024-09-24T09:58:24","guid":{"rendered":"https:\/\/www.bojungle.eu\/?post_type=product&#038;p=78150"},"modified":"2024-09-27T13:13:21","modified_gmt":"2024-09-27T11:13:21","slug":"ensemble-complet-grow-with-me-shady-grey-kopie","status":"publish","type":"product","link":"https:\/\/www.bojungle.eu\/fr\/produit\/ensemble-complet-grow-with-me-shady-grey-kopie\/","title":{"rendered":"Ensemble complet Grow With Me Blanc pur"},"content":{"rendered":"<p>L&rsquo;ensemble complet Grow With Me Pure White est la solution d&rsquo;assise ultime pour le voyage de votre enfant, de la naissance \u00e0 l&rsquo;\u00e2ge adulte. Cet ensemble \u00e9l\u00e9gant et polyvalent comprend la chaise haute Grow With Me et le transat Grow With Me, combinant harmonieusement confort, s\u00e9curit\u00e9 et adaptabilit\u00e9 \u00e0 chaque \u00e9tape du d\u00e9veloppement.  <strong>Caract\u00e9ristiques :<\/strong><\/p>\n<ul>\n<li><strong>Chaise Haute:<\/strong>\n<ul>\n<li>Plateau amovible pour un nettoyage sans effort et des utilisations multiples.<\/li>\n<li>L&rsquo;assise et le pied de lit sont r\u00e9glables pour s&rsquo;adapter \u00e0 la taille de l&rsquo;enfant.<\/li>\n<li>Attachez la ceinture de s\u00e9curit\u00e9 pour plus de s\u00e9curit\u00e9 et de tranquillit\u00e9 d&rsquo;esprit.<\/li>\n<li>Conception ergonomique pour un confort d&rsquo;assise optimal pour tous les \u00e2ges.<\/li>\n<\/ul>\n<\/li>\n<li><strong>Transat:<\/strong>\n<ul>\n<li>Attachez le transat Grow With Me \u00e0 la chaise haute pour une installation parfaite du nouveau-n\u00e9.<\/li>\n<li>Coussin souple et amovible et housse lavable en machine pour un entretien facile.<\/li>\n<li>Se plie pour un rangement compact et une facilit\u00e9 de d\u00e9placement.<\/li>\n<\/ul>\n<\/li>\n<\/ul>\n<p> Qu&rsquo;il s&rsquo;agisse de l&rsquo;heure des repas ou de l&rsquo;heure des jeux, l&rsquo;ensemble complet Grow With Me est le compagnon id\u00e9al de votre famille, offrant un confort et une flexibilit\u00e9 durables, le tout dans un design moderne et \u00e9l\u00e9gant Shady Grey.<\/p>\n","protected":false},"excerpt":{"rendered":"<div class=\"flex max-w-full flex-col flex-grow\">\n<div class=\"min-h-[20px] text-message flex w-full flex-col items-end gap-2 whitespace-normal break-words [.text-message+&amp;]:mt-5\" dir=\"auto\" data-message-author-role=\"assistant\" data-message-id=\"86751314-bcc5-4504-a219-4bf3f1df37bb\">\n<div class=\"flex w-full flex-col gap-1 empty:hidden first:pt-[3px]\">\n<div class=\"markdown prose w-full break-words dark:prose-invert light\"> L&rsquo;ensemble complet Grow With Me en blanc pur offre la solution d&rsquo;assise parfaite pour votre enfant, de la naissance \u00e0 l&rsquo;\u00e2ge adulte. Cet ensemble polyvalent comprend la chaise haute et le transat Grow With Me, con\u00e7us pour le confort, la s\u00e9curit\u00e9 et l&rsquo;adaptabilit\u00e9 \u00e0 chaque \u00e9tape. Avec des caract\u00e9ristiques r\u00e9glables, un plateau amovible et un transat compact et pliable, c&rsquo;est le m\u00e9lange parfait de style et de praticit\u00e9 pour les familles modernes.   <\/div>\n<\/div>\n<\/div>\n<\/div>\n","protected":false},"featured_media":77560,"comment_status":"closed","ping_status":"closed","template":"","meta":{"_lmt_disableupdate":"","_lmt_disable":""},"product_brand":[],"product_cat":[656,526,439],"product_tag":[],"woo-feed-brand":[],"class_list":{"0":"post-78150","1":"product","2":"type-product","3":"status-publish","4":"has-post-thumbnail","6":"product_cat-chaises-hautes-et-sieges-pour-bebes","7":"product_cat-balancoires-et-bascules","8":"product_cat-nourriture-et-boisson","10":"first","11":"instock","12":"taxable","13":"shipping-taxable","14":"purchasable","15":"product-type-simple"},"_links":{"self":[{"href":"https:\/\/www.bojungle.eu\/fr\/wp-json\/wp\/v2\/product\/78150","targetHints":{"allow":["GET"]}}],"collection":[{"href":"https:\/\/www.bojungle.eu\/fr\/wp-json\/wp\/v2\/product"}],"about":[{"href":"https:\/\/www.bojungle.eu\/fr\/wp-json\/wp\/v2\/types\/product"}],"replies":[{"embeddable":true,"href":"https:\/\/www.bojungle.eu\/fr\/wp-json\/wp\/v2\/comments?post=78150"}],"version-history":[{"count":2,"href":"https:\/\/www.bojungle.eu\/fr\/wp-json\/wp\/v2\/product\/78150\/revisions"}],"predecessor-version":[{"id":78179,"href":"https:\/\/www.bojungle.eu\/fr\/wp-json\/wp\/v2\/product\/78150\/revisions\/78179"}],"wp:featuredmedia":[{"embeddable":true,"href":"https:\/\/www.bojungle.eu\/fr\/wp-json\/wp\/v2\/media\/77560"}],"wp:attachment":[{"href":"https:\/\/www.bojungle.eu\/fr\/wp-json\/wp\/v2\/media?parent=78150"}],"wp:term":[{"taxonomy":"product_brand","embeddable":true,"href":"https:\/\/www.bojungle.eu\/fr\/wp-json\/wp\/v2\/product_brand?post=78150"},{"taxonomy":"product_cat","embeddable":true,"href":"https:\/\/www.bojungle.eu\/fr\/wp-json\/wp\/v2\/product_cat?post=78150"},{"taxonomy":"product_tag","embeddable":true,"href":"https:\/\/www.bojungle.eu\/fr\/wp-json\/wp\/v2\/product_tag?post=78150"},{"taxonomy":"woo-feed-brand","embeddable":true,"href":"https:\/\/www.bojungle.eu\/fr\/wp-json\/wp\/v2\/woo-feed-brand?post=78150"}],"curies":[{"name":"wp","href":"https:\/\/api.w.org\/{rel}","templated":true}]}}