{"id":80457,"date":"2025-06-18T11:42:52","date_gmt":"2025-06-18T09:42:52","guid":{"rendered":"https:\/\/www.bojungle.eu\/product\/balancelle-portable-dolphy-shady-grey\/"},"modified":"2025-06-18T12:57:22","modified_gmt":"2025-06-18T10:57:22","slug":"balancelle-portable-dolphy-shady-grey","status":"publish","type":"product","link":"https:\/\/www.bojungle.eu\/fr\/produit\/balancelle-portable-dolphy-shady-grey\/","title":{"rendered":"Balancelle portable Dolphy Shady Grey"},"content":{"rendered":"<p>D\u00e9couvrez la balancelle portable Dolphy Shady Grey, l&rsquo;ultime m\u00e9lange de confort, de commodit\u00e9 et de divertissement pour votre enfant. Con\u00e7ue pour r\u00e9pondre aux besoins des parents et au confort des b\u00e9b\u00e9s, du nouveau-n\u00e9 jusqu&rsquo;\u00e0 9 kg, cette balan\u00e7oire portable offre une combinaison unique de fonctionnalit\u00e9s qui en font un incontournable dans votre collection d&rsquo;\u00e9quipement pour b\u00e9b\u00e9.<\/p>\n<p><strong>Options d&rsquo;alimentation polyvalentes<\/strong><br \/>\nNe soyez jamais attach\u00e9 \u00e0 un seul endroit ! La balancelle portable Dolphy Shady Grey fonctionne sans probl\u00e8me avec le c\u00e2ble d&rsquo;alimentation fourni ou avec 4 piles C\/LR14 (non incluses), ce qui permet \u00e0 votre b\u00e9b\u00e9 de profiter d&rsquo;une balan\u00e7oire apaisante, que vous soyez \u00e0 la maison ou en d\u00e9placement.The Portable Swing Dolphy Shady Grey operates seamlessly with the supplied power cable or with 4 x C\/LR14 batteries (not included), ensuring your baby can enjoy a soothing swing whether you\u2019re at home or on the go.<\/p>\n<p><strong>Confort personnalisable<\/strong><br \/>\nAvec un dossier r\u00e9glable en 2 positions, cette balan\u00e7oire s&rsquo;adapte facilement aux besoins de confort de votre b\u00e9b\u00e9, garantissant qu&rsquo;il est toujours dans l&rsquo;endroit id\u00e9al pour se d\u00e9tendre ou observer.<\/p>\n<p><strong>Fonction de minuterie intuitive<\/strong><br \/>\nDot\u00e9e d&rsquo;une fonction de minuterie r\u00e9glable sur 15, 30, 45 ou 60 minutes, la balan\u00e7oire portable Dolphy Shady Grey vous permet de personnaliser le temps de balancement en fonction de l&rsquo;humeur et des besoins de votre b\u00e9b\u00e9, en veillant \u00e0 ce qu&rsquo;il soit apais\u00e9 et diverti juste ce qu&rsquo;il faut.<\/p>\n<p><strong>Plusieurs vitesses de balancement et m\u00e9lodies<\/strong><br \/>\nChoisissez parmi 5 vitesses de balancement diff\u00e9rentes pour trouver le rythme parfait pour votre b\u00e9b\u00e9, et am\u00e9liorez sa relaxation et son divertissement avec 8 m\u00e9lodies diff\u00e9rentes. C&rsquo;est le moyen id\u00e9al d&rsquo;apaiser ou de faire participer votre enfant d\u00e8s son plus jeune \u00e2ge.<\/p>\n<p><strong>Confort et s\u00e9curit\u00e9 supr\u00eames<\/strong><br \/>\nFabriqu\u00e9e avec des tissus doux et de haute qualit\u00e9, lavables en machine pour un entretien facile, et dot\u00e9e d&rsquo;un appui-t\u00eate en peluche pour un soutien suppl\u00e9mentaire, cette balan\u00e7oire assure le confort de votre b\u00e9b\u00e9 \u00e0 tout moment. Le harnais de s\u00e9curit\u00e9 \u00e0 5 points assure la s\u00e9curit\u00e9 de votre enfant et vous permet d&rsquo;avoir l&rsquo;esprit tranquille. <\/p>\n<p><strong>Engagement et divertissement<\/strong><br \/>\nL&rsquo;arche de jouets facilement d\u00e9tachable, orn\u00e9e de deux jouets attrayants, captive l&rsquo;attention de votre b\u00e9b\u00e9 et stimule ses sens en d\u00e9veloppement, faisant de la balan\u00e7oire une exp\u00e9rience amusante et \u00e9ducative.<\/p>\n<p><strong>Pratiquement portable<\/strong><br \/>\nCon\u00e7u pour les familles actives, le Dolphy Shady Grey est facilement pliable pour un stockage et un transport efficaces, ce qui vous permet d&#8217;emmener le confort de votre maison partout o\u00f9 vous allez.<\/p>\n<p>La balan\u00e7oire portable Dolphy Shady Grey n&rsquo;est pas seulement une balan\u00e7oire, c&rsquo;est un havre de paix, de divertissement et de s\u00e9curit\u00e9 pour votre b\u00e9b\u00e9. Il repr\u00e9sente un m\u00e9lange parfait de fonctionnalit\u00e9 et de plaisir, ce qui en fait un ajout essentiel aux accessoires de soins de votre b\u00e9b\u00e9.<\/p>\n<table border=\"1\">\n<tbody>\n<tr>\n<td>Manuel<\/td>\n<td><a href=\"https:\/\/www.bojungle.eu\/wp-content\/uploads\/2025\/06\/Handleiding-B-Dolphy-Portable-Swing.pdf\" target=\"_blank\" rel=\"noopener\">Cliquez ici<\/a><\/td>\n<\/tr>\n<\/tbody>\n<\/table>\n","protected":false},"excerpt":{"rendered":"<div class=\"elementor-element elementor-element-80cf67d elementor-widget elementor-widget-jet-single-excerpt\" data-id=\"80cf67d\" data-element_type=\"widget\" data-widget_type=\"jet-single-excerpt.default\">\n<div class=\"elementor-widget-container\">\n<div class=\"elementor-jet-single-excerpt jet-woo-builder\">\n<div class=\"woocommerce-product-details__short-description\">\n<div class=\"flex-1 overflow-hidden\">\n<div class=\"react-scroll-to-bottom--css-fpkau-79elbk h-full\">\n<div class=\"react-scroll-to-bottom--css-fpkau-1n7m0yu\">\n<div class=\"flex flex-col text-sm pb-9\">\n<div class=\"w-full text-token-text-primary\" data-testid=\"conversation-turn-8\">\n<div class=\"px-4 py-2 justify-center text-base md:gap-6 m-auto\">\n<div class=\"flex flex-1 text-base mx-auto gap-3 md:px-5 lg:px-1 xl:px-5 md:max-w-3xl lg:max-w-[40rem] xl:max-w-[48rem] group final-completion\">\n<div class=\"relative flex w-full flex-col agent-turn\">\n<div class=\"flex-col gap-1 md:gap-3\">\n<div class=\"flex flex-grow flex-col max-w-full\">\n<div class=\"min-h-[20px] text-message flex flex-col items-start gap-3 whitespace-pre-wrap break-words [.text-message+&amp;]:mt-5 overflow-x-auto\" data-message-author-role=\"assistant\" data-message-id=\"fbd77af2-e82b-4b38-a269-e92651bbb0c3\">\n<div class=\"markdown prose w-full break-words dark:prose-invert light\">\n<p>Dites bonjour \u00e0 la balan\u00e7oire portable Dolphy Shady Grey : un moyen pratique de garder votre b\u00e9b\u00e9 bien au chaud et heureux o\u00f9 que vous alliez. Il est r\u00e9glable pour assurer le confort de votre b\u00e9b\u00e9, offre diff\u00e9rentes vitesses de balancement et joue de jolies m\u00e9lodie De plus, il permet \u00e0 votre enfant d&rsquo;\u00eatre en s\u00e9curit\u00e9 gr\u00e2ce \u00e0 un harnais et de s&rsquo;amuser avec des jouets. Et lorsque vous avez termin\u00e9, il vous suffit de le plier pour le ranger ou le transporter facilement. Id\u00e9al pour les b\u00e9b\u00e9s jusqu&rsquo;\u00e0 9 kg et parfait pour les familles occup\u00e9es !  <\/p>\n<\/div>\n<\/div>\n<\/div>\n<\/div>\n<\/div>\n<\/div>\n<\/div>\n<\/div>\n<\/div>\n<\/div>\n<\/div>\n<\/div>\n<\/div>\n<\/div>\n<\/div>\n<\/div>\n","protected":false},"featured_media":80337,"comment_status":"open","ping_status":"closed","template":"","meta":{"_lmt_disableupdate":"","_lmt_disable":""},"product_brand":[],"product_cat":[526],"product_tag":[],"woo-feed-brand":[],"class_list":{"0":"post-80457","1":"product","2":"type-product","3":"status-publish","4":"has-post-thumbnail","6":"product_cat-balancoires-et-bascules","8":"first","9":"instock","10":"taxable","11":"shipping-taxable","12":"purchasable","13":"product-type-simple"},"_links":{"self":[{"href":"https:\/\/www.bojungle.eu\/fr\/wp-json\/wp\/v2\/product\/80457","targetHints":{"allow":["GET"]}}],"collection":[{"href":"https:\/\/www.bojungle.eu\/fr\/wp-json\/wp\/v2\/product"}],"about":[{"href":"https:\/\/www.bojungle.eu\/fr\/wp-json\/wp\/v2\/types\/product"}],"replies":[{"embeddable":true,"href":"https:\/\/www.bojungle.eu\/fr\/wp-json\/wp\/v2\/comments?post=80457"}],"version-history":[{"count":1,"href":"https:\/\/www.bojungle.eu\/fr\/wp-json\/wp\/v2\/product\/80457\/revisions"}],"predecessor-version":[{"id":80462,"href":"https:\/\/www.bojungle.eu\/fr\/wp-json\/wp\/v2\/product\/80457\/revisions\/80462"}],"wp:featuredmedia":[{"embeddable":true,"href":"https:\/\/www.bojungle.eu\/fr\/wp-json\/wp\/v2\/media\/80337"}],"wp:attachment":[{"href":"https:\/\/www.bojungle.eu\/fr\/wp-json\/wp\/v2\/media?parent=80457"}],"wp:term":[{"taxonomy":"product_brand","embeddable":true,"href":"https:\/\/www.bojungle.eu\/fr\/wp-json\/wp\/v2\/product_brand?post=80457"},{"taxonomy":"product_cat","embeddable":true,"href":"https:\/\/www.bojungle.eu\/fr\/wp-json\/wp\/v2\/product_cat?post=80457"},{"taxonomy":"product_tag","embeddable":true,"href":"https:\/\/www.bojungle.eu\/fr\/wp-json\/wp\/v2\/product_tag?post=80457"},{"taxonomy":"woo-feed-brand","embeddable":true,"href":"https:\/\/www.bojungle.eu\/fr\/wp-json\/wp\/v2\/woo-feed-brand?post=80457"}],"curies":[{"name":"wp","href":"https:\/\/api.w.org\/{rel}","templated":true}]}}