{"id":82140,"date":"2025-11-26T14:51:25","date_gmt":"2025-11-26T13:51:25","guid":{"rendered":"https:\/\/www.bojungle.eu\/?post_type=product&#038;p=82140"},"modified":"2026-04-07T13:32:53","modified_gmt":"2026-04-07T11:32:53","slug":"borneo-tapis-deveil-sons-et-lumieres","status":"publish","type":"product","link":"https:\/\/www.bojungle.eu\/fr\/produit\/borneo-tapis-deveil-sons-et-lumieres\/","title":{"rendered":"Tapis d&rsquo;\u00e9veil Sons et Lumi\u00e8res Borneo"},"content":{"rendered":"<p>Le Tapis d&rsquo;\u00e9veil Sons et Lumi\u00e8res Borneo est con\u00e7u pour divertir, r\u00e9conforter et stimuler votre b\u00e9b\u00e9 lors des moments de jeu quotidiens.<\/p>\n<p>Avec ses couleurs douces, ses jouets ludiques, ses lumi\u00e8res et ses m\u00e9lodies, cette salle de jeux pour b\u00e9b\u00e9s cr\u00e9e un espace d\u2019activit\u00e9s accueillant o\u00f9 votre petit peut se d\u00e9tendre, d\u00e9couvrir et d\u00e9velopper des comp\u00e9tences importantes d\u00e8s le d\u00e9but.<br \/>\nLes jouets suspendus encouragent \u00e0 tendre la main, \u00e0 donner des coups de pied et \u00e0 saisir, aidant \u00e0 soutenir l\u2019exploration sensorielle et le d\u00e9veloppement moteur d\u00e8s le plus jeune \u00e2ge.<\/p>\n<p>Le tapis de jeu confortable offre un espace douillet pour s\u2019allonger, s\u2019\u00e9tirer et jouer, tandis que les \u00e9l\u00e9ments lumineux et musicaux ajoutent stimulation et plaisir suppl\u00e9mentaires.<br \/>\nCela fait du Tapis d&rsquo;\u00e9veil Sons et Lumi\u00e8res Borneo un choix charmant pour les premiers moments de jeu et de d\u00e9couverte des b\u00e9b\u00e9s.<\/p>\n<p>Le Borneo est une tapis d&rsquo;\u00e9veil pratique et engageante pour b\u00e9b\u00e9s, destin\u00e9e aux parents \u00e0 la recherche de confort, de stimulation et de d\u00e9veloppement ludique dans un design \u00e9l\u00e9gant.<\/p>\n<p>\u2022 Tapis d&rsquo;\u00e9veil douce et confortable pour b\u00e9b\u00e9<br \/>\n\u2022 Couleurs douces pour un look apaisant<br \/>\n\u2022 Fonctions lumineuses et m\u00e9lodiques<br \/>\n\u2022 Jouets suspendus stimulants<br \/>\n\u2022 Favorise la d\u00e9couverte sensorielle<br \/>\n\u2022 Favorise le d\u00e9veloppement de la motricit\u00e9<br \/>\n\u2022 Id\u00e9al pour le jeu quotidien<br \/>\n\u2022 Espace confortable pour les premiers moments de jeu<\/p>\n","protected":false},"excerpt":{"rendered":"<div class=\"relative w-full mt-4 mb-1\">\n<div class=\"\">\n<div class=\"relative\">\n<div class=\"h-full min-h-0 min-w-0\">\n<div class=\"h-full min-h-0 min-w-0\">\n<div class=\"border border-token-border-light border-radius-3xl corner-superellipse\/1.1 rounded-3xl\">\n<div class=\"h-full w-full border-radius-3xl bg-token-bg-elevated-secondary corner-superellipse\/1.1 overflow-clip rounded-3xl lxnfua_clipPathFallback\">\n<div class=\"w-full overflow-x-hidden overflow-y-auto pe-11 pt-3\">\n<div class=\"relative z-0 flex max-w-full\">\n<div id=\"code-block-viewer\" class=\"q9tKkq_viewer cm-editor z-10 light:cm-light dark:cm-light flex h-full w-full flex-col items-stretch \u037c5 \u037cj\" dir=\"ltr\">\n<div class=\"cm-scroller\">\n<div class=\"cm-content q9tKkq_readonly\">Cr\u00e9ez un espace de jeu doux et stimulant pour votre b\u00e9b\u00e9 avec le Tapis d&rsquo;\u00e9veil Sons et Lumi\u00e8res Borneo. Ce tapis d\u2019activit\u00e9s pour b\u00e9b\u00e9 combine des couleurs douces, des lumi\u00e8res, des m\u00e9lodies et des jouets suspendus ludiques pour encourager la d\u00e9couverte sensorielle, le mouvement pr\u00e9coce et des moments de jeu confortables au quotidien. <\/div>\n<\/div>\n<\/div>\n<\/div>\n<\/div>\n<\/div>\n<\/div>\n<\/div>\n<\/div>\n<div class=\"\">\n<div class=\"\"><\/div>\n<\/div>\n<\/div>\n<\/div>\n<\/div>\n","protected":false},"featured_media":82250,"comment_status":"closed","ping_status":"closed","template":"","meta":{"_lmt_disableupdate":"no","_lmt_disable":""},"product_brand":[],"product_cat":[445,615,446,616],"product_tag":[1628,1625,1622,1626,1623,1621,1624,1627],"woo-feed-brand":[],"class_list":{"0":"post-82140","1":"product","2":"type-product","3":"status-publish","4":"has-post-thumbnail","6":"product_cat-playtime-fr","7":"product_cat-jouets-dactivite","8":"product_cat-jouets-en-peluche","9":"product_cat-jouets-musicaux","10":"product_tag-gymnase-de-jeu-borneo","11":"product_tag-jouet-sensoriel-pour-bebe","12":"product_tag-tapis-deveil-2","13":"product_tag-tapis-deveil-illumine","14":"product_tag-tapis-deveil-musical","15":"product_tag-tapis-deveil-pour-bebe","16":"product_tag-tapis-dactivites-pour-bebe","17":"product_tag-tapis-de-developpement-du-bebe","19":"first","20":"instock","21":"taxable","22":"shipping-taxable","23":"purchasable","24":"product-type-simple"},"_links":{"self":[{"href":"https:\/\/www.bojungle.eu\/fr\/wp-json\/wp\/v2\/product\/82140","targetHints":{"allow":["GET"]}}],"collection":[{"href":"https:\/\/www.bojungle.eu\/fr\/wp-json\/wp\/v2\/product"}],"about":[{"href":"https:\/\/www.bojungle.eu\/fr\/wp-json\/wp\/v2\/types\/product"}],"replies":[{"embeddable":true,"href":"https:\/\/www.bojungle.eu\/fr\/wp-json\/wp\/v2\/comments?post=82140"}],"version-history":[{"count":7,"href":"https:\/\/www.bojungle.eu\/fr\/wp-json\/wp\/v2\/product\/82140\/revisions"}],"predecessor-version":[{"id":85525,"href":"https:\/\/www.bojungle.eu\/fr\/wp-json\/wp\/v2\/product\/82140\/revisions\/85525"}],"wp:featuredmedia":[{"embeddable":true,"href":"https:\/\/www.bojungle.eu\/fr\/wp-json\/wp\/v2\/media\/82250"}],"wp:attachment":[{"href":"https:\/\/www.bojungle.eu\/fr\/wp-json\/wp\/v2\/media?parent=82140"}],"wp:term":[{"taxonomy":"product_brand","embeddable":true,"href":"https:\/\/www.bojungle.eu\/fr\/wp-json\/wp\/v2\/product_brand?post=82140"},{"taxonomy":"product_cat","embeddable":true,"href":"https:\/\/www.bojungle.eu\/fr\/wp-json\/wp\/v2\/product_cat?post=82140"},{"taxonomy":"product_tag","embeddable":true,"href":"https:\/\/www.bojungle.eu\/fr\/wp-json\/wp\/v2\/product_tag?post=82140"},{"taxonomy":"woo-feed-brand","embeddable":true,"href":"https:\/\/www.bojungle.eu\/fr\/wp-json\/wp\/v2\/woo-feed-brand?post=82140"}],"curies":[{"name":"wp","href":"https:\/\/api.w.org\/{rel}","templated":true}]}}