{"id":82270,"date":"2025-11-26T14:58:45","date_gmt":"2025-11-26T13:58:45","guid":{"rendered":"https:\/\/www.bojungle.eu\/?post_type=product&#038;p=82270"},"modified":"2025-12-18T10:10:49","modified_gmt":"2025-12-18T09:10:49","slug":"palenquo-tapis-deveil-a-balles","status":"publish","type":"product","link":"https:\/\/www.bojungle.eu\/fr\/produit\/palenquo-tapis-deveil-a-balles\/","title":{"rendered":"&lsquo;Palenquo&rsquo; Tapis d&rsquo;\u00e9v\u00e9il \u00e0 Balles"},"content":{"rendered":"<p>Bienvenue dans cette jungle color\u00e9e remplie de petits animaux adorables ! Ce tapis d\u2019activit\u00e9 stimule les sens de votre b\u00e9b\u00e9 avec des couleurs vives, des sons amusants et une vari\u00e9t\u00e9 de textures. Il comprend 30 balles joyeuses et color\u00e9es rang\u00e9es dans un joli petit filet \u2013 parfait pour attraper, rouler ou simplement jouer avec. Le mat\u00e9riau souple offre un espace de jeu confortable, id\u00e9al pour ces toutes premi\u00e8res d\u00e9couvertes. Ce tapis d\u2019activit\u00e9 cr\u00e9e un environnement s\u00fbr et stimulant o\u00f9 le jeu et le d\u00e9veloppement vont de pair.<\/p>\n<ul>\n<li>Design color\u00e930<\/li>\n<li>Des boules color\u00e9es dans un joli filet de rangement<\/li>\n<li>Favorise le d\u00e9veloppement motorique<\/li>\n<li>Favorise le d\u00e9veloppement cognitif<\/li>\n<li>Transformable en piscine \u00e0 balles<\/li>\n<li>Multiples hochets<\/li>\n<li>Grand miroir de jeu pour la d\u00e9couverte de soi<\/li>\n<\/ul>\n","protected":false},"excerpt":{"rendered":"<p>Bienvenue dans cette jungle color\u00e9e remplie de petits animaux adorables ! Ce tapis d\u2019activit\u00e9 stimule les sens de votre b\u00e9b\u00e9 avec des couleurs vives, des sons amusants et une vari\u00e9t\u00e9 de textures. Il comprend 30 balles joyeuses et color\u00e9es rang\u00e9es dans un joli petit filet \u2013 parfait pour attraper, rouler ou simplement jouer avec. Le mat\u00e9riau souple offre un espace de jeu confortable, id\u00e9al pour ces toutes premi\u00e8res d\u00e9couvertes. Ce tapis d\u2019activit\u00e9 cr\u00e9e un environnement s\u00fbr et stimulant o\u00f9 le jeu et le d\u00e9veloppement vont de pair.<\/p>\n","protected":false},"featured_media":82280,"comment_status":"closed","ping_status":"closed","template":"","meta":{"_lmt_disableupdate":"no","_lmt_disable":""},"product_brand":[],"product_cat":[445,615],"product_tag":[],"woo-feed-brand":[],"class_list":{"0":"post-82270","1":"product","2":"type-product","3":"status-publish","4":"has-post-thumbnail","6":"product_cat-playtime-fr","7":"product_cat-jouets-dactivite","9":"first","10":"instock","11":"taxable","12":"shipping-taxable","13":"purchasable","14":"product-type-simple"},"_links":{"self":[{"href":"https:\/\/www.bojungle.eu\/fr\/wp-json\/wp\/v2\/product\/82270","targetHints":{"allow":["GET"]}}],"collection":[{"href":"https:\/\/www.bojungle.eu\/fr\/wp-json\/wp\/v2\/product"}],"about":[{"href":"https:\/\/www.bojungle.eu\/fr\/wp-json\/wp\/v2\/types\/product"}],"replies":[{"embeddable":true,"href":"https:\/\/www.bojungle.eu\/fr\/wp-json\/wp\/v2\/comments?post=82270"}],"version-history":[{"count":3,"href":"https:\/\/www.bojungle.eu\/fr\/wp-json\/wp\/v2\/product\/82270\/revisions"}],"predecessor-version":[{"id":83701,"href":"https:\/\/www.bojungle.eu\/fr\/wp-json\/wp\/v2\/product\/82270\/revisions\/83701"}],"wp:featuredmedia":[{"embeddable":true,"href":"https:\/\/www.bojungle.eu\/fr\/wp-json\/wp\/v2\/media\/82280"}],"wp:attachment":[{"href":"https:\/\/www.bojungle.eu\/fr\/wp-json\/wp\/v2\/media?parent=82270"}],"wp:term":[{"taxonomy":"product_brand","embeddable":true,"href":"https:\/\/www.bojungle.eu\/fr\/wp-json\/wp\/v2\/product_brand?post=82270"},{"taxonomy":"product_cat","embeddable":true,"href":"https:\/\/www.bojungle.eu\/fr\/wp-json\/wp\/v2\/product_cat?post=82270"},{"taxonomy":"product_tag","embeddable":true,"href":"https:\/\/www.bojungle.eu\/fr\/wp-json\/wp\/v2\/product_tag?post=82270"},{"taxonomy":"woo-feed-brand","embeddable":true,"href":"https:\/\/www.bojungle.eu\/fr\/wp-json\/wp\/v2\/woo-feed-brand?post=82270"}],"curies":[{"name":"wp","href":"https:\/\/api.w.org\/{rel}","templated":true}]}}