{"id":82610,"date":"2025-11-26T15:05:46","date_gmt":"2025-11-26T14:05:46","guid":{"rendered":"https:\/\/www.bojungle.eu\/?post_type=product&#038;p=82610"},"modified":"2026-01-14T15:28:21","modified_gmt":"2026-01-14T14:28:21","slug":"salle-de-jeux-pliable-de-balle-midnight-expedition","status":"publish","type":"product","link":"https:\/\/www.bojungle.eu\/fr\/produit\/salle-de-jeux-pliable-de-balle-midnight-expedition\/","title":{"rendered":"Salle de jeux pliable de balle &lsquo;Midnight Expedition&rsquo;"},"content":{"rendered":"<p>\u00c9veillez vos sens et laissez votre petit embarquer dans un voyage magique rempli de couleurs, de sons et de mouvements. Ce tapis d\u2019activit\u00e9s est sp\u00e9cialement con\u00e7u pour rendre les premi\u00e8res aventures du b\u00e9b\u00e9 vraiment inoubliables. Avec une palette de couleurs soigneusement choisie qui stimule les sens d\u00e8s les premiers signes de reconnaissance visuelle, chaque d\u00e9tail invite \u00e0 l\u2019\u00e9merveillement et au jeu. Les textures douces et les \u00e9l\u00e9ments ludiques rendent ce tapis non seulement confortable mais aussi irr\u00e9sistiblement amusant.<\/p>\n<ul>\n<li>Design doux<\/li>\n<li>30 balles color\u00e9es dans un joli filet de rangement<\/li>\n<li>Favorise le d\u00e9veloppement motorique<\/li>\n<li>Favorise le d\u00e9veloppement cognitif<\/li>\n<li>Transformable en piscine \u00e0 balles<\/li>\n<li>Multiples hochets<\/li>\n<li>Grand miroir de jeu pour la d\u00e9couverte de soi<\/li>\n<\/ul>\n","protected":false},"excerpt":{"rendered":"<p>\u00c9veillez vos sens et laissez votre petit embarquer dans un voyage magique rempli de couleurs, de sons et de mouvements. Ce tapis d\u2019activit\u00e9s est sp\u00e9cialement con\u00e7u pour rendre les premi\u00e8res aventures du b\u00e9b\u00e9 vraiment inoubliables. Avec une palette de couleurs soigneusement choisie qui stimule les sens d\u00e8s les premiers signes de reconnaissance visuelle, chaque d\u00e9tail invite \u00e0 l\u2019\u00e9merveillement et au jeu. Les textures douces et les \u00e9l\u00e9ments ludiques rendent ce tapis non seulement confortable mais aussi irr\u00e9sistiblement amusant.<\/p>\n","protected":false},"featured_media":82780,"comment_status":"closed","ping_status":"closed","template":"","meta":{"_lmt_disableupdate":"no","_lmt_disable":""},"product_brand":[],"product_cat":[615,445],"product_tag":[],"woo-feed-brand":[],"class_list":{"0":"post-82610","1":"product","2":"type-product","3":"status-publish","4":"has-post-thumbnail","6":"product_cat-jouets-dactivite","7":"product_cat-playtime-fr","9":"first","10":"instock","11":"taxable","12":"shipping-taxable","13":"purchasable","14":"product-type-simple"},"_links":{"self":[{"href":"https:\/\/www.bojungle.eu\/fr\/wp-json\/wp\/v2\/product\/82610","targetHints":{"allow":["GET"]}}],"collection":[{"href":"https:\/\/www.bojungle.eu\/fr\/wp-json\/wp\/v2\/product"}],"about":[{"href":"https:\/\/www.bojungle.eu\/fr\/wp-json\/wp\/v2\/types\/product"}],"replies":[{"embeddable":true,"href":"https:\/\/www.bojungle.eu\/fr\/wp-json\/wp\/v2\/comments?post=82610"}],"version-history":[{"count":3,"href":"https:\/\/www.bojungle.eu\/fr\/wp-json\/wp\/v2\/product\/82610\/revisions"}],"predecessor-version":[{"id":83854,"href":"https:\/\/www.bojungle.eu\/fr\/wp-json\/wp\/v2\/product\/82610\/revisions\/83854"}],"wp:featuredmedia":[{"embeddable":true,"href":"https:\/\/www.bojungle.eu\/fr\/wp-json\/wp\/v2\/media\/82780"}],"wp:attachment":[{"href":"https:\/\/www.bojungle.eu\/fr\/wp-json\/wp\/v2\/media?parent=82610"}],"wp:term":[{"taxonomy":"product_brand","embeddable":true,"href":"https:\/\/www.bojungle.eu\/fr\/wp-json\/wp\/v2\/product_brand?post=82610"},{"taxonomy":"product_cat","embeddable":true,"href":"https:\/\/www.bojungle.eu\/fr\/wp-json\/wp\/v2\/product_cat?post=82610"},{"taxonomy":"product_tag","embeddable":true,"href":"https:\/\/www.bojungle.eu\/fr\/wp-json\/wp\/v2\/product_tag?post=82610"},{"taxonomy":"woo-feed-brand","embeddable":true,"href":"https:\/\/www.bojungle.eu\/fr\/wp-json\/wp\/v2\/woo-feed-brand?post=82610"}],"curies":[{"name":"wp","href":"https:\/\/api.w.org\/{rel}","templated":true}]}}