{"id":83000,"date":"2025-11-26T15:27:14","date_gmt":"2025-11-26T14:27:14","guid":{"rendered":"https:\/\/www.bojungle.eu\/?post_type=product&#038;p=83000"},"modified":"2026-02-17T15:24:30","modified_gmt":"2026-02-17T14:24:30","slug":"anneau-de-dentition-papillon-2-pieces","status":"publish","type":"product","link":"https:\/\/www.bojungle.eu\/fr\/produit\/anneau-de-dentition-papillon-2-pieces\/","title":{"rendered":"Anneau de Dentition Papillon 2 pi\u00e8ces"},"content":{"rendered":"<p>Des anneaux de dentition rafra\u00eechissants en forme de papillon joyeux, id\u00e9aux pour apaiser les gencives de votre b\u00e9b\u00e9 pendant la pouss\u00e9e dentaire. Les couleurs et formes amusantes stimulent aussi les sens de votre enfant.<\/p>\n<ul>\n<li>Ensemble de 2 anneaux color\u00e9s en forme de papillon pour les dents<\/li>\n<li>Rempli d\u2019eau s\u00fbre et st\u00e9rilis\u00e9e pour le refroidissement<\/li>\n<li>L\u00e9ger et facile \u00e0 tenir pour les petites mains<\/li>\n<li>Texture sur les ailes pour un massage des gencives suppl\u00e9mentaire<\/li>\n<li>Peut \u00eatre refroidi au r\u00e9frig\u00e9rateur pour un apaisement suppl\u00e9mentaire<\/li>\n<li>Sans BPA et sans danger \u00e0 m\u00e2cher<\/li>\n<\/ul>\n","protected":false},"excerpt":{"rendered":"<p>Des anneaux de dentition rafra\u00eechissants en forme de papillon joyeux, id\u00e9aux pour apaiser les gencives de votre b\u00e9b\u00e9 pendant la pouss\u00e9e dentaire. Les couleurs et formes amusantes stimulent aussi les sens de votre enfant.<\/p>\n","protected":false},"featured_media":83010,"comment_status":"closed","ping_status":"closed","template":"","meta":{"_lmt_disableupdate":"no","_lmt_disable":""},"product_brand":[],"product_cat":[496,615,445],"product_tag":[],"woo-feed-brand":[],"class_list":{"0":"post-83000","1":"product","2":"type-product","3":"status-publish","4":"has-post-thumbnail","6":"product_cat-des-jouets-colores","7":"product_cat-jouets-dactivite","8":"product_cat-playtime-fr","10":"first","11":"instock","12":"taxable","13":"shipping-taxable","14":"purchasable","15":"product-type-simple"},"_links":{"self":[{"href":"https:\/\/www.bojungle.eu\/fr\/wp-json\/wp\/v2\/product\/83000","targetHints":{"allow":["GET"]}}],"collection":[{"href":"https:\/\/www.bojungle.eu\/fr\/wp-json\/wp\/v2\/product"}],"about":[{"href":"https:\/\/www.bojungle.eu\/fr\/wp-json\/wp\/v2\/types\/product"}],"replies":[{"embeddable":true,"href":"https:\/\/www.bojungle.eu\/fr\/wp-json\/wp\/v2\/comments?post=83000"}],"version-history":[{"count":4,"href":"https:\/\/www.bojungle.eu\/fr\/wp-json\/wp\/v2\/product\/83000\/revisions"}],"predecessor-version":[{"id":85256,"href":"https:\/\/www.bojungle.eu\/fr\/wp-json\/wp\/v2\/product\/83000\/revisions\/85256"}],"wp:featuredmedia":[{"embeddable":true,"href":"https:\/\/www.bojungle.eu\/fr\/wp-json\/wp\/v2\/media\/83010"}],"wp:attachment":[{"href":"https:\/\/www.bojungle.eu\/fr\/wp-json\/wp\/v2\/media?parent=83000"}],"wp:term":[{"taxonomy":"product_brand","embeddable":true,"href":"https:\/\/www.bojungle.eu\/fr\/wp-json\/wp\/v2\/product_brand?post=83000"},{"taxonomy":"product_cat","embeddable":true,"href":"https:\/\/www.bojungle.eu\/fr\/wp-json\/wp\/v2\/product_cat?post=83000"},{"taxonomy":"product_tag","embeddable":true,"href":"https:\/\/www.bojungle.eu\/fr\/wp-json\/wp\/v2\/product_tag?post=83000"},{"taxonomy":"woo-feed-brand","embeddable":true,"href":"https:\/\/www.bojungle.eu\/fr\/wp-json\/wp\/v2\/woo-feed-brand?post=83000"}],"curies":[{"name":"wp","href":"https:\/\/api.w.org\/{rel}","templated":true}]}}