{"id":83287,"date":"2025-10-22T10:41:25","date_gmt":"2025-10-22T08:41:25","guid":{"rendered":"https:\/\/www.bojungle.eu\/product\/dune-4-en-1-distributeur-de-fruits\/"},"modified":"2025-12-10T14:09:41","modified_gmt":"2025-12-10T13:09:41","slug":"dune-4-en-1-distributeur-de-fruits","status":"publish","type":"product","link":"https:\/\/www.bojungle.eu\/fr\/produit\/dune-4-en-1-distributeur-de-fruits\/","title":{"rendered":"Dune 4-en-1 Distributeur de fruits"},"content":{"rendered":"<p>Voici le Fruit Feeder 4-en-1 : une fa\u00e7on amusante et s\u00fbre pour votre petit d\u2019essayer diff\u00e9rents aliments !<\/p>\n<p><strong>Caract\u00e9ristiques :<\/strong><\/p>\n<ul>\n<li><strong>Manger en toute s\u00e9curit\u00e9 :<\/strong> Il suffit de couper des fruits ou des l\u00e9gumes en petits morceaux et de les introduire dans le grignoteur. Votre enfant peut savourer de d\u00e9licieuses bouch\u00e9es sans craindre de s&rsquo;\u00e9touffer.<\/li>\n<li><strong>4 fa\u00e7ons de nourrir :<\/strong> Il est livr\u00e9 avec trois pi\u00e8ces diff\u00e9rentes et un filet, ce qui vous permet de choisir ce qui convient le mieux \u00e0 l&rsquo;\u00e2ge et au go\u00fbt de votre enfant.<\/li>\n<li><strong>Facile \u00e0 nettoyer : <\/strong> Pas de souci ! Il suffit de le mettre au lave-vaisselle lorsqu&rsquo;il a besoin d&rsquo;\u00eatre lav\u00e9.<\/li>\n<li><strong>Pas de d\u00e9g\u00e2ts : <\/strong> Gr\u00e2ce au couvercle, vous pouvez le ranger sans rien renverser.<\/li>\n<li><strong>Mat\u00e9riau s\u00fbr : <\/strong> Il est fabriqu\u00e9 sans produits chimiques nocifs, il est donc sans danger pour votre enfant.<\/li>\n<\/ul>\n<p>Avec le Fruit Feeder 4-en-1, le repas est \u00e0 la fois facile et amusant !<\/p>\n","protected":false},"excerpt":{"rendered":"<div class=\"elementor-element elementor-element-80cf67d elementor-widget elementor-widget-jet-single-excerpt\" data-id=\"80cf67d\" data-element_type=\"widget\" data-widget_type=\"jet-single-excerpt.default\">\n<div class=\"elementor-widget-container\">\n<div class=\"elementor-jet-single-excerpt jet-woo-builder\">\n<div class=\"woocommerce-product-details__short-description\">\n<p><span class=\"OYPEnA text-decoration-none text-strikethrough-none\">Avec cette mignonne Mangeoire \u00e0 Fruits 4-en-1, votre petit peut go\u00fbter toutes sortes de d\u00e9lices \u00e0 sa guise et surtout en toute s\u00e9curit\u00e9. Coupez les l\u00e9gumes et\/ou fruits en petits morceaux et placez-les dans l\u2019accessoire ou filet appropri\u00e9. Ainsi, ils d\u00e9couvrent de nouvelles saveurs sans risque de s\u2019\u00e9touffer. Gr\u00e2ce au couvercle pratique, vous pouvez ranger la mangeoire \u00e0 fruits sans salir, par la suite   <\/span><\/p>\n<\/div>\n<\/div>\n<\/div>\n<\/div>\n<div class=\"elementor-element elementor-element-c5d7d93 elementor-widget elementor-widget-spacer\" data-id=\"c5d7d93\" data-element_type=\"widget\" data-widget_type=\"spacer.default\">\n<div class=\"elementor-widget-container\">\n<div class=\"elementor-spacer\"><\/div>\n<\/div>\n<\/div>\n","protected":false},"featured_media":81208,"comment_status":"closed","ping_status":"closed","template":"","meta":{"_lmt_disableupdate":"","_lmt_disable":""},"product_brand":[],"product_cat":[552,439],"product_tag":[],"woo-feed-brand":[],"class_list":{"0":"post-83287","1":"product","2":"type-product","3":"status-publish","4":"has-post-thumbnail","6":"product_cat-lheure-du-diner","7":"product_cat-nourriture-et-boisson","9":"first","10":"instock","11":"taxable","12":"shipping-taxable","13":"purchasable","14":"product-type-simple"},"_links":{"self":[{"href":"https:\/\/www.bojungle.eu\/fr\/wp-json\/wp\/v2\/product\/83287","targetHints":{"allow":["GET"]}}],"collection":[{"href":"https:\/\/www.bojungle.eu\/fr\/wp-json\/wp\/v2\/product"}],"about":[{"href":"https:\/\/www.bojungle.eu\/fr\/wp-json\/wp\/v2\/types\/product"}],"replies":[{"embeddable":true,"href":"https:\/\/www.bojungle.eu\/fr\/wp-json\/wp\/v2\/comments?post=83287"}],"version-history":[{"count":0,"href":"https:\/\/www.bojungle.eu\/fr\/wp-json\/wp\/v2\/product\/83287\/revisions"}],"wp:featuredmedia":[{"embeddable":true,"href":"https:\/\/www.bojungle.eu\/fr\/wp-json\/wp\/v2\/media\/81208"}],"wp:attachment":[{"href":"https:\/\/www.bojungle.eu\/fr\/wp-json\/wp\/v2\/media?parent=83287"}],"wp:term":[{"taxonomy":"product_brand","embeddable":true,"href":"https:\/\/www.bojungle.eu\/fr\/wp-json\/wp\/v2\/product_brand?post=83287"},{"taxonomy":"product_cat","embeddable":true,"href":"https:\/\/www.bojungle.eu\/fr\/wp-json\/wp\/v2\/product_cat?post=83287"},{"taxonomy":"product_tag","embeddable":true,"href":"https:\/\/www.bojungle.eu\/fr\/wp-json\/wp\/v2\/product_tag?post=83287"},{"taxonomy":"woo-feed-brand","embeddable":true,"href":"https:\/\/www.bojungle.eu\/fr\/wp-json\/wp\/v2\/woo-feed-brand?post=83287"}],"curies":[{"name":"wp","href":"https:\/\/api.w.org\/{rel}","templated":true}]}}