{"id":83289,"date":"2025-10-22T10:09:26","date_gmt":"2025-10-22T08:09:26","guid":{"rendered":"https:\/\/www.bojungle.eu\/product\/dune-de-plateau-congelateur-a-fruits\/"},"modified":"2026-02-17T15:23:23","modified_gmt":"2026-02-17T14:23:23","slug":"moules-a-sorbet","status":"publish","type":"product","link":"https:\/\/www.bojungle.eu\/fr\/produit\/moules-a-sorbet\/","title":{"rendered":"Moules \u00e0 Sorbet"},"content":{"rendered":"<p data-start=\"1748\" data-end=\"2051\">Avec ce plateau de cong\u00e9lation pratique pour fruits et mangeoires, pr\u00e9parer des friandises surgel\u00e9es saines pour votre b\u00e9b\u00e9 est rapide et facile. Il suffit de remplir le plateau de fruits frais, de pur\u00e9e de fruits ou l\u00e9gumes, ou m\u00eame de lait pour b\u00e9b\u00e9. Mettez-le au cong\u00e9lateur, et bient\u00f4t vous aurez des cubes savoureux et rafra\u00eechissants qui s\u2019adaptent parfaitement \u00e0 nos mangeoires \u00e0 fruits.<\/p>\n<p data-start=\"2053\" data-end=\"2341\">Ces snacks surgel\u00e9s naturels sont parfaits pour les b\u00e9b\u00e9s qui font leurs dents, ils apaisent les gencives douloureuses tout en introduisant votre petit \u00e0 des saveurs fra\u00eeches et saines. Pas de sucre ajout\u00e9, pas de complications, juste des d\u00e9lices maison sains.<br data-start=\"2259\" data-end=\"2262\" \/>Une mani\u00e8re pratique, apaisante et saine de garder votre b\u00e9b\u00e9 heureux et rafra\u00eechi.<\/p>\n","protected":false},"excerpt":{"rendered":"<p data-start=\"1466\" data-end=\"1715\">Cr\u00e9ez rapidement des encas sant\u00e9 et rafra\u00eechissantes pour b\u00e9b\u00e9s avec ce plateau cong\u00e9lateur \u00e0 fruits. Garnez-le de fruits, de pur\u00e9e ou de lait pour b\u00e9b\u00e9, congelez-le et profitez de cubes naturels qui s\u2019adaptent parfaitement \u00e0 nos mangeoires \u00e0 fruits, id\u00e9ales pour apaiser les gencives douloureuses pendant la pouss\u00e9e dentaire.<\/p>\n<h3 data-start=\"1717\" data-end=\"1747\"><\/h3>\n","protected":false},"featured_media":81065,"comment_status":"open","ping_status":"closed","template":"","meta":{"_lmt_disableupdate":"no","_lmt_disable":""},"product_brand":[],"product_cat":[440,439,442],"product_tag":[],"woo-feed-brand":[],"class_list":{"0":"post-83289","1":"product","2":"type-product","3":"status-publish","4":"has-post-thumbnail","6":"product_cat-gamme-silicone","7":"product_cat-nourriture-et-boisson","8":"product_cat-preparation-des-repas","10":"first","11":"instock","12":"taxable","13":"shipping-taxable","14":"purchasable","15":"product-type-simple"},"_links":{"self":[{"href":"https:\/\/www.bojungle.eu\/fr\/wp-json\/wp\/v2\/product\/83289","targetHints":{"allow":["GET"]}}],"collection":[{"href":"https:\/\/www.bojungle.eu\/fr\/wp-json\/wp\/v2\/product"}],"about":[{"href":"https:\/\/www.bojungle.eu\/fr\/wp-json\/wp\/v2\/types\/product"}],"replies":[{"embeddable":true,"href":"https:\/\/www.bojungle.eu\/fr\/wp-json\/wp\/v2\/comments?post=83289"}],"version-history":[{"count":3,"href":"https:\/\/www.bojungle.eu\/fr\/wp-json\/wp\/v2\/product\/83289\/revisions"}],"predecessor-version":[{"id":85255,"href":"https:\/\/www.bojungle.eu\/fr\/wp-json\/wp\/v2\/product\/83289\/revisions\/85255"}],"wp:featuredmedia":[{"embeddable":true,"href":"https:\/\/www.bojungle.eu\/fr\/wp-json\/wp\/v2\/media\/81065"}],"wp:attachment":[{"href":"https:\/\/www.bojungle.eu\/fr\/wp-json\/wp\/v2\/media?parent=83289"}],"wp:term":[{"taxonomy":"product_brand","embeddable":true,"href":"https:\/\/www.bojungle.eu\/fr\/wp-json\/wp\/v2\/product_brand?post=83289"},{"taxonomy":"product_cat","embeddable":true,"href":"https:\/\/www.bojungle.eu\/fr\/wp-json\/wp\/v2\/product_cat?post=83289"},{"taxonomy":"product_tag","embeddable":true,"href":"https:\/\/www.bojungle.eu\/fr\/wp-json\/wp\/v2\/product_tag?post=83289"},{"taxonomy":"woo-feed-brand","embeddable":true,"href":"https:\/\/www.bojungle.eu\/fr\/wp-json\/wp\/v2\/woo-feed-brand?post=83289"}],"curies":[{"name":"wp","href":"https:\/\/api.w.org\/{rel}","templated":true}]}}