{"id":83291,"date":"2025-10-22T13:28:06","date_gmt":"2025-10-22T11:28:06","guid":{"rendered":"https:\/\/www.bojungle.eu\/product\/ensemble-de-toilettage-de-luxe-dune\/"},"modified":"2026-02-17T13:28:38","modified_gmt":"2026-02-17T12:28:38","slug":"ensemble-de-toilettage-de-luxe-dune","status":"publish","type":"product","link":"https:\/\/www.bojungle.eu\/fr\/produit\/ensemble-de-toilettage-de-luxe-dune\/","title":{"rendered":"Ensemble de toilettage de luxe Dune"},"content":{"rendered":"<p>D\u00e9couvrez notre \u00e9l\u00e9gant ensemble de toilettage de luxe pour b\u00e9b\u00e9 ! Il contient tout ce dont vous avez besoin pour prendre soin de votre petit \u2013 un total de 15 articles ! <\/p>\n<ol>\n<li><strong>Soins des ongles<\/strong> : Nous avons des limes, des ciseaux et une tondeuse pour garder ces petits ongles propres et bien rang\u00e9s.<\/li>\n<li><strong>Brosses \u00e0 dents :<\/strong> il y en a une ordinaire et une petite pour les petits doigts pour aider \u00e0 garder ces blancs nacr\u00e9s propres.<\/li>\n<li><strong>Soins capillaires :<\/strong> Un peigne et une brosse douce pour garder les cheveux de votre b\u00e9b\u00e9 \u00e0 leur meilleur.<\/li>\n<li><strong>Outils m\u00e9dicamenteux :<\/strong> nous avons inclus une seringue pour administrer des m\u00e9dicaments liquides avec pr\u00e9cision.<\/li>\n<li><strong>V\u00e9rificateurs de temp\u00e9rature :<\/strong> un thermom\u00e8tre num\u00e9rique pour v\u00e9rifier la temp\u00e9rature de votre b\u00e9b\u00e9 et un thermom\u00e8tre sp\u00e9cial pour le bain pour s&rsquo;assurer qu&rsquo;elle est parfaite.<\/li>\n<li><strong>Mouche b\u00e9b\u00e9 :<\/strong> Aide \u00e0 d\u00e9gager le nez bouch\u00e9 de votre b\u00e9b\u00e9 pour faciliter la respiration.<\/li>\n<\/ol>\n<p>Le sac dans lequel tout est livr\u00e9 est super tendance et offre beaucoup d\u2019espace pour des extras comme le shampoing et la lotion. En plus, il est livr\u00e9 avec un cintre pour pouvoir l\u2019accrocher \u00e0 un crochet quand on est en d\u00e9placement. Et ne vous inqui\u00e9tez pas des \u00e9claboussures \u2013 le sac est fait d\u2019un mat\u00e9riau de bonne qualit\u00e9 que vous pouvez mettre dans la machine \u00e0 laver lorsqu\u2019il a besoin d\u2019\u00eatre nettoy\u00e9. Alors, gardez votre b\u00e9b\u00e9 en pleine forme et en pleine forme avec notre ensemble de toilettage gris !   <\/p>\n","protected":false},"excerpt":{"rendered":"<p>D\u00e9couvrez notre ensemble de toilettage de luxe ! Avec 15 articles essentiels, dont des outils pour les ongles, des brosses \u00e0 dents, des accessoires capillaires et bien plus encore, ce set contient tout ce dont vous avez besoin pour garder votre petit propre et confortable. Le sac \u00e9l\u00e9gant offre un rangement pratique et se lave en machine pour un nettoyage facile. Am\u00e9liorez la routine de toilettage de votre b\u00e9b\u00e9 avec ce kit incontournable d\u00e8s aujourd\u2019hui !   <\/p>\n","protected":false},"featured_media":81960,"comment_status":"closed","ping_status":"closed","template":"","meta":{"_lmt_disableupdate":"","_lmt_disable":""},"product_brand":[],"product_cat":[581,510],"product_tag":[],"woo-feed-brand":[],"class_list":{"0":"post-83291","1":"product","2":"type-product","3":"status-publish","4":"has-post-thumbnail","6":"product_cat-la-beaute-et-la-sante-du-bebe","7":"product_cat-soins","9":"first","10":"instock","11":"featured","12":"taxable","13":"shipping-taxable","14":"purchasable","15":"product-type-simple"},"_links":{"self":[{"href":"https:\/\/www.bojungle.eu\/fr\/wp-json\/wp\/v2\/product\/83291","targetHints":{"allow":["GET"]}}],"collection":[{"href":"https:\/\/www.bojungle.eu\/fr\/wp-json\/wp\/v2\/product"}],"about":[{"href":"https:\/\/www.bojungle.eu\/fr\/wp-json\/wp\/v2\/types\/product"}],"replies":[{"embeddable":true,"href":"https:\/\/www.bojungle.eu\/fr\/wp-json\/wp\/v2\/comments?post=83291"}],"version-history":[{"count":0,"href":"https:\/\/www.bojungle.eu\/fr\/wp-json\/wp\/v2\/product\/83291\/revisions"}],"wp:featuredmedia":[{"embeddable":true,"href":"https:\/\/www.bojungle.eu\/fr\/wp-json\/wp\/v2\/media\/81960"}],"wp:attachment":[{"href":"https:\/\/www.bojungle.eu\/fr\/wp-json\/wp\/v2\/media?parent=83291"}],"wp:term":[{"taxonomy":"product_brand","embeddable":true,"href":"https:\/\/www.bojungle.eu\/fr\/wp-json\/wp\/v2\/product_brand?post=83291"},{"taxonomy":"product_cat","embeddable":true,"href":"https:\/\/www.bojungle.eu\/fr\/wp-json\/wp\/v2\/product_cat?post=83291"},{"taxonomy":"product_tag","embeddable":true,"href":"https:\/\/www.bojungle.eu\/fr\/wp-json\/wp\/v2\/product_tag?post=83291"},{"taxonomy":"woo-feed-brand","embeddable":true,"href":"https:\/\/www.bojungle.eu\/fr\/wp-json\/wp\/v2\/woo-feed-brand?post=83291"}],"curies":[{"name":"wp","href":"https:\/\/api.w.org\/{rel}","templated":true}]}}