{"id":83311,"date":"2025-11-26T14:31:24","date_gmt":"2025-11-26T13:31:24","guid":{"rendered":"https:\/\/www.bojungle.eu\/product\/la-sante-du-bebe-posee-sur-dune\/"},"modified":"2025-12-10T14:11:44","modified_gmt":"2025-12-10T13:11:44","slug":"la-sante-du-bebe-posee-sur-dune","status":"publish","type":"product","link":"https:\/\/www.bojungle.eu\/fr\/produit\/la-sante-du-bebe-posee-sur-dune\/","title":{"rendered":"La sant\u00e9 du b\u00e9b\u00e9 pos\u00e9e sur Dune"},"content":{"rendered":"<p>Partez-vous en voyage ou voulez-vous simplement gagner de la place chez vous ? Avec ce set d\u2019entretien classique, vous avez tout ce dont vous avez besoin dans un format compact. Ce kit de soins contient tous les \u00e9l\u00e9ments essentiels pour s\u2019occuper de votre b\u00e9b\u00e9. Le sac est fabriqu\u00e9 \u00e0 partir de tissus de haute qualit\u00e9 et lavable en machine.   <\/p>\n<ul>\n<li>Limes \u00e0 ongles<\/li>\n<li>Petits ciseaux<\/li>\n<li>Brosse \u00e0 dents \u00e0 doigts<\/li>\n<li>Peigne<\/li>\n<li>Brosse douce<\/li>\n<li>Thermom\u00e8tre num\u00e9rique flexible<\/li>\n<li>Ampoule de nez<\/li>\n<li>Coupe-ongles<\/li>\n<\/ul>\n","protected":false},"excerpt":{"rendered":"<p>Partez-vous en voyage ou voulez-vous simplement gagner de la place chez vous ? Avec ce set d\u2019entretien classique, vous avez tout ce dont vous avez besoin dans un format compact. Ce kit de soins contient tous les \u00e9l\u00e9ments essentiels pour s\u2019occuper de votre b\u00e9b\u00e9. Le sac est fabriqu\u00e9 \u00e0 partir de tissus de haute qualit\u00e9 et lavable en machine.   <\/p>\n","protected":false},"featured_media":82108,"comment_status":"closed","ping_status":"closed","template":"","meta":{"_lmt_disableupdate":"","_lmt_disable":""},"product_brand":[],"product_cat":[581,510],"product_tag":[],"woo-feed-brand":[],"class_list":{"0":"post-83311","1":"product","2":"type-product","3":"status-publish","4":"has-post-thumbnail","6":"product_cat-la-beaute-et-la-sante-du-bebe","7":"product_cat-soins","9":"first","10":"instock","11":"featured","12":"taxable","13":"shipping-taxable","14":"purchasable","15":"product-type-simple"},"_links":{"self":[{"href":"https:\/\/www.bojungle.eu\/fr\/wp-json\/wp\/v2\/product\/83311","targetHints":{"allow":["GET"]}}],"collection":[{"href":"https:\/\/www.bojungle.eu\/fr\/wp-json\/wp\/v2\/product"}],"about":[{"href":"https:\/\/www.bojungle.eu\/fr\/wp-json\/wp\/v2\/types\/product"}],"replies":[{"embeddable":true,"href":"https:\/\/www.bojungle.eu\/fr\/wp-json\/wp\/v2\/comments?post=83311"}],"version-history":[{"count":1,"href":"https:\/\/www.bojungle.eu\/fr\/wp-json\/wp\/v2\/product\/83311\/revisions"}],"predecessor-version":[{"id":83862,"href":"https:\/\/www.bojungle.eu\/fr\/wp-json\/wp\/v2\/product\/83311\/revisions\/83862"}],"wp:featuredmedia":[{"embeddable":true,"href":"https:\/\/www.bojungle.eu\/fr\/wp-json\/wp\/v2\/media\/82108"}],"wp:attachment":[{"href":"https:\/\/www.bojungle.eu\/fr\/wp-json\/wp\/v2\/media?parent=83311"}],"wp:term":[{"taxonomy":"product_brand","embeddable":true,"href":"https:\/\/www.bojungle.eu\/fr\/wp-json\/wp\/v2\/product_brand?post=83311"},{"taxonomy":"product_cat","embeddable":true,"href":"https:\/\/www.bojungle.eu\/fr\/wp-json\/wp\/v2\/product_cat?post=83311"},{"taxonomy":"product_tag","embeddable":true,"href":"https:\/\/www.bojungle.eu\/fr\/wp-json\/wp\/v2\/product_tag?post=83311"},{"taxonomy":"woo-feed-brand","embeddable":true,"href":"https:\/\/www.bojungle.eu\/fr\/wp-json\/wp\/v2\/woo-feed-brand?post=83311"}],"curies":[{"name":"wp","href":"https:\/\/api.w.org\/{rel}","templated":true}]}}