{"id":83363,"date":"2025-10-22T12:53:38","date_gmt":"2025-10-22T10:53:38","guid":{"rendered":"https:\/\/www.bojungle.eu\/product\/cuillere-et-fourchette-pliables\/"},"modified":"2026-04-05T10:49:47","modified_gmt":"2026-04-05T08:49:47","slug":"cuillere-et-fourchette-pliables","status":"publish","type":"product","link":"https:\/\/www.bojungle.eu\/fr\/produit\/cuillere-et-fourchette-pliables\/","title":{"rendered":"Cuill\u00e8re et Fourchette Pliables"},"content":{"rendered":"<ul>\n<li>Les couverts parfaits pour les tout-petits qui apprennent \u00e0 manger seuls<\/li>\n<li>La fourchette et la cuill\u00e8re peuvent \u00eatre pli\u00e9es dans la position souhait\u00e9e.<\/li>\n<li>la direction pour qu&rsquo;il soit plus facile pour votre tout-petit de manger seul<\/li>\n<li>La fourchette a des extr\u00e9mit\u00e9s arrondies pour que les tout-petits ne puissent pas se blesser en mangeant.<\/li>\n<li>Lavable au lave-vaisselle<\/li>\n<\/ul>\n","protected":false},"excerpt":{"rendered":"<p>Les couverts parfaits pour les tout-petits qui apprennent \u00e0 manger seuls<\/p>\n","protected":false},"featured_media":81836,"comment_status":"closed","ping_status":"closed","template":"","meta":{"_lmt_disableupdate":"","_lmt_disable":""},"product_brand":[],"product_cat":[552,439],"product_tag":[],"woo-feed-brand":[],"class_list":{"0":"post-83363","1":"product","2":"type-product","3":"status-publish","4":"has-post-thumbnail","6":"product_cat-lheure-du-diner","7":"product_cat-nourriture-et-boisson","9":"first","10":"instock","11":"taxable","12":"shipping-taxable","13":"purchasable","14":"product-type-simple"},"_links":{"self":[{"href":"https:\/\/www.bojungle.eu\/fr\/wp-json\/wp\/v2\/product\/83363","targetHints":{"allow":["GET"]}}],"collection":[{"href":"https:\/\/www.bojungle.eu\/fr\/wp-json\/wp\/v2\/product"}],"about":[{"href":"https:\/\/www.bojungle.eu\/fr\/wp-json\/wp\/v2\/types\/product"}],"replies":[{"embeddable":true,"href":"https:\/\/www.bojungle.eu\/fr\/wp-json\/wp\/v2\/comments?post=83363"}],"version-history":[{"count":0,"href":"https:\/\/www.bojungle.eu\/fr\/wp-json\/wp\/v2\/product\/83363\/revisions"}],"wp:featuredmedia":[{"embeddable":true,"href":"https:\/\/www.bojungle.eu\/fr\/wp-json\/wp\/v2\/media\/81836"}],"wp:attachment":[{"href":"https:\/\/www.bojungle.eu\/fr\/wp-json\/wp\/v2\/media?parent=83363"}],"wp:term":[{"taxonomy":"product_brand","embeddable":true,"href":"https:\/\/www.bojungle.eu\/fr\/wp-json\/wp\/v2\/product_brand?post=83363"},{"taxonomy":"product_cat","embeddable":true,"href":"https:\/\/www.bojungle.eu\/fr\/wp-json\/wp\/v2\/product_cat?post=83363"},{"taxonomy":"product_tag","embeddable":true,"href":"https:\/\/www.bojungle.eu\/fr\/wp-json\/wp\/v2\/product_tag?post=83363"},{"taxonomy":"woo-feed-brand","embeddable":true,"href":"https:\/\/www.bojungle.eu\/fr\/wp-json\/wp\/v2\/woo-feed-brand?post=83363"}],"curies":[{"name":"wp","href":"https:\/\/api.w.org\/{rel}","templated":true}]}}