{"id":83412,"date":"2025-10-22T12:41:32","date_gmt":"2025-10-22T10:41:32","guid":{"rendered":"https:\/\/www.bojungle.eu\/product\/silicone-soft-spoons-white-dune-terra\/"},"modified":"2025-12-18T10:51:41","modified_gmt":"2025-12-18T09:51:41","slug":"set-de-cuilleres-douces-en-silicone-blanc-dune-terracotta","status":"publish","type":"product","link":"https:\/\/www.bojungle.eu\/fr\/produit\/set-de-cuilleres-douces-en-silicone-blanc-dune-terracotta\/","title":{"rendered":"Set de cuill\u00e8res douces en silicone (Blanc-Dune-Terracotta)"},"content":{"rendered":"<p>Rendez les repas plus doux gr\u00e2ce \u00e0 nos cuill\u00e8res en silicone souple, con\u00e7ues pour le confort de votre petit. La pointe en silicone douce prot\u00e8ge les gencives sensibles, tandis que l\u2019avant plat facilite la prise et le d\u00e9tachement des aliments. S\u00fbres et pratiques, ces cuill\u00e8res sont compatibles avec le lave-vaisselle pour un nettoyage facile et sont disponibles en trois ensembles. De plus, ils sont sans BPA, assurant la s\u00e9curit\u00e9 de votre b\u00e9b\u00e9 \u00e0 chaque bouch\u00e9e.<\/p>\n<ul>\n<li><strong>Embout en silicone souple :<\/strong> doux pour les gencives et parfait pour les premi\u00e8res bouch\u00e9es.<\/li>\n<li><strong>Flat front<\/strong>: Designed for easy scooping.<\/li>\n<li><strong>Passe au lave-vaisselle : <\/strong>Nettoyage sans probl\u00e8me.<\/li>\n<li><strong>Sans BPA :<\/strong> S\u00fbr et non toxique.<\/li>\n<\/ul>\n<p>Rendez l\u2019heure des repas amusante, s\u00fbre et facile !<\/p>\n","protected":false},"excerpt":{"rendered":"<div class=\"flex max-w-full flex-col flex-grow\">\n<div class=\"min-h-8 text-message flex w-full flex-col items-end gap-2 whitespace-normal break-words [.text-message+&amp;]:mt-5\" dir=\"auto\" data-message-author-role=\"assistant\" data-message-id=\"fd204360-cbd3-4df0-9ab5-f22ed10ca1b7\">\n<div class=\"flex w-full flex-col gap-1 empty:hidden first:pt-[3px]\">\n<div class=\"markdown prose w-full break-words dark:prose-invert light\">\n<p>Le set en silicone souple est con\u00e7u pour les premi\u00e8res bouch\u00e9es de votre b\u00e9b\u00e9, ces cuill\u00e8res poss\u00e8dent une pointe en silicone souple pour prot\u00e9ger les gencives sensibles et un devant plat pour faciliter la cuiller\u00e9e des aliments. Compatible avec le lave-vaisselle et sans BPA pour une utilisation s\u00fbre et facile.<\/p>\n<\/div>\n<\/div>\n<\/div>\n<\/div>\n<div class=\"mb-2 flex gap-3 empty:hidden -ml-2\">\n<div class=\"items-center justify-start rounded-xl p-1 flex\">\n<div class=\"flex items-center\">\n<div class=\"flex\"><\/div>\n<div class=\"flex items-center pb-0\"><\/div>\n<\/div>\n<\/div>\n<\/div>\n","protected":false},"featured_media":81792,"comment_status":"closed","ping_status":"closed","template":"","meta":{"_lmt_disableupdate":"no","_lmt_disable":""},"product_brand":[],"product_cat":[552,439],"product_tag":[],"woo-feed-brand":[],"class_list":{"0":"post-83412","1":"product","2":"type-product","3":"status-publish","4":"has-post-thumbnail","6":"product_cat-lheure-du-diner","7":"product_cat-nourriture-et-boisson","9":"first","10":"instock","11":"taxable","12":"shipping-taxable","13":"purchasable","14":"product-type-simple"},"_links":{"self":[{"href":"https:\/\/www.bojungle.eu\/fr\/wp-json\/wp\/v2\/product\/83412","targetHints":{"allow":["GET"]}}],"collection":[{"href":"https:\/\/www.bojungle.eu\/fr\/wp-json\/wp\/v2\/product"}],"about":[{"href":"https:\/\/www.bojungle.eu\/fr\/wp-json\/wp\/v2\/types\/product"}],"replies":[{"embeddable":true,"href":"https:\/\/www.bojungle.eu\/fr\/wp-json\/wp\/v2\/comments?post=83412"}],"version-history":[{"count":2,"href":"https:\/\/www.bojungle.eu\/fr\/wp-json\/wp\/v2\/product\/83412\/revisions"}],"predecessor-version":[{"id":83727,"href":"https:\/\/www.bojungle.eu\/fr\/wp-json\/wp\/v2\/product\/83412\/revisions\/83727"}],"wp:featuredmedia":[{"embeddable":true,"href":"https:\/\/www.bojungle.eu\/fr\/wp-json\/wp\/v2\/media\/81792"}],"wp:attachment":[{"href":"https:\/\/www.bojungle.eu\/fr\/wp-json\/wp\/v2\/media?parent=83412"}],"wp:term":[{"taxonomy":"product_brand","embeddable":true,"href":"https:\/\/www.bojungle.eu\/fr\/wp-json\/wp\/v2\/product_brand?post=83412"},{"taxonomy":"product_cat","embeddable":true,"href":"https:\/\/www.bojungle.eu\/fr\/wp-json\/wp\/v2\/product_cat?post=83412"},{"taxonomy":"product_tag","embeddable":true,"href":"https:\/\/www.bojungle.eu\/fr\/wp-json\/wp\/v2\/product_tag?post=83412"},{"taxonomy":"woo-feed-brand","embeddable":true,"href":"https:\/\/www.bojungle.eu\/fr\/wp-json\/wp\/v2\/woo-feed-brand?post=83412"}],"curies":[{"name":"wp","href":"https:\/\/api.w.org\/{rel}","templated":true}]}}