{"id":83425,"date":"2025-10-22T11:24:41","date_gmt":"2025-10-22T09:24:41","guid":{"rendered":"https:\/\/www.bojungle.eu\/product\/b-dose-dune\/"},"modified":"2025-12-18T10:42:40","modified_gmt":"2025-12-18T09:42:40","slug":"b-doseur-de-lait-dune","status":"publish","type":"product","link":"https:\/\/www.bojungle.eu\/fr\/produit\/b-doseur-de-lait-dune\/","title":{"rendered":"B-Doseur de lait Dune"},"content":{"rendered":"<ul>\n<li>Distributeur de lait en poudre pour b\u00e9b\u00e9 empil\u00e9 avec bec verseur individuel pour chaque compartiment<\/li>\n<li>Facile \u00e0 emporter en voyage<\/li>\n<li>Ferme herm\u00e9tiquement \u00e0 100<\/li>\n<li>4 compartiments s\u00e9par\u00e9s, chacun avec son propre bec de versement<\/li>\n<li>Peut \u00eatre st\u00e9rilis\u00e9<\/li>\n<li>Empilable<\/li>\n<\/ul>\n","protected":false},"excerpt":{"rendered":"<p>Distributeur de lait en poudre pour b\u00e9b\u00e9 empil\u00e9 avec bec verseur individuel pour chaque compartiment<\/p>\n","protected":false},"featured_media":81362,"comment_status":"closed","ping_status":"closed","template":"","meta":{"_lmt_disableupdate":"no","_lmt_disable":""},"product_brand":[],"product_cat":[439,442],"product_tag":[],"woo-feed-brand":[],"class_list":{"0":"post-83425","1":"product","2":"type-product","3":"status-publish","4":"has-post-thumbnail","6":"product_cat-nourriture-et-boisson","7":"product_cat-preparation-des-repas","9":"first","10":"instock","11":"taxable","12":"shipping-taxable","13":"purchasable","14":"product-type-simple"},"_links":{"self":[{"href":"https:\/\/www.bojungle.eu\/fr\/wp-json\/wp\/v2\/product\/83425","targetHints":{"allow":["GET"]}}],"collection":[{"href":"https:\/\/www.bojungle.eu\/fr\/wp-json\/wp\/v2\/product"}],"about":[{"href":"https:\/\/www.bojungle.eu\/fr\/wp-json\/wp\/v2\/types\/product"}],"replies":[{"embeddable":true,"href":"https:\/\/www.bojungle.eu\/fr\/wp-json\/wp\/v2\/comments?post=83425"}],"version-history":[{"count":2,"href":"https:\/\/www.bojungle.eu\/fr\/wp-json\/wp\/v2\/product\/83425\/revisions"}],"predecessor-version":[{"id":83721,"href":"https:\/\/www.bojungle.eu\/fr\/wp-json\/wp\/v2\/product\/83425\/revisions\/83721"}],"wp:featuredmedia":[{"embeddable":true,"href":"https:\/\/www.bojungle.eu\/fr\/wp-json\/wp\/v2\/media\/81362"}],"wp:attachment":[{"href":"https:\/\/www.bojungle.eu\/fr\/wp-json\/wp\/v2\/media?parent=83425"}],"wp:term":[{"taxonomy":"product_brand","embeddable":true,"href":"https:\/\/www.bojungle.eu\/fr\/wp-json\/wp\/v2\/product_brand?post=83425"},{"taxonomy":"product_cat","embeddable":true,"href":"https:\/\/www.bojungle.eu\/fr\/wp-json\/wp\/v2\/product_cat?post=83425"},{"taxonomy":"product_tag","embeddable":true,"href":"https:\/\/www.bojungle.eu\/fr\/wp-json\/wp\/v2\/product_tag?post=83425"},{"taxonomy":"woo-feed-brand","embeddable":true,"href":"https:\/\/www.bojungle.eu\/fr\/wp-json\/wp\/v2\/woo-feed-brand?post=83425"}],"curies":[{"name":"wp","href":"https:\/\/api.w.org\/{rel}","templated":true}]}}