{"id":83438,"date":"2025-10-22T10:38:43","date_gmt":"2025-10-22T08:38:43","guid":{"rendered":"https:\/\/www.bojungle.eu\/product\/cuilleres-sensibles-a-la-chaleur-4-pieces\/"},"modified":"2025-12-18T10:32:36","modified_gmt":"2025-12-18T09:32:36","slug":"set-de-cuilleres-thermosensibles-4-pcs","status":"publish","type":"product","link":"https:\/\/www.bojungle.eu\/fr\/produit\/set-de-cuilleres-thermosensibles-4-pcs\/","title":{"rendered":"Set de cuill\u00e8res thermosensibles 4 pcs"},"content":{"rendered":"<p data-start=\"545\" data-end=\"749\">Rendez le repas s\u00fbr et simple avec nos cuill\u00e8res sensibles \u00e0 la chaleur. Ces cuill\u00e8res astucieuses changent instantan\u00e9ment de couleur lorsque la nourriture est trop chaude, vous donnant un signal visuel clair que le repas de votre b\u00e9b\u00e9 doit refroidir.<\/p>\n<p data-start=\"751\" data-end=\"1034\">Con\u00e7ue sp\u00e9cialement pour les b\u00e9b\u00e9s et les jeunes enfants, chaque cuill\u00e8re est fabriqu\u00e9e dans un mat\u00e9riau doux, adapt\u00e9 aux enfants, sans BPA, doux pour les gencives et sans danger pour un usage quotidien. L\u00e9gers, durables et faciles \u00e0 nettoyer, ils sont le choix id\u00e9al pour une alimentation sans stress \u00e0 la maison ou en d\u00e9placement.<\/p>\n<p data-start=\"1036\" data-end=\"1140\">Pratique, s\u00fbr et rassurant, id\u00e9al pour les parents qui souhaitent rendre les repas \u00e0 la fois agr\u00e9ables et sans souci.<\/p>\n","protected":false},"excerpt":{"rendered":"<p>Nos cuill\u00e8res sensibles \u00e0 la chaleur changent de couleur lorsque la nourriture est trop chaude, vous aidant \u00e0 garantir que chaque repas est s\u00fbr pour votre b\u00e9b\u00e9. Fabriqu\u00e9 dans un mat\u00e9riau doux, sans BPA et facile \u00e0 nettoyer.<\/p>\n","protected":false},"featured_media":81136,"comment_status":"open","ping_status":"closed","template":"","meta":{"_lmt_disableupdate":"no","_lmt_disable":""},"product_brand":[],"product_cat":[552,439],"product_tag":[],"woo-feed-brand":[],"class_list":{"0":"post-83438","1":"product","2":"type-product","3":"status-publish","4":"has-post-thumbnail","6":"product_cat-lheure-du-diner","7":"product_cat-nourriture-et-boisson","9":"first","10":"instock","11":"taxable","12":"shipping-taxable","13":"purchasable","14":"product-type-simple"},"_links":{"self":[{"href":"https:\/\/www.bojungle.eu\/fr\/wp-json\/wp\/v2\/product\/83438","targetHints":{"allow":["GET"]}}],"collection":[{"href":"https:\/\/www.bojungle.eu\/fr\/wp-json\/wp\/v2\/product"}],"about":[{"href":"https:\/\/www.bojungle.eu\/fr\/wp-json\/wp\/v2\/types\/product"}],"replies":[{"embeddable":true,"href":"https:\/\/www.bojungle.eu\/fr\/wp-json\/wp\/v2\/comments?post=83438"}],"version-history":[{"count":2,"href":"https:\/\/www.bojungle.eu\/fr\/wp-json\/wp\/v2\/product\/83438\/revisions"}],"predecessor-version":[{"id":83715,"href":"https:\/\/www.bojungle.eu\/fr\/wp-json\/wp\/v2\/product\/83438\/revisions\/83715"}],"wp:featuredmedia":[{"embeddable":true,"href":"https:\/\/www.bojungle.eu\/fr\/wp-json\/wp\/v2\/media\/81136"}],"wp:attachment":[{"href":"https:\/\/www.bojungle.eu\/fr\/wp-json\/wp\/v2\/media?parent=83438"}],"wp:term":[{"taxonomy":"product_brand","embeddable":true,"href":"https:\/\/www.bojungle.eu\/fr\/wp-json\/wp\/v2\/product_brand?post=83438"},{"taxonomy":"product_cat","embeddable":true,"href":"https:\/\/www.bojungle.eu\/fr\/wp-json\/wp\/v2\/product_cat?post=83438"},{"taxonomy":"product_tag","embeddable":true,"href":"https:\/\/www.bojungle.eu\/fr\/wp-json\/wp\/v2\/product_tag?post=83438"},{"taxonomy":"woo-feed-brand","embeddable":true,"href":"https:\/\/www.bojungle.eu\/fr\/wp-json\/wp\/v2\/woo-feed-brand?post=83438"}],"curies":[{"name":"wp","href":"https:\/\/api.w.org\/{rel}","templated":true}]}}