{"id":83451,"date":"2025-10-22T13:13:54","date_gmt":"2025-10-22T11:13:54","guid":{"rendered":"https:\/\/www.bojungle.eu\/product\/organisateur-de-tire-lait-thermo-dune\/"},"modified":"2026-04-01T14:53:07","modified_gmt":"2026-04-01T12:53:07","slug":"organisateur-de-tire-lait-thermo-dune","status":"publish","type":"product","link":"https:\/\/www.bojungle.eu\/fr\/produit\/organisateur-de-tire-lait-thermo-dune\/","title":{"rendered":"Organisateur de tire-lait Thermo Dune"},"content":{"rendered":"<p>Notre Thermo Tire-Lait Organisateur est la solution essentielle pour les mamans allaitantes qui sont toujours en mouvement. Con\u00e7u avec commodit\u00e9 et discr\u00e9tion, cet organisateur est con\u00e7u pour s\u2019int\u00e9grer harmonieusement \u00e0 votre mode de vie charg\u00e9 tout en gardant vos essentiels d\u2019allaitement bien rang\u00e9s et facilement accessibles. <\/p>\n<p>Dot\u00e9 d\u2019un design discret qui s\u2019int\u00e8gre sans effort aux derni\u00e8res tendances et \u00e0 notre gamme de produits haut de gamme, cet organisateur vous garantit de poursuivre votre parcours d\u2019allaitement avec confiance et style. Que vous alliez au bureau ou que vous partiez pour une aventure de week-end, ce sac \u00e9l\u00e9gant est l\u00e0 pour vous. <\/p>\n<p>\u00c9quip\u00e9 d\u2019un compartiment thermo-isolant, notre organisateur maintient la temp\u00e9rature optimale pour votre lait maternel ou, plus tard, pour les pots de nourriture pour b\u00e9b\u00e9, garantissant la fra\u00eecheur o\u00f9 que vous alliez.<\/p>\n<p>Avec deux compartiments s\u00e9par\u00e9s, vous pouvez organiser efficacement vos essentiels. Le compartiment sup\u00e9rieur accueille confortablement votre tire-lait, tandis que le compartiment inf\u00e9rieur offre un espace suffisant pour ranger les biberons et autres n\u00e9cessit\u00e9s. Avec assez d\u2019espace pour un tire-lait, deux biberons pour b\u00e9b\u00e9, des serviettes d\u2019allaitement et d\u2019autres petits objets, tout ce dont vous avez besoin est \u00e0 port\u00e9e de main.  <\/p>\n<p>\u00c0 l\u2019int\u00e9rieur, des poches strat\u00e9giquement plac\u00e9es gardent vos objets en s\u00e9curit\u00e9 et facilement accessibles. Plus de recherches pour trouver des objets \u00e9gar\u00e9s ; Tout reste en place, vous permettant de vous concentrer sur le soin de votre petit. <\/p>\n<p>Am\u00e9liorez votre parcours d\u2019allaitement avec notre Organisateur Thermo Tire-Lat. Pratique, \u00e9l\u00e9gant et polyvalent, c&rsquo;est le compagnon id\u00e9al de toutes les mamans qui allaitent.<\/p>\n","protected":false},"excerpt":{"rendered":"<ul>\n<li>Le Sac de transport thermo pour repas ou tire-lait Gris Fonc\u00e9 a \u00e9t\u00e9 con\u00e7u pour permettre aux mamans qui allaitent d&#8217;emporter facilement tout ce dont elles ont besoin, par exemple lorsqu&rsquo;elles reprennent le travail et souhaitent continuer \u00e0 allaiter. Lorsque le b\u00e9b\u00e9 cessera d&rsquo;\u00eatre allait\u00e9, ce sac discret pourra toujours \u00eatre utilis\u00e9 en voyage, etc. !<\/li>\n<li>Un design discret bas\u00e9 sur les derni\u00e8res tendances et en accord avec nos autres produits.<\/li>\n<li>Sac isotherme pour conserver le lait maternel (ou plus tard les pots d&rsquo;aliments pour b\u00e9b\u00e9, etc.) et le garder au frais.<\/li>\n<li>Deux compartiments s\u00e9par\u00e9s : compartiment sup\u00e9rieur pour le tire-lait, compartiment inf\u00e9rieur pour les bouteilles de lait, etc.<\/li>\n<li>Suffisamment d&rsquo;espace pour ranger un tire-lait, deux biberons, des coussinets d&rsquo;allaitement et d&rsquo;autres petits objets.<\/li>\n<li>Poches \u00e0 l&rsquo;int\u00e9rieur pour garder tout en place<\/li>\n<\/ul>\n","protected":false},"featured_media":81916,"comment_status":"closed","ping_status":"closed","template":"","meta":{"_lmt_disableupdate":"","_lmt_disable":""},"product_brand":[],"product_cat":[636,635],"product_tag":[],"woo-feed-brand":[],"class_list":{"0":"post-83451","1":"product","2":"type-product","3":"status-publish","4":"has-post-thumbnail","6":"product_cat-accessoires-dexterieur","7":"product_cat-exterieur","9":"first","10":"instock","11":"taxable","12":"shipping-taxable","13":"purchasable","14":"product-type-simple"},"_links":{"self":[{"href":"https:\/\/www.bojungle.eu\/fr\/wp-json\/wp\/v2\/product\/83451","targetHints":{"allow":["GET"]}}],"collection":[{"href":"https:\/\/www.bojungle.eu\/fr\/wp-json\/wp\/v2\/product"}],"about":[{"href":"https:\/\/www.bojungle.eu\/fr\/wp-json\/wp\/v2\/types\/product"}],"replies":[{"embeddable":true,"href":"https:\/\/www.bojungle.eu\/fr\/wp-json\/wp\/v2\/comments?post=83451"}],"version-history":[{"count":0,"href":"https:\/\/www.bojungle.eu\/fr\/wp-json\/wp\/v2\/product\/83451\/revisions"}],"wp:featuredmedia":[{"embeddable":true,"href":"https:\/\/www.bojungle.eu\/fr\/wp-json\/wp\/v2\/media\/81916"}],"wp:attachment":[{"href":"https:\/\/www.bojungle.eu\/fr\/wp-json\/wp\/v2\/media?parent=83451"}],"wp:term":[{"taxonomy":"product_brand","embeddable":true,"href":"https:\/\/www.bojungle.eu\/fr\/wp-json\/wp\/v2\/product_brand?post=83451"},{"taxonomy":"product_cat","embeddable":true,"href":"https:\/\/www.bojungle.eu\/fr\/wp-json\/wp\/v2\/product_cat?post=83451"},{"taxonomy":"product_tag","embeddable":true,"href":"https:\/\/www.bojungle.eu\/fr\/wp-json\/wp\/v2\/product_tag?post=83451"},{"taxonomy":"woo-feed-brand","embeddable":true,"href":"https:\/\/www.bojungle.eu\/fr\/wp-json\/wp\/v2\/woo-feed-brand?post=83451"}],"curies":[{"name":"wp","href":"https:\/\/api.w.org\/{rel}","templated":true}]}}