{"id":83459,"date":"2025-10-22T11:52:10","date_gmt":"2025-10-22T09:52:10","guid":{"rendered":"https:\/\/www.bojungle.eu\/product\/jade-de-la-boite-a-poudre-nomade\/"},"modified":"2025-12-10T14:14:49","modified_gmt":"2025-12-10T13:14:49","slug":"jade-de-la-boite-a-poudre-nomade","status":"publish","type":"product","link":"https:\/\/www.bojungle.eu\/fr\/produit\/jade-de-la-boite-a-poudre-nomade\/","title":{"rendered":"Jade de la bo\u00eete \u00e0 poudre nomade"},"content":{"rendered":"<p>La bo\u00eete \u00e0 poudre Nomade est le compagnon id\u00e9al des parents en d\u00e9placement. Con\u00e7ue pour stocker du lait en poudre ou d&rsquo;autres compl\u00e9ments en poudre, cette bo\u00eete est tr\u00e8s pratique. Son design compact et portable permet de l&#8217;emporter partout o\u00f9 la vie vous m\u00e8ne. Que vous soyez en voyage, au parc ou simplement en train de faire des courses, la bo\u00eete \u00e0 poudre Nomade garde votre poudre fra\u00eeche et accessible.   <\/p>\n<p>Caract\u00e9ristiques cl\u00e9s :<\/p>\n<ul>\n<li><strong>Stockage de la poudre de lait :<\/strong> Id\u00e9al pour conserver du lait en poudre ou d\u2019autres aliments en poudre.<\/li>\n<li><strong>Portable et pratique :<\/strong> L\u00e9ger et facile \u00e0 transporter, s\u2019ins\u00e9rant parfaitement dans votre sac ou poussette.<\/li>\n<li><strong>Facile \u00e0 nettoyer :<\/strong> Simple \u00e0 nettoyer, garantissant hygi\u00e8ne et commodit\u00e9.<\/li>\n<li><strong>Cuill\u00e8re incluse<\/strong> : Fournie avec une cuill\u00e8re pratique pour faciliter la prise et la mesure.<\/li>\n<\/ul>\n<p>Gardez le lait ou la poudre de compl\u00e9ment de votre b\u00e9b\u00e9 organis\u00e9e et accessible avec la bo\u00eete \u00e0 poudre Nomadic \u2014 un incontournable pour tout parent occup\u00e9 !<\/p>\n","protected":false},"excerpt":{"rendered":"<div class=\"elementor-element elementor-element-80cf67d elementor-widget elementor-widget-jet-single-excerpt\" data-id=\"80cf67d\" data-element_type=\"widget\" data-widget_type=\"jet-single-excerpt.default\">\n<div class=\"elementor-widget-container\">\n<div class=\"elementor-jet-single-excerpt jet-woo-builder\">\n<div class=\"woocommerce-product-details__short-description\">\n<p>La bo\u00eete \u00e0 poudre Nomade est une solution compacte et portable pour stocker le lait en poudre. L\u00e9g\u00e8re et facile \u00e0 transporter, elle comprend une cuill\u00e8re pour plus de commodit\u00e9 et est facile \u00e0 nettoyer, ce qui la rend parfaite pour les parents en d\u00e9placement. <\/p>\n<\/div>\n<\/div>\n<\/div>\n<\/div>\n<div class=\"elementor-element elementor-element-c5d7d93 elementor-widget elementor-widget-spacer\" data-id=\"c5d7d93\" data-element_type=\"widget\" data-widget_type=\"spacer.default\">\n<div class=\"elementor-widget-container\">\n<div class=\"elementor-spacer\"><\/div>\n<\/div>\n<\/div>\n","protected":false},"featured_media":81760,"comment_status":"closed","ping_status":"closed","template":"","meta":{"_lmt_disableupdate":"","_lmt_disable":""},"product_brand":[],"product_cat":[439,442],"product_tag":[],"woo-feed-brand":[],"class_list":{"0":"post-83459","1":"product","2":"type-product","3":"status-publish","4":"has-post-thumbnail","6":"product_cat-nourriture-et-boisson","7":"product_cat-preparation-des-repas","9":"first","10":"instock","11":"featured","12":"taxable","13":"shipping-taxable","14":"purchasable","15":"product-type-simple"},"_links":{"self":[{"href":"https:\/\/www.bojungle.eu\/fr\/wp-json\/wp\/v2\/product\/83459","targetHints":{"allow":["GET"]}}],"collection":[{"href":"https:\/\/www.bojungle.eu\/fr\/wp-json\/wp\/v2\/product"}],"about":[{"href":"https:\/\/www.bojungle.eu\/fr\/wp-json\/wp\/v2\/types\/product"}],"replies":[{"embeddable":true,"href":"https:\/\/www.bojungle.eu\/fr\/wp-json\/wp\/v2\/comments?post=83459"}],"version-history":[{"count":0,"href":"https:\/\/www.bojungle.eu\/fr\/wp-json\/wp\/v2\/product\/83459\/revisions"}],"wp:featuredmedia":[{"embeddable":true,"href":"https:\/\/www.bojungle.eu\/fr\/wp-json\/wp\/v2\/media\/81760"}],"wp:attachment":[{"href":"https:\/\/www.bojungle.eu\/fr\/wp-json\/wp\/v2\/media?parent=83459"}],"wp:term":[{"taxonomy":"product_brand","embeddable":true,"href":"https:\/\/www.bojungle.eu\/fr\/wp-json\/wp\/v2\/product_brand?post=83459"},{"taxonomy":"product_cat","embeddable":true,"href":"https:\/\/www.bojungle.eu\/fr\/wp-json\/wp\/v2\/product_cat?post=83459"},{"taxonomy":"product_tag","embeddable":true,"href":"https:\/\/www.bojungle.eu\/fr\/wp-json\/wp\/v2\/product_tag?post=83459"},{"taxonomy":"woo-feed-brand","embeddable":true,"href":"https:\/\/www.bojungle.eu\/fr\/wp-json\/wp\/v2\/woo-feed-brand?post=83459"}],"curies":[{"name":"wp","href":"https:\/\/api.w.org\/{rel}","templated":true}]}}