{"id":84159,"date":"2026-01-15T13:31:34","date_gmt":"2026-01-15T12:31:34","guid":{"rendered":"https:\/\/www.bojungle.eu\/product\/tropicana-musique-leger-mobile\/"},"modified":"2026-04-02T16:08:49","modified_gmt":"2026-04-02T14:08:49","slug":"tropicana-musique-leger-mobile","status":"publish","type":"product","link":"https:\/\/www.bojungle.eu\/fr\/produit\/tropicana-musique-leger-mobile\/","title":{"rendered":"Mobile Sons &amp; Lumi\u00e8res Tropicana"},"content":{"rendered":"<div class=\"flex max-w-full flex-col grow\">\n<div class=\"min-h-8 text-message relative flex w-full flex-col items-end gap-2 text-start break-words whitespace-normal [.text-message+&amp;]:mt-1\" dir=\"auto\" data-message-author-role=\"assistant\" data-message-id=\"a6da9f1d-4477-442f-909e-eaae6d7883f1\" data-message-model-slug=\"gpt-5-2\">\n<div class=\"flex w-full flex-col gap-1 empty:hidden first:pt-[1px]\">\n<div class=\"markdown prose dark:prose-invert w-full break-words light markdown-new-styling\">\n<p>Le Mobile Sons &amp; Lumi\u00e8res Tropicana est con\u00e7u pour apaiser et divertir votre b\u00e9b\u00e9 pendant les siestes, le coucher et les moments de calme dans la chambre de b\u00e9b\u00e9.<\/p>\n<p>Les peluches color\u00e9es tournent doucement au-dessus du berceau, favorisant la stimulation visuelle et le d\u00e9veloppement sensoriel pr\u00e9coce.<br \/>\nEn m\u00eame temps, les fonctions de musique int\u00e9gr\u00e9e et de bruit blanc contribuent \u00e0 cr\u00e9er un environnement de sommeil calme et relaxant.<\/p>\n<p>Gr\u00e2ce \u00e0 sa veilleuse et \u00e0 son projecteur d&rsquo;images int\u00e9gr\u00e9s, ce mobile pour b\u00e9b\u00e9 cr\u00e9e une ambiance douce et apaisante dans la chambre de votre tout-petit.<br \/>\nLes parents peuvent facilement passer d&rsquo;une fonction \u00e0 l&rsquo;autre et personnaliser l&rsquo;exp\u00e9rience \u00e0 l&rsquo;aide de la t\u00e9l\u00e9commande fournie, ce qui rend le rituel du coucher plus simple et plus agr\u00e9able.<\/p>\n<p>Ce mobile pour lit b\u00e9b\u00e9 \u00e0 piles est un choix pratique pour les parents \u00e0 la recherche d&rsquo;un mobile combinant musique, lumi\u00e8res et projecteur dans une solution compl\u00e8te pour le coucher.<\/p>\n<p>\u2022 Mobile pour berceau fonctionnant sur piles<br \/>\n\u2022 Jouets suspendus en peluche toute douce<br \/>\n\u2022 Mouvement rotatif tout en douceur<br \/>\n\u2022 Musique apaisante et bruit blanc<br \/>\n\u2022 Veilleuse pour cr\u00e9er une ambiance rassurante<br \/>\n\u2022 Projecteur d&rsquo;images int\u00e9gr\u00e9<br \/>\n\u2022 T\u00e9l\u00e9commande incluse<br \/>\n\u2022 Id\u00e9al pour les siestes et le coucher<\/p>\n<p data-start=\"457\" data-end=\"850\" data-is-last-node=\"\" data-is-only-node=\"\">\n<\/div>\n<\/div>\n<\/div>\n<\/div>\n","protected":false},"excerpt":{"rendered":"<p>Cr\u00e9ez une routine du coucher apaisante et r\u00e9confortante gr\u00e2ce au mobile pour b\u00e9b\u00e9 Tropicana Music &amp; Light.<br \/>\nCe mobile pour lit de b\u00e9b\u00e9 combine des peluches douces, un mouvement rotatif tout en douceur, une musique apaisante, du bruit blanc, une veilleuse et un projecteur d&rsquo;images pour d\u00e9tendre et divertir votre tout-petit.<br \/>\nFacile \u00e0 commander gr\u00e2ce \u00e0 la t\u00e9l\u00e9commande fournie.<\/p>\n","protected":false},"featured_media":84105,"comment_status":"open","ping_status":"closed","template":"","meta":{"_lmt_disableupdate":"","_lmt_disable":""},"product_brand":[],"product_cat":[496,498,615,616,445,527],"product_tag":[1375,1379,1380,1376,1377,1378,1381],"woo-feed-brand":[],"class_list":{"0":"post-84159","1":"product","2":"type-product","3":"status-publish","4":"has-post-thumbnail","6":"product_cat-des-jouets-colores","7":"product_cat-jouets-a-suspendre","8":"product_cat-jouets-dactivite","9":"product_cat-jouets-musicaux","10":"product_cat-playtime-fr","11":"product_cat-sommeil","12":"product_tag-bebe-mobile","13":"product_tag-bruit-blanc-bebe","14":"product_tag-mobile-de-chambre-denfant","15":"product_tag-mobile-pour-lit-de-bebe","16":"product_tag-musique-sur-mobile","17":"product_tag-projecteur-de-bebe","18":"product_tag-veilleuse-bebe","20":"first","21":"instock","22":"taxable","23":"shipping-taxable","24":"purchasable","25":"product-type-simple"},"_links":{"self":[{"href":"https:\/\/www.bojungle.eu\/fr\/wp-json\/wp\/v2\/product\/84159","targetHints":{"allow":["GET"]}}],"collection":[{"href":"https:\/\/www.bojungle.eu\/fr\/wp-json\/wp\/v2\/product"}],"about":[{"href":"https:\/\/www.bojungle.eu\/fr\/wp-json\/wp\/v2\/types\/product"}],"replies":[{"embeddable":true,"href":"https:\/\/www.bojungle.eu\/fr\/wp-json\/wp\/v2\/comments?post=84159"}],"version-history":[{"count":2,"href":"https:\/\/www.bojungle.eu\/fr\/wp-json\/wp\/v2\/product\/84159\/revisions"}],"predecessor-version":[{"id":85513,"href":"https:\/\/www.bojungle.eu\/fr\/wp-json\/wp\/v2\/product\/84159\/revisions\/85513"}],"wp:featuredmedia":[{"embeddable":true,"href":"https:\/\/www.bojungle.eu\/fr\/wp-json\/wp\/v2\/media\/84105"}],"wp:attachment":[{"href":"https:\/\/www.bojungle.eu\/fr\/wp-json\/wp\/v2\/media?parent=84159"}],"wp:term":[{"taxonomy":"product_brand","embeddable":true,"href":"https:\/\/www.bojungle.eu\/fr\/wp-json\/wp\/v2\/product_brand?post=84159"},{"taxonomy":"product_cat","embeddable":true,"href":"https:\/\/www.bojungle.eu\/fr\/wp-json\/wp\/v2\/product_cat?post=84159"},{"taxonomy":"product_tag","embeddable":true,"href":"https:\/\/www.bojungle.eu\/fr\/wp-json\/wp\/v2\/product_tag?post=84159"},{"taxonomy":"woo-feed-brand","embeddable":true,"href":"https:\/\/www.bojungle.eu\/fr\/wp-json\/wp\/v2\/woo-feed-brand?post=84159"}],"curies":[{"name":"wp","href":"https:\/\/api.w.org\/{rel}","templated":true}]}}