{"id":84256,"date":"2026-01-15T13:42:10","date_gmt":"2026-01-15T12:42:10","guid":{"rendered":"https:\/\/www.bojungle.eu\/product\/dune-a-siege-de-bain-5m\/"},"modified":"2026-01-15T13:43:38","modified_gmt":"2026-01-15T12:43:38","slug":"dune-a-siege-de-bain-5m","status":"publish","type":"product","link":"https:\/\/www.bojungle.eu\/fr\/produit\/dune-a-siege-de-bain-5m\/","title":{"rendered":"Dune \u00e0 si\u00e8ge de bain (5M+)"},"content":{"rendered":"<p><span class=\"a_GcMg font-feature-liga-off font-feature-clig-off font-feature-calt-off text-decoration-none text-strikethrough-none\">Notre si\u00e8ge de bain offre un plaisir suppl\u00e9mentaire dans l\u2019eau ! Gr\u00e2ce \u00e0 ses quatre ventouses puissantes, il est stable et s\u00fbr pour une utilisation dans le bain. De plus, il peut s\u2019ouvrir \u00e0 l\u2019avant, permettant \u00e0 votre enfant de s\u2019asseoir et de sortir facilement sans se blesser.  <\/span><\/p>\n<p>&nbsp;<\/p>\n<ul>\n<li><span class=\"a_GcMg font-feature-liga-off font-feature-clig-off font-feature-calt-off text-decoration-none text-strikethrough-none\">Dossier haut et accoudoir<\/span><\/li>\n<li><span class=\"a_GcMg font-feature-liga-off font-feature-clig-off font-feature-calt-off text-decoration-none text-strikethrough-none\">peut s\u2019ouvrir \u00e0 l\u2019avant<\/span><\/li>\n<li><span class=\"a_GcMg font-feature-liga-off font-feature-clig-off font-feature-calt-off text-decoration-none text-strikethrough-none\">3 jouets inclus<\/span><\/li>\n<\/ul>\n","protected":false},"excerpt":{"rendered":"<p><span class=\"a_GcMg font-feature-liga-off font-feature-clig-off font-feature-calt-off text-decoration-none text-strikethrough-none\">Notre si\u00e8ge de bain offre un plaisir suppl\u00e9mentaire dans l\u2019eau ! Gr\u00e2ce \u00e0 ses quatre ventouses puissantes, il est stable et s\u00fbr pour une utilisation dans le bain. De plus, il peut s\u2019ouvrir \u00e0 l\u2019avant, permettant \u00e0 votre enfant de s\u2019asseoir et de sortir facilement sans se blesser.  <\/span><\/p>\n","protected":false},"featured_media":84166,"comment_status":"open","ping_status":"closed","template":"","meta":{"_lmt_disableupdate":"","_lmt_disable":""},"product_brand":[],"product_cat":[580,510],"product_tag":[],"woo-feed-brand":[],"class_list":{"0":"post-84256","1":"product","2":"type-product","3":"status-publish","4":"has-post-thumbnail","6":"product_cat-bebe-dans-le-bain","7":"product_cat-soins","9":"first","10":"instock","11":"taxable","12":"shipping-taxable","13":"purchasable","14":"product-type-simple"},"_links":{"self":[{"href":"https:\/\/www.bojungle.eu\/fr\/wp-json\/wp\/v2\/product\/84256","targetHints":{"allow":["GET"]}}],"collection":[{"href":"https:\/\/www.bojungle.eu\/fr\/wp-json\/wp\/v2\/product"}],"about":[{"href":"https:\/\/www.bojungle.eu\/fr\/wp-json\/wp\/v2\/types\/product"}],"replies":[{"embeddable":true,"href":"https:\/\/www.bojungle.eu\/fr\/wp-json\/wp\/v2\/comments?post=84256"}],"version-history":[{"count":0,"href":"https:\/\/www.bojungle.eu\/fr\/wp-json\/wp\/v2\/product\/84256\/revisions"}],"wp:featuredmedia":[{"embeddable":true,"href":"https:\/\/www.bojungle.eu\/fr\/wp-json\/wp\/v2\/media\/84166"}],"wp:attachment":[{"href":"https:\/\/www.bojungle.eu\/fr\/wp-json\/wp\/v2\/media?parent=84256"}],"wp:term":[{"taxonomy":"product_brand","embeddable":true,"href":"https:\/\/www.bojungle.eu\/fr\/wp-json\/wp\/v2\/product_brand?post=84256"},{"taxonomy":"product_cat","embeddable":true,"href":"https:\/\/www.bojungle.eu\/fr\/wp-json\/wp\/v2\/product_cat?post=84256"},{"taxonomy":"product_tag","embeddable":true,"href":"https:\/\/www.bojungle.eu\/fr\/wp-json\/wp\/v2\/product_tag?post=84256"},{"taxonomy":"woo-feed-brand","embeddable":true,"href":"https:\/\/www.bojungle.eu\/fr\/wp-json\/wp\/v2\/woo-feed-brand?post=84256"}],"curies":[{"name":"wp","href":"https:\/\/api.w.org\/{rel}","templated":true}]}}