{"id":84545,"date":"2026-01-15T14:54:49","date_gmt":"2026-01-15T13:54:49","guid":{"rendered":"https:\/\/www.bojungle.eu\/product\/neige-douillette-mousse-a-memoire-de-forme\/"},"modified":"2026-01-15T14:58:08","modified_gmt":"2026-01-15T13:58:08","slug":"neige-douillette-mousse-a-memoire-de-forme","status":"publish","type":"product","link":"https:\/\/www.bojungle.eu\/fr\/produit\/neige-douillette-mousse-a-memoire-de-forme\/","title":{"rendered":"Neige douillette (mousse \u00e0 m\u00e9moire de forme)"},"content":{"rendered":"<p><span class=\"a_GcMg font-feature-liga-off font-feature-clig-off font-feature-calt-off text-decoration-none text-strikethrough-none\">Un oreiller ergonomique pour une belle t\u00eate ronde. Le B-Coiffeur peut \u00eatre utilis\u00e9 d\u00e8s la naissance et convient \u00e0 la phase o\u00f9 le b\u00e9b\u00e9 dort sur le dos. Fabriqu\u00e9 en coton doux et respirant.  <\/span><\/p>\n<ul>\n<li><span class=\"a_GcMg font-feature-liga-off font-feature-clig-off font-feature-calt-off text-decoration-none text-strikethrough-none\">Mousse \u00e0 m\u00e9moire de forme<\/span><\/li>\n<li><span class=\"a_GcMg font-feature-liga-off font-feature-clig-off font-feature-calt-off text-decoration-none text-strikethrough-none\">Coton doux et respirant<\/span><\/li>\n<li><span class=\"a_GcMg font-feature-liga-off font-feature-clig-off font-feature-calt-off text-decoration-none text-strikethrough-none\">Design mignon<\/span><\/li>\n<li><span class=\"a_GcMg font-feature-liga-off font-feature-clig-off font-feature-calt-off text-decoration-none text-strikethrough-none\">Lavable en machine \u00e0 30\u00b0C<\/span><\/li>\n<\/ul>\n","protected":false},"excerpt":{"rendered":"<p><span class=\"a_GcMg font-feature-liga-off font-feature-clig-off font-feature-calt-off text-decoration-none text-strikethrough-none\">Un oreiller ergonomique pour une belle t\u00eate ronde. Le B-Coiffeur peut \u00eatre utilis\u00e9 d\u00e8s la naissance et convient \u00e0 la phase o\u00f9 le b\u00e9b\u00e9 dort sur le dos. Fabriqu\u00e9 en coton doux et respirant.  <\/span><\/p>\n<p>&nbsp;<\/p>\n","protected":false},"featured_media":84515,"comment_status":"open","ping_status":"closed","template":"","meta":{"_lmt_disableupdate":"","_lmt_disable":""},"product_brand":[],"product_cat":[798,527],"product_tag":[],"woo-feed-brand":[],"class_list":{"0":"post-84545","1":"product","2":"type-product","3":"status-publish","4":"has-post-thumbnail","6":"product_cat-oreillers","7":"product_cat-sommeil","9":"first","10":"instock","11":"taxable","12":"shipping-taxable","13":"purchasable","14":"product-type-simple"},"_links":{"self":[{"href":"https:\/\/www.bojungle.eu\/fr\/wp-json\/wp\/v2\/product\/84545","targetHints":{"allow":["GET"]}}],"collection":[{"href":"https:\/\/www.bojungle.eu\/fr\/wp-json\/wp\/v2\/product"}],"about":[{"href":"https:\/\/www.bojungle.eu\/fr\/wp-json\/wp\/v2\/types\/product"}],"replies":[{"embeddable":true,"href":"https:\/\/www.bojungle.eu\/fr\/wp-json\/wp\/v2\/comments?post=84545"}],"version-history":[{"count":0,"href":"https:\/\/www.bojungle.eu\/fr\/wp-json\/wp\/v2\/product\/84545\/revisions"}],"wp:featuredmedia":[{"embeddable":true,"href":"https:\/\/www.bojungle.eu\/fr\/wp-json\/wp\/v2\/media\/84515"}],"wp:attachment":[{"href":"https:\/\/www.bojungle.eu\/fr\/wp-json\/wp\/v2\/media?parent=84545"}],"wp:term":[{"taxonomy":"product_brand","embeddable":true,"href":"https:\/\/www.bojungle.eu\/fr\/wp-json\/wp\/v2\/product_brand?post=84545"},{"taxonomy":"product_cat","embeddable":true,"href":"https:\/\/www.bojungle.eu\/fr\/wp-json\/wp\/v2\/product_cat?post=84545"},{"taxonomy":"product_tag","embeddable":true,"href":"https:\/\/www.bojungle.eu\/fr\/wp-json\/wp\/v2\/product_tag?post=84545"},{"taxonomy":"woo-feed-brand","embeddable":true,"href":"https:\/\/www.bojungle.eu\/fr\/wp-json\/wp\/v2\/woo-feed-brand?post=84545"}],"curies":[{"name":"wp","href":"https:\/\/api.w.org\/{rel}","templated":true}]}}