{"id":84800,"date":"2026-01-15T15:17:15","date_gmt":"2026-01-15T14:17:15","guid":{"rendered":"https:\/\/www.bojungle.eu\/product\/potty-bear-sage-green\/"},"modified":"2026-03-31T16:00:54","modified_gmt":"2026-03-31T14:00:54","slug":"potty-bear-sage-green","status":"publish","type":"product","link":"https:\/\/www.bojungle.eu\/fr\/produit\/potty-bear-sage-green\/","title":{"rendered":"Potty Bear Sage Green"},"content":{"rendered":"<p>Le Petit Pot Ourson Sage Green est con\u00e7u pour rendre l\u2019apprentissage de la propret\u00e9 plus facile, plus confortable et plus attrayant pour votre tout-petit.<\/p>\n<p>Avec son joli design inspir\u00e9 de l\u2019ours et sa douce couleur vert sauge, ce pot d\u2019apprentissage encourage les enfants \u00e0 faire leurs premiers pas vers l\u2019autonomie en mati\u00e8re de propret\u00e9, de mani\u00e8re ludique et rassurante.<\/p>\n<p>Le si\u00e8ge ergonomique et le dossier de soutien aident votre enfant \u00e0 s\u2019asseoir confortablement, tandis que la base stable offre davantage de confiance pendant l\u2019utilisation. Gr\u00e2ce au r\u00e9cipient int\u00e9rieur amovible, le nettoyage est rapide et facile, ce qui rend ce pot pratique pour une utilisation quotidienne \u00e0 la maison. <\/p>\n<p>Le Petit Pot Ourson Sage Green est un accessoire d\u2019apprentissage de la propret\u00e9 \u00e0 la fois \u00e9l\u00e9gant et fonctionnel, id\u00e9al pour les parents \u00e0 la recherche de confort, de praticit\u00e9 et d\u2019un design adapt\u00e9 aux enfants.<\/p>\n<p>\u2022 Design adapt\u00e9 aux enfants pour l\u2019apprentissage de la propret\u00e9<br \/>\n\u2022 Si\u00e8ge ergonomique confortable<br \/>\n\u2022 Dossier de soutien<br \/>\n\u2022 R\u00e9cipient int\u00e9rieur amovible pour un nettoyage facile<br \/>\n\u2022 Base stable pour une utilisation en toute confiance<br \/>\n\u2022 Id\u00e9al pour l\u2019apprentissage quotidien de la propret\u00e9<br \/>\n\u2022 \u00c9l\u00e9gante couleur vert sauge<\/p>\n","protected":false},"excerpt":{"rendered":"<p>Make potty training more comfortable and fun with the Potty Bear Sage Green.<br \/>\nThis child-friendly training potty features a comfortable backrest, a removable inner pot for easy cleaning and a stable design to help your little one feel safe and confident during every potty training step.<\/p>\n<p>&nbsp;<\/p>\n","protected":false},"featured_media":84750,"comment_status":"open","ping_status":"closed","template":"","meta":{"_lmt_disableupdate":"","_lmt_disable":""},"product_brand":[],"product_cat":[542,510],"product_tag":[1448,1453,1454,1450,1449,1451,1452],"woo-feed-brand":[],"class_list":{"0":"post-84800","1":"product","2":"type-product","3":"status-publish","4":"has-post-thumbnail","6":"product_cat-articles-de-toilette","7":"product_cat-soins","8":"product_tag-apprentissage-de-la-proprete","9":"product_tag-petit-pot-amovible","10":"product_tag-petit-pot-avec-dossier","11":"product_tag-petit-pot-ourson","12":"product_tag-petit-pot-pour-enfant","13":"product_tag-petit-pot-vert-sauge","14":"product_tag-pot-pour-tout-petit","16":"first","17":"instock","18":"taxable","19":"shipping-taxable","20":"purchasable","21":"product-type-simple"},"_links":{"self":[{"href":"https:\/\/www.bojungle.eu\/fr\/wp-json\/wp\/v2\/product\/84800","targetHints":{"allow":["GET"]}}],"collection":[{"href":"https:\/\/www.bojungle.eu\/fr\/wp-json\/wp\/v2\/product"}],"about":[{"href":"https:\/\/www.bojungle.eu\/fr\/wp-json\/wp\/v2\/types\/product"}],"replies":[{"embeddable":true,"href":"https:\/\/www.bojungle.eu\/fr\/wp-json\/wp\/v2\/comments?post=84800"}],"version-history":[{"count":1,"href":"https:\/\/www.bojungle.eu\/fr\/wp-json\/wp\/v2\/product\/84800\/revisions"}],"predecessor-version":[{"id":85383,"href":"https:\/\/www.bojungle.eu\/fr\/wp-json\/wp\/v2\/product\/84800\/revisions\/85383"}],"wp:featuredmedia":[{"embeddable":true,"href":"https:\/\/www.bojungle.eu\/fr\/wp-json\/wp\/v2\/media\/84750"}],"wp:attachment":[{"href":"https:\/\/www.bojungle.eu\/fr\/wp-json\/wp\/v2\/media?parent=84800"}],"wp:term":[{"taxonomy":"product_brand","embeddable":true,"href":"https:\/\/www.bojungle.eu\/fr\/wp-json\/wp\/v2\/product_brand?post=84800"},{"taxonomy":"product_cat","embeddable":true,"href":"https:\/\/www.bojungle.eu\/fr\/wp-json\/wp\/v2\/product_cat?post=84800"},{"taxonomy":"product_tag","embeddable":true,"href":"https:\/\/www.bojungle.eu\/fr\/wp-json\/wp\/v2\/product_tag?post=84800"},{"taxonomy":"woo-feed-brand","embeddable":true,"href":"https:\/\/www.bojungle.eu\/fr\/wp-json\/wp\/v2\/woo-feed-brand?post=84800"}],"curies":[{"name":"wp","href":"https:\/\/api.w.org\/{rel}","templated":true}]}}