{"id":84808,"date":"2026-01-15T15:13:17","date_gmt":"2026-01-15T14:13:17","guid":{"rendered":"https:\/\/www.bojungle.eu\/product\/nougat-dours-pot\/"},"modified":"2026-04-01T10:12:38","modified_gmt":"2026-04-01T08:12:38","slug":"nougat-dours-pot","status":"publish","type":"product","link":"https:\/\/www.bojungle.eu\/fr\/produit\/nougat-dours-pot\/","title":{"rendered":"Nougat d\u2019ours pot"},"content":{"rendered":"<p>Le nougat Potty Bear est con\u00e7u pour rendre l\u2019apprentissage de la propret\u00e9 plus facile, plus confortable et plus accueillant pour votre petit.<\/p>\n<p>Avec son design mignon inspir\u00e9 de l\u2019ours et sa couleur douce de nougat, ce pot d\u2019apprentissage encourage les enfants \u00e0 faire leurs premiers pas vers l\u2019apprentissage autonome de la toilette de mani\u00e8re ludique et rassurante.<\/p>\n<p>Le si\u00e8ge ergonomique et le dossier de soutien aident votre enfant \u00e0 s\u2019asseoir confortablement, tandis que la base stable offre davantage de confiance pendant l\u2019utilisation. Gr\u00e2ce au r\u00e9cipient int\u00e9rieur amovible, le nettoyage est rapide et facile, ce qui rend ce pot pratique pour une utilisation quotidienne \u00e0 la maison. <\/p>\n<p>Le Potty Bear Nougat est un apprentissage de la propret\u00e9 \u00e9l\u00e9gant et fonctionnel, essentiel pour les parents recherchant confort, commodit\u00e9 et un design adapt\u00e9 aux enfants.<\/p>\n<p>\u2022 Conception adapt\u00e9e \u00e0 l\u2019apprentissage de la propret\u00e9 pour les enfants<br \/>\n\u2022 Si\u00e8ge ergonomique confortable<br \/>\n\u2022 Dossier de soutien<br \/>\n\u2022 Pot int\u00e9rieur amovible pour un nettoyage facile<br \/>\n\u2022 Base stable pour un usage s\u00fbr<br \/>\n\u2022 Id\u00e9al pour l\u2019apprentissage de la propret\u00e9 au quotidien<br \/>\n\u2022 Couleur style Nougat<\/p>\n","protected":false},"excerpt":{"rendered":"<p>Rendez l\u2019apprentissage de la propret\u00e9 plus confortable et amusant avec le Potty Bear Nougat.<br \/>\nCe pot d\u2019apprentissage adapt\u00e9 aux enfants dispose d\u2019un dossier confortable, d\u2019un pot int\u00e9rieur amovible pour un nettoyage facile et d\u2019un design stable pour aider votre petit \u00e0 se sentir en s\u00e9curit\u00e9 et confiant \u00e0 chaque \u00e9tape de l\u2019apprentissage de la propret\u00e9.<\/p>\n","protected":false},"featured_media":84698,"comment_status":"open","ping_status":"closed","template":"","meta":{"_lmt_disableupdate":"","_lmt_disable":""},"product_brand":[],"product_cat":[510,542],"product_tag":[1448,1576,1453,1454,1450,1449,1451,1452],"woo-feed-brand":[],"class_list":{"0":"post-84808","1":"product","2":"type-product","3":"status-publish","4":"has-post-thumbnail","6":"product_cat-soins","7":"product_cat-articles-de-toilette","8":"product_tag-apprentissage-de-la-proprete","9":"product_tag-apprentissage-de-la-proprete-2","10":"product_tag-petit-pot-amovible","11":"product_tag-petit-pot-avec-dossier","12":"product_tag-petit-pot-ourson","13":"product_tag-petit-pot-pour-enfant","14":"product_tag-petit-pot-vert-sauge","15":"product_tag-pot-pour-tout-petit","17":"first","18":"outofstock","19":"taxable","20":"shipping-taxable","21":"purchasable","22":"product-type-simple"},"_links":{"self":[{"href":"https:\/\/www.bojungle.eu\/fr\/wp-json\/wp\/v2\/product\/84808","targetHints":{"allow":["GET"]}}],"collection":[{"href":"https:\/\/www.bojungle.eu\/fr\/wp-json\/wp\/v2\/product"}],"about":[{"href":"https:\/\/www.bojungle.eu\/fr\/wp-json\/wp\/v2\/types\/product"}],"replies":[{"embeddable":true,"href":"https:\/\/www.bojungle.eu\/fr\/wp-json\/wp\/v2\/comments?post=84808"}],"version-history":[{"count":2,"href":"https:\/\/www.bojungle.eu\/fr\/wp-json\/wp\/v2\/product\/84808\/revisions"}],"predecessor-version":[{"id":85430,"href":"https:\/\/www.bojungle.eu\/fr\/wp-json\/wp\/v2\/product\/84808\/revisions\/85430"}],"wp:featuredmedia":[{"embeddable":true,"href":"https:\/\/www.bojungle.eu\/fr\/wp-json\/wp\/v2\/media\/84698"}],"wp:attachment":[{"href":"https:\/\/www.bojungle.eu\/fr\/wp-json\/wp\/v2\/media?parent=84808"}],"wp:term":[{"taxonomy":"product_brand","embeddable":true,"href":"https:\/\/www.bojungle.eu\/fr\/wp-json\/wp\/v2\/product_brand?post=84808"},{"taxonomy":"product_cat","embeddable":true,"href":"https:\/\/www.bojungle.eu\/fr\/wp-json\/wp\/v2\/product_cat?post=84808"},{"taxonomy":"product_tag","embeddable":true,"href":"https:\/\/www.bojungle.eu\/fr\/wp-json\/wp\/v2\/product_tag?post=84808"},{"taxonomy":"woo-feed-brand","embeddable":true,"href":"https:\/\/www.bojungle.eu\/fr\/wp-json\/wp\/v2\/woo-feed-brand?post=84808"}],"curies":[{"name":"wp","href":"https:\/\/api.w.org\/{rel}","templated":true}]}}