{"id":41713,"date":"2022-05-29T09:55:52","date_gmt":"2022-05-29T09:55:52","guid":{"rendered":"https:\/\/dev.authority.biz\/boj\/informativa-sulla-privacy\/"},"modified":"2023-02-06T12:30:14","modified_gmt":"2023-02-06T12:30:14","slug":"informativa-sulla-privacy","status":"publish","type":"page","link":"https:\/\/www.bojungle.eu\/it\/informativa-sulla-privacy\/","title":{"rendered":"Informativa sulla privacy"},"content":{"rendered":"\t\t<div data-elementor-type=\"wp-page\" data-elementor-id=\"41713\" class=\"elementor elementor-41713 elementor-3\" data-elementor-post-type=\"page\">\n\t\t\t\t\t\t<section class=\"elementor-section elementor-top-section elementor-element elementor-element-1711ebdd elementor-section-boxed elementor-section-height-default elementor-section-height-default rael-particle-no\" data-id=\"1711ebdd\" data-element_type=\"section\" data-e-type=\"section\" data-settings=\"{&quot;rae_animations_entrance&quot;:&quot;none&quot;}\">\n\t\t\t\t\t\t<div class=\"elementor-container elementor-column-gap-default\">\n\t\t\t\t\t<div class=\"elementor-column elementor-col-100 elementor-top-column elementor-element elementor-element-2999eab rael-particle-no\" data-id=\"2999eab\" data-element_type=\"column\" data-e-type=\"column\">\n\t\t\t<div class=\"elementor-widget-wrap elementor-element-populated\">\n\t\t\t\t\t\t<div class=\"elementor-element elementor-element-48a44f04 elementor-widget elementor-widget-text-editor\" data-id=\"48a44f04\" data-element_type=\"widget\" data-e-type=\"widget\" data-widget_type=\"text-editor.default\">\n\t\t\t\t<div class=\"elementor-widget-container\">\n\t\t\t\t\t\t\t\t\t<p><\/p>\n<p id=\"tw-target-text\" class=\"tw-data-text tw-text-large tw-ta\" dir=\"ltr\" data-placeholder=\"Vertaling\"><span class=\"Y2IQFc\" lang=\"en\">Bo Jungle, con sede a Brambroek 23b Geraadsbergen 9500, \u00e8 responsabile del trattamento dei dati personali come indicato nella presente informativa.  <\/span><\/p>\n<p class=\"tw-data-text tw-text-large tw-ta\" dir=\"ltr\" data-placeholder=\"Vertaling\"><span class=\"Y2IQFc\" lang=\"en\">Dati di contatto: http:\/\/www.bojungle.eu Brambroek 23b Geraadsbergen 9500 +32 54 24 03 31 Dati personali che trattiamo  <\/span><\/p>\n<p class=\"tw-data-text tw-text-large tw-ta\" dir=\"ltr\" data-placeholder=\"Vertaling\"><span class=\"Y2IQFc\" lang=\"en\">Bo Jungle tratta i vostri dati personali perch\u00e9 utilizzate i nostri servizi e\/o perch\u00e9 ce li fornite voi stessi. Di seguito troverete una panoramica dei dati personali che trattiamo:<\/span><\/p>\n<ol>\n<li class=\"tw-data-text tw-text-large tw-ta\" dir=\"ltr\" data-placeholder=\"Vertaling\"><span class=\"Y2IQFc\" lang=\"en\">Nome e cognome  <\/span><\/li>\n<li class=\"tw-data-text tw-text-large tw-ta\" dir=\"ltr\" data-placeholder=\"Vertaling\"><span class=\"Y2IQFc\" lang=\"en\">Il sesso  <\/span><\/li>\n<li class=\"tw-data-text tw-text-large tw-ta\" dir=\"ltr\" data-placeholder=\"Vertaling\"><span class=\"Y2IQFc\" lang=\"en\">Data di nascita  <\/span><\/li>\n<li class=\"tw-data-text tw-text-large tw-ta\" dir=\"ltr\" data-placeholder=\"Vertaling\"><span class=\"Y2IQFc\" lang=\"en\">Luogo di nascita  <\/span><\/li>\n<li class=\"tw-data-text tw-text-large tw-ta\" dir=\"ltr\" data-placeholder=\"Vertaling\"><span class=\"Y2IQFc\" lang=\"en\">Dati dell&#8217;indirizzo  <\/span><\/li>\n<li class=\"tw-data-text tw-text-large tw-ta\" dir=\"ltr\" data-placeholder=\"Vertaling\"><span class=\"Y2IQFc\" lang=\"en\">Numero di telefono  <\/span><\/li>\n<li class=\"tw-data-text tw-text-large tw-ta\" dir=\"ltr\" data-placeholder=\"Vertaling\"><span class=\"Y2IQFc\" lang=\"en\">Indirizzo e-mail  <\/span><\/li>\n<li class=\"tw-data-text tw-text-large tw-ta\" dir=\"ltr\" data-placeholder=\"Vertaling\"><span class=\"Y2IQFc\" lang=\"en\">Indirizzo IP  <\/span><\/li>\n<li class=\"tw-data-text tw-text-large tw-ta\" dir=\"ltr\" data-placeholder=\"Vertaling\"><span class=\"Y2IQFc\" lang=\"en\">Altri dati personali forniti attivamente dall&#8217;utente, ad esempio attraverso la creazione di un profilo su questo sito web, nella corrispondenza e al telefono  <\/span><\/li>\n<li class=\"tw-data-text tw-text-large tw-ta\" dir=\"ltr\" data-placeholder=\"Vertaling\"><span class=\"Y2IQFc\" lang=\"en\">Dati sulla posizione  <\/span><\/li>\n<li class=\"tw-data-text tw-text-large tw-ta\" dir=\"ltr\" data-placeholder=\"Vertaling\"><span class=\"Y2IQFc\" lang=\"en\">Informazioni sulle vostre attivit\u00e0 sul nostro sito web  <\/span><\/li>\n<li class=\"tw-data-text tw-text-large tw-ta\" dir=\"ltr\" data-placeholder=\"Vertaling\"><span class=\"Y2IQFc\" lang=\"en\">Dati sul vostro comportamento di navigazione su diversi siti web (ad esempio perch\u00e9 questa azienda fa parte di una rete pubblicitaria)  <\/span><\/li>\n<li class=\"tw-data-text tw-text-large tw-ta\" dir=\"ltr\" data-placeholder=\"Vertaling\"><span class=\"Y2IQFc\" lang=\"en\">Browser Internet e tipo di dispositivo<\/span><\/li>\n<\/ol>\n<p dir=\"ltr\" data-placeholder=\"Vertaling\"> <\/p>\n<p id=\"tw-target-text\" class=\"tw-data-text tw-text-large tw-ta\" dir=\"ltr\" data-placeholder=\"Vertaling\"><span class=\"Y2IQFc\" lang=\"en\">Dati personali particolari e\/o sensibili che trattiamo Il nostro sito e\/o servizio non intende raccogliere dati relativi a visitatori del sito che abbiano meno di 16 anni. A meno che non abbiano il permesso di un genitore o di un tutore. Tuttavia, non possiamo verificare se un visitatore ha pi\u00f9 di 16 anni. Consigliamo quindi ai genitori di partecipare alle attivit\u00e0 online dei propri figli, per evitare che vengano raccolti dati sui minori senza il consenso dei genitori. Se siete convinti che abbiamo raccolto informazioni personali su un minore senza questa autorizzazione, contattateci all&#8217;indirizzo marketing@bojungle.eu e provvederemo a cancellare queste informazioni. Per quali finalit\u00e0 e su quali basi trattiamo i dati personali Bo Jungle tratta i vostri dati personali per le seguenti finalit\u00e0:  <\/span><\/p>\n<ol>\n<li class=\"tw-data-text tw-text-large tw-ta\" dir=\"ltr\" data-placeholder=\"Vertaling\"><span class=\"Y2IQFc\" lang=\"en\">Invio della nostra newsletter e\/o brochure pubblicitaria  <\/span><\/li>\n<li class=\"tw-data-text tw-text-large tw-ta\" dir=\"ltr\" data-placeholder=\"Vertaling\"><span class=\"Y2IQFc\" lang=\"en\">informarvi sulle modifiche ai nostri servizi e prodotti  <\/span><\/li>\n<li class=\"tw-data-text tw-text-large tw-ta\" dir=\"ltr\" data-placeholder=\"Vertaling\"><span class=\"Y2IQFc\" lang=\"en\">Offrire all&#8217;utente la possibilit\u00e0 di creare un account  <\/span><\/li>\n<li class=\"tw-data-text tw-text-large tw-ta\" dir=\"ltr\" data-placeholder=\"Vertaling\"><span class=\"Y2IQFc\" lang=\"en\">Per consegnare all&#8217;utente beni e servizi  <\/span><\/li>\n<li class=\"tw-data-text tw-text-large tw-ta\" dir=\"ltr\" data-placeholder=\"Vertaling\"><span class=\"Y2IQFc\" lang=\"en\">Bo Jungle analizza il comportamento dell&#8217;utente sul sito web al fine di migliorare il sito stesso e di adattare l&#8217;offerta di prodotti e servizi alle sue preferenze.  <\/span><\/li>\n<li class=\"tw-data-text tw-text-large tw-ta\" dir=\"ltr\" data-placeholder=\"Vertaling\"><span class=\"Y2IQFc\" lang=\"en\">Bo Jungle tiene traccia del vostro comportamento di navigazione su vari siti web con cui adattiamo i nostri prodotti e servizi alle vostre esigenze.  <\/span><\/li>\n<li class=\"tw-data-text tw-text-large tw-ta\" dir=\"ltr\" data-placeholder=\"Vertaling\"><span class=\"Y2IQFc\" lang=\"en\">Bo Jungle tratta anche i dati personali se \u00e8 obbligata per legge a farlo, come ad esempio i dati necessari per la nostra dichiarazione dei redditi.<\/span><\/li>\n<\/ol>\n<p dir=\"ltr\" data-placeholder=\"Vertaling\"> <\/p>\n<p id=\"tw-target-text\" class=\"tw-data-text tw-text-large tw-ta\" dir=\"ltr\" data-placeholder=\"Vertaling\"><span class=\"Y2IQFc\" lang=\"en\">Processo decisionale automatizzato  <\/span><\/p>\n<p class=\"tw-data-text tw-text-large tw-ta\" dir=\"ltr\" data-placeholder=\"Vertaling\"><span class=\"Y2IQFc\" lang=\"en\">Bo Jungle prende  <\/span><span class=\"Y2IQFc\" lang=\"en\">#Decisioni di responsabilit\u00e0 basate su un trattamento automatizzato su questioni che possono avere conseguenze (significative) per le persone. Si tratta di decisioni prese da programmi o sistemi informatici, senza coinvolgere una persona (ad esempio un dipendente di Bo Jungle). Bo Jungle utilizza i seguenti programmi o sistemi informatici:  <\/span><\/p>\n<p class=\"tw-data-text tw-text-large tw-ta\" dir=\"ltr\" data-placeholder=\"Vertaling\"><span class=\"Y2IQFc\" lang=\"en\">#uso_spiegazione  <\/span><\/p>\n<p class=\"tw-data-text tw-text-large tw-ta\" dir=\"ltr\" data-placeholder=\"Vertaling\"><span class=\"Y2IQFc\" lang=\"en\">Per quanto tempo conserviamo i dati personali Bo Jungle non conserva i vostri dati personali pi\u00f9 a lungo di quanto sia strettamente necessario per realizzare gli scopi per cui i vostri dati sono stati raccolti. Utilizziamo i seguenti periodi di conservazione per le seguenti (categorie) di dati personali:  <\/span><\/p>\n<p class=\"tw-data-text tw-text-large tw-ta\" dir=\"ltr\" data-placeholder=\"Vertaling\"><span class=\"Y2IQFc\" lang=\"en\">#periodo_di_ritenzione  <\/span><\/p>\n<p class=\"tw-data-text tw-text-large tw-ta\" dir=\"ltr\" data-placeholder=\"Vertaling\"><span class=\"Y2IQFc\" lang=\"en\">Condivisione dei dati personali con terzi Bo Jungle non vende i vostri dati a terzi e li fornisce solo se ci\u00f2 \u00e8 necessario per l&#8217;esecuzione del nostro accordo con voi o per adempiere a un obbligo legale. Concludiamo un accordo di elaborazione con le societ\u00e0 che trattano i vostri dati per nostro conto per garantire lo stesso livello di sicurezza e riservatezza dei vostri dati. Bo Jungle rimane responsabile di queste operazioni di trattamento. I cookie, o tecniche simili, che utilizziamo Bo Jungle utilizza solo cookie tecnici e funzionali. E cookie analitici che non violano la vostra privacy. Un cookie \u00e8 un piccolo file di testo che viene memorizzato sul vostro computer, tablet o smartphone quando visitate per la prima volta questo sito web. I cookie che utilizziamo sono necessari per il funzionamento tecnico del sito web e per facilitarne l&#8217;utilizzo. Garantiscono il corretto funzionamento del sito web e, ad esempio, ricordano le impostazioni preferite dell&#8217;utente. Con questo possiamo anche ottimizzare il nostro sito web. \u00c8 possibile rinunciare ai cookie impostando il proprio browser Internet in modo che non li memorizzi pi\u00f9. Inoltre, \u00e8 possibile cancellare tutte le informazioni precedentemente memorizzate tramite le impostazioni del browser.<\/span><\/p>\n<p id=\"tw-target-text\" class=\"tw-data-text tw-text-large tw-ta\" dir=\"ltr\" data-placeholder=\"Vertaling\"><span class=\"Y2IQFc\" lang=\"en\">Visualizzare, modificare o cancellare i dati Avete il diritto di visualizzare, correggere o cancellare i vostri dati personali. Potete farlo voi stessi tramite le impostazioni personali del vostro account. Inoltre, avete il diritto di revocare il vostro consenso al trattamento dei dati o di opporvi al trattamento dei vostri dati personali da parte della nostra azienda e avete il diritto alla portabilit\u00e0 dei dati. Ci\u00f2 significa che potete richiederci di inviare i dati personali che vi riguardano in un file informatico a voi o a un&#8217;altra organizzazione da voi indicata. Se si desidera esercitare il diritto di opposizione e\/o il diritto alla portabilit\u00e0 dei dati o se si hanno altre domande\/commenti sul trattamento dei dati, si prega di inviare una richiesta specifica a marketing@bojungle.eu. Per garantire che la richiesta di accesso sia stata presentata da voi, vi chiediamo di allegare alla richiesta una copia del vostro documento di identit\u00e0. In questa copia, fate apparire in nero la foto del passaporto, la MRZ (zona a lettura ottica, la striscia con i numeri nella parte inferiore del passaporto), il numero del passaporto e il Citizen Service Number (BSN). Questo per proteggere la vostra privacy. Bo Jungle risponder\u00e0 alla vostra richiesta il prima possibile, e comunque entro quattro settimane. Bo Jungle desidera inoltre sottolineare che l&#8217;utente ha la possibilit\u00e0 di presentare un reclamo all&#8217;autorit\u00e0 di controllo nazionale, l&#8217;Autorit\u00e0 olandese per la protezione dei dati. \u00c8 possibile farlo tramite il seguente link: https:\/\/autoriteitpersoonsgegevens.nl\/nl\/contact-met-de-autoriteit-persoonsgegevens\/tip-ons Come proteggiamo i dati personali Bo Jungle prende sul serio la protezione dei vostri dati e adotta misure adeguate per prevenire l&#8217;uso improprio, la perdita, l&#8217;accesso non autorizzato, la divulgazione indesiderata e la modifica non autorizzata. Se avete l&#8217;impressione che i vostri dati non siano adeguatamente protetti o se ci sono indizi di un uso improprio, vi preghiamo di contattare il nostro servizio clienti o tramite marketing@bojungle.eu.<\/span><\/p>\n<p><\/p>\t\t\t\t\t\t\t\t<\/div>\n\t\t\t\t<\/div>\n\t\t\t\t\t<\/div>\n\t\t<\/div>\n\t\t\t\t\t<\/div>\n\t\t<\/section>\n\t\t\t\t<\/div>\n\t\t","protected":false},"excerpt":{"rendered":"<p>Bo Jungle, con sede a Brambroek 23b Geraadsbergen 9500, \u00e8 responsabile del trattamento dei dati personali come indicato nella presente informativa. Dati di contatto: http:\/\/www.bojungle.eu Brambroek 23b Geraadsbergen 9500 +32 54 24 03 31 Dati personali che trattiamo Bo Jungle tratta i vostri dati personali perch\u00e9 utilizzate i nostri servizi e\/o perch\u00e9 ce li fornite [&hellip;]<\/p>\n","protected":false},"author":6,"featured_media":0,"parent":0,"menu_order":0,"comment_status":"closed","ping_status":"closed","template":"elementor_theme","meta":{"_lmt_disableupdate":"","_lmt_disable":"","footnotes":""},"categories":[],"tags":[],"class_list":["post-41713","page","type-page","status-publish","hentry"],"_links":{"self":[{"href":"https:\/\/www.bojungle.eu\/it\/wp-json\/wp\/v2\/pages\/41713","targetHints":{"allow":["GET"]}}],"collection":[{"href":"https:\/\/www.bojungle.eu\/it\/wp-json\/wp\/v2\/pages"}],"about":[{"href":"https:\/\/www.bojungle.eu\/it\/wp-json\/wp\/v2\/types\/page"}],"author":[{"embeddable":true,"href":"https:\/\/www.bojungle.eu\/it\/wp-json\/wp\/v2\/users\/6"}],"replies":[{"embeddable":true,"href":"https:\/\/www.bojungle.eu\/it\/wp-json\/wp\/v2\/comments?post=41713"}],"version-history":[{"count":3,"href":"https:\/\/www.bojungle.eu\/it\/wp-json\/wp\/v2\/pages\/41713\/revisions"}],"predecessor-version":[{"id":41723,"href":"https:\/\/www.bojungle.eu\/it\/wp-json\/wp\/v2\/pages\/41713\/revisions\/41723"}],"wp:attachment":[{"href":"https:\/\/www.bojungle.eu\/it\/wp-json\/wp\/v2\/media?parent=41713"}],"wp:term":[{"taxonomy":"category","embeddable":true,"href":"https:\/\/www.bojungle.eu\/it\/wp-json\/wp\/v2\/categories?post=41713"},{"taxonomy":"post_tag","embeddable":true,"href":"https:\/\/www.bojungle.eu\/it\/wp-json\/wp\/v2\/tags?post=41713"}],"curies":[{"name":"wp","href":"https:\/\/api.w.org\/{rel}","templated":true}]}}