{"id":64758,"date":"2020-08-19T07:40:26","date_gmt":"2020-08-19T05:40:26","guid":{"rendered":"https:\/\/www.bojungle.eu\/faq\/"},"modified":"2024-01-23T11:17:44","modified_gmt":"2024-01-23T10:17:44","slug":"faq","status":"publish","type":"page","link":"https:\/\/www.bojungle.eu\/it\/faq\/","title":{"rendered":"Faq"},"content":{"rendered":"\t\t<div data-elementor-type=\"wp-page\" data-elementor-id=\"64758\" class=\"elementor elementor-64758 elementor-14474\" data-elementor-post-type=\"page\">\n\t\t\t\t<div class=\"elementor-element elementor-element-223e7ce e-flex e-con-boxed rael-particle-no e-con e-parent\" data-id=\"223e7ce\" data-element_type=\"container\" data-e-type=\"container\" data-settings=\"{&quot;rae_animations_entrance&quot;:&quot;none&quot;}\">\n\t\t\t\t\t<div class=\"e-con-inner\">\n\t\t<div class=\"elementor-element elementor-element-534d81a e-con-full e-flex rael-particle-no e-con e-child\" data-id=\"534d81a\" data-element_type=\"container\" data-e-type=\"container\" data-settings=\"{&quot;rae_animations_entrance&quot;:&quot;none&quot;}\">\n\t\t\t\t<div class=\"elementor-element elementor-element-a5c7eab title-block-1 elementor-widget elementor-widget-heading\" data-id=\"a5c7eab\" data-element_type=\"widget\" data-e-type=\"widget\" data-widget_type=\"heading.default\">\n\t\t\t\t<div class=\"elementor-widget-container\">\n\t\t\t\t\t<h2 class=\"elementor-heading-title elementor-size-default\">Domande frequenti<\/h2>\t\t\t\t<\/div>\n\t\t\t\t<\/div>\n\t\t\t\t<\/div>\n\t\t\t\t\t<\/div>\n\t\t\t\t<\/div>\n\t\t<div class=\"elementor-element elementor-element-2b1cb52 e-flex e-con-boxed rael-particle-no e-con e-parent\" data-id=\"2b1cb52\" data-element_type=\"container\" data-e-type=\"container\" data-settings=\"{&quot;rae_animations_entrance&quot;:&quot;none&quot;}\">\n\t\t\t\t\t<div class=\"e-con-inner\">\n\t\t<div class=\"elementor-element elementor-element-f2c3de9 e-flex e-con-boxed rael-particle-no e-con e-child\" data-id=\"f2c3de9\" data-element_type=\"container\" data-e-type=\"container\" data-settings=\"{&quot;rae_animations_entrance&quot;:&quot;none&quot;}\">\n\t\t\t\t\t<div class=\"e-con-inner\">\n\t\t\t\t<div class=\"elementor-element elementor-element-b20a25a elementor-widget elementor-widget-toggle\" data-id=\"b20a25a\" data-element_type=\"widget\" data-e-type=\"widget\" data-widget_type=\"toggle.default\">\n\t\t\t\t<div class=\"elementor-widget-container\">\n\t\t\t\t\t\t\t<div class=\"elementor-toggle\">\n\t\t\t\t\t\t\t<div class=\"elementor-toggle-item\">\n\t\t\t\t\t<div id=\"elementor-tab-title-1861\" class=\"elementor-tab-title\" data-tab=\"1\" role=\"button\" aria-controls=\"elementor-tab-content-1861\" aria-expanded=\"false\">\n\t\t\t\t\t\t\t\t\t\t\t\t<span class=\"elementor-toggle-icon elementor-toggle-icon-left\" aria-hidden=\"true\">\n\t\t\t\t\t\t\t\t\t\t\t\t\t\t\t<span class=\"elementor-toggle-icon-closed\"><i class=\"fas fa-caret-right\"><\/i><\/span>\n\t\t\t\t\t\t\t\t<span class=\"elementor-toggle-icon-opened\"><i class=\"elementor-toggle-icon-opened fas fa-caret-up\"><\/i><\/span>\n\t\t\t\t\t\t\t\t\t\t\t\t\t<\/span>\n\t\t\t\t\t\t\t\t\t\t\t\t<a class=\"elementor-toggle-title\" tabindex=\"0\">Cosa rappresenta Bo Jungle?<\/a>\n\t\t\t\t\t<\/div>\n\n\t\t\t\t\t<div id=\"elementor-tab-content-1861\" class=\"elementor-tab-content elementor-clearfix\" data-tab=\"1\" role=\"region\" aria-labelledby=\"elementor-tab-title-1861\"><p style=\"border: 0px solid #d9d9e3; --tw-border-spacing-x: 0; --tw-border-spacing-y: 0; --tw-translate-x: 0; --tw-translate-y: 0; --tw-rotate: 0; --tw-skew-x: 0; --tw-skew-y: 0; --tw-scale-x: 1; --tw-scale-y: 1; --tw-scroll-snap-strictness: proximity; --tw-ring-offset-width: 0px; --tw-ring-offset-color: #fff; --tw-ring-color: rgba(69,89,164,.5); --tw-ring-offset-shadow: 0 0 transparent; --tw-ring-shadow: 0 0 transparent; --tw-shadow: 0 0 transparent; --tw-shadow-colored: 0 0 transparent; margin: 1.25em 0px; color: #374151; font-family: S\u00f6hne, ui-sans-serif, system-ui, -apple-system, 'Segoe UI', Roboto, Ubuntu, Cantarell, 'Noto Sans', sans-serif, 'Helvetica Neue', Arial, 'Apple Color Emoji', 'Segoe UI Emoji', 'Segoe UI Symbol', 'Noto Color Emoji'; letter-spacing: normal; white-space-collapse: preserve;\">Bo Jungle \u00e8 pi\u00f9 di un semplice marchio; \u00e8 un impegno a sostenere genitori e tutori nel gratificante viaggio di crescita dei loro piccoli. Originaria del Belgio, la nostra missione \u00e8 fornire assistenza completa in vari aspetti della genitorialit\u00e0, tra cui ristorazione, gite, assistenza, ricreazione, sonno, sicurezza e altro ancora. <\/p>\n<p style=\"border: 0px solid #d9d9e3; --tw-border-spacing-x: 0; --tw-border-spacing-y: 0; --tw-translate-x: 0; --tw-translate-y: 0; --tw-rotate: 0; --tw-skew-x: 0; --tw-skew-y: 0; --tw-scale-x: 1; --tw-scale-y: 1; --tw-scroll-snap-strictness: proximity; --tw-ring-offset-width: 0px; --tw-ring-offset-color: #fff; --tw-ring-color: rgba(69,89,164,.5); --tw-ring-offset-shadow: 0 0 transparent; --tw-ring-shadow: 0 0 transparent; --tw-shadow: 0 0 transparent; --tw-shadow-colored: 0 0 transparent; margin: 1.25em 0px 0px; color: #374151; font-family: S\u00f6hne, ui-sans-serif, system-ui, -apple-system, 'Segoe UI', Roboto, Ubuntu, Cantarell, 'Noto Sans', sans-serif, 'Helvetica Neue', Arial, 'Apple Color Emoji', 'Segoe UI Emoji', 'Segoe UI Symbol', 'Noto Color Emoji'; letter-spacing: normal; white-space-collapse: preserve;\">La nostra vasta gamma di prodotti convenienti \u00e8 pensata per migliorare la vita quotidiana di genitori e bambini. Con particolare attenzione al design accattivante, all&#8217;innovazione e, soprattutto, all&#8217;artigianato di alta qualit\u00e0, Bo Jungle si impegna a rendere l&#8217;esperienza genitoriale pi\u00f9 piacevole e appagante. Crediamo nella creazione di prodotti che non solo soddisfino le esigenze pratiche dei genitori, ma aggiungano anche un tocco di gioia e conforto alla vita dei pi\u00f9 piccoli che amiamo.  <\/p><\/p>\n<\/div>\n\t\t\t\t<\/div>\n\t\t\t\t\t\t\t<div class=\"elementor-toggle-item\">\n\t\t\t\t\t<div id=\"elementor-tab-title-1862\" class=\"elementor-tab-title\" data-tab=\"2\" role=\"button\" aria-controls=\"elementor-tab-content-1862\" aria-expanded=\"false\">\n\t\t\t\t\t\t\t\t\t\t\t\t<span class=\"elementor-toggle-icon elementor-toggle-icon-left\" aria-hidden=\"true\">\n\t\t\t\t\t\t\t\t\t\t\t\t\t\t\t<span class=\"elementor-toggle-icon-closed\"><i class=\"fas fa-caret-right\"><\/i><\/span>\n\t\t\t\t\t\t\t\t<span class=\"elementor-toggle-icon-opened\"><i class=\"elementor-toggle-icon-opened fas fa-caret-up\"><\/i><\/span>\n\t\t\t\t\t\t\t\t\t\t\t\t\t<\/span>\n\t\t\t\t\t\t\t\t\t\t\t\t<a class=\"elementor-toggle-title\" tabindex=\"0\">Cosa succede se ho un reclamo su un prodotto Bo Jungle?<\/a>\n\t\t\t\t\t<\/div>\n\n\t\t\t\t\t<div id=\"elementor-tab-content-1862\" class=\"elementor-tab-content elementor-clearfix\" data-tab=\"2\" role=\"region\" aria-labelledby=\"elementor-tab-title-1862\"><p>Se il prodotto \u00e8 difettoso, contatta il negozio in cui hai effettuato l&#8217;acquisto presentando la prova d&#8217;acquisto. Saranno in grado di assisterti ulteriormente. <br \/>Se si tratta di altro, potete sempre inviarci un messaggio tramite la pagina<a href=\"https:\/\/www.bojungle.eu\/it\/contatto\/\">&#8220;contatti<\/a>&#8220;.<\/p><\/p>\n<\/div>\n\t\t\t\t<\/div>\n\t\t\t\t\t\t\t<div class=\"elementor-toggle-item\">\n\t\t\t\t\t<div id=\"elementor-tab-title-1863\" class=\"elementor-tab-title\" data-tab=\"3\" role=\"button\" aria-controls=\"elementor-tab-content-1863\" aria-expanded=\"false\">\n\t\t\t\t\t\t\t\t\t\t\t\t<span class=\"elementor-toggle-icon elementor-toggle-icon-left\" aria-hidden=\"true\">\n\t\t\t\t\t\t\t\t\t\t\t\t\t\t\t<span class=\"elementor-toggle-icon-closed\"><i class=\"fas fa-caret-right\"><\/i><\/span>\n\t\t\t\t\t\t\t\t<span class=\"elementor-toggle-icon-opened\"><i class=\"elementor-toggle-icon-opened fas fa-caret-up\"><\/i><\/span>\n\t\t\t\t\t\t\t\t\t\t\t\t\t<\/span>\n\t\t\t\t\t\t\t\t\t\t\t\t<a class=\"elementor-toggle-title\" tabindex=\"0\">Quale servizio di spedizione utilizza Bo Jungle?<\/a>\n\t\t\t\t\t<\/div>\n\n\t\t\t\t\t<div id=\"elementor-tab-content-1863\" class=\"elementor-tab-content elementor-clearfix\" data-tab=\"3\" role=\"region\" aria-labelledby=\"elementor-tab-title-1863\"><p>\n            <span style=\"color: #374151; font-family: S\u00f6hne, ui-sans-serif, system-ui, -apple-system, 'Segoe UI', Roboto, Ubuntu, Cantarell, 'Noto Sans', sans-serif, 'Helvetica Neue', Arial, 'Apple Color Emoji', 'Segoe UI Emoji', 'Segoe UI Symbol', 'Noto Color Emoji'; letter-spacing: normal; white-space-collapse: preserve;\">Bo Jungle utilizza il servizio di spedizione DPD.<\/span>\n          <\/p>\n<\/div>\n\t\t\t\t<\/div>\n\t\t\t\t\t\t\t<div class=\"elementor-toggle-item\">\n\t\t\t\t\t<div id=\"elementor-tab-title-1864\" class=\"elementor-tab-title\" data-tab=\"4\" role=\"button\" aria-controls=\"elementor-tab-content-1864\" aria-expanded=\"false\">\n\t\t\t\t\t\t\t\t\t\t\t\t<span class=\"elementor-toggle-icon elementor-toggle-icon-left\" aria-hidden=\"true\">\n\t\t\t\t\t\t\t\t\t\t\t\t\t\t\t<span class=\"elementor-toggle-icon-closed\"><i class=\"fas fa-caret-right\"><\/i><\/span>\n\t\t\t\t\t\t\t\t<span class=\"elementor-toggle-icon-opened\"><i class=\"elementor-toggle-icon-opened fas fa-caret-up\"><\/i><\/span>\n\t\t\t\t\t\t\t\t\t\t\t\t\t<\/span>\n\t\t\t\t\t\t\t\t\t\t\t\t<a class=\"elementor-toggle-title\" tabindex=\"0\">A quale importo gli articoli hanno diritto alla spedizione gratuita?<\/a>\n\t\t\t\t\t<\/div>\n\n\t\t\t\t\t<div id=\"elementor-tab-content-1864\" class=\"elementor-tab-content elementor-clearfix\" data-tab=\"4\" role=\"region\" aria-labelledby=\"elementor-tab-title-1864\"><p>\n            <span style=\"color: #374151; font-family: S\u00f6hne, ui-sans-serif, system-ui, -apple-system, 'Segoe UI', Roboto, Ubuntu, Cantarell, 'Noto Sans', sans-serif, 'Helvetica Neue', Arial, 'Apple Color Emoji', 'Segoe UI Emoji', 'Segoe UI Symbol', 'Noto Color Emoji'; letter-spacing: normal; white-space-collapse: preserve;\">Gli articoli hanno diritto alla spedizione gratuita per ordini di importo pari o superiore a \u20ac 40.<\/span>\n          <\/p>\n<\/div>\n\t\t\t\t<\/div>\n\t\t\t\t\t\t\t<div class=\"elementor-toggle-item\">\n\t\t\t\t\t<div id=\"elementor-tab-title-1865\" class=\"elementor-tab-title\" data-tab=\"5\" role=\"button\" aria-controls=\"elementor-tab-content-1865\" aria-expanded=\"false\">\n\t\t\t\t\t\t\t\t\t\t\t\t<span class=\"elementor-toggle-icon elementor-toggle-icon-left\" aria-hidden=\"true\">\n\t\t\t\t\t\t\t\t\t\t\t\t\t\t\t<span class=\"elementor-toggle-icon-closed\"><i class=\"fas fa-caret-right\"><\/i><\/span>\n\t\t\t\t\t\t\t\t<span class=\"elementor-toggle-icon-opened\"><i class=\"elementor-toggle-icon-opened fas fa-caret-up\"><\/i><\/span>\n\t\t\t\t\t\t\t\t\t\t\t\t\t<\/span>\n\t\t\t\t\t\t\t\t\t\t\t\t<a class=\"elementor-toggle-title\" tabindex=\"0\">Cosa indica la funzione \"Store locator\"?<\/a>\n\t\t\t\t\t<\/div>\n\n\t\t\t\t\t<div id=\"elementor-tab-content-1865\" class=\"elementor-tab-content elementor-clearfix\" data-tab=\"5\" role=\"region\" aria-labelledby=\"elementor-tab-title-1865\"><p>Il localizzatore di negozi ti aiuta a trovare negozi fisici che vendono prodotti Bo Jungle. Tuttavia, tieni presente che ci\u00f2 non garantisce che tutti i prodotti siano disponibili in tutti i negozi elencati. <\/p>\n<\/div>\n\t\t\t\t<\/div>\n\t\t\t\t\t\t\t<div class=\"elementor-toggle-item\">\n\t\t\t\t\t<div id=\"elementor-tab-title-1866\" class=\"elementor-tab-title\" data-tab=\"6\" role=\"button\" aria-controls=\"elementor-tab-content-1866\" aria-expanded=\"false\">\n\t\t\t\t\t\t\t\t\t\t\t\t<span class=\"elementor-toggle-icon elementor-toggle-icon-left\" aria-hidden=\"true\">\n\t\t\t\t\t\t\t\t\t\t\t\t\t\t\t<span class=\"elementor-toggle-icon-closed\"><i class=\"fas fa-caret-right\"><\/i><\/span>\n\t\t\t\t\t\t\t\t<span class=\"elementor-toggle-icon-opened\"><i class=\"elementor-toggle-icon-opened fas fa-caret-up\"><\/i><\/span>\n\t\t\t\t\t\t\t\t\t\t\t\t\t<\/span>\n\t\t\t\t\t\t\t\t\t\t\t\t<a class=\"elementor-toggle-title\" tabindex=\"0\">Bo Jungle ha un proprio negozio fisico?<\/a>\n\t\t\t\t\t<\/div>\n\n\t\t\t\t\t<div id=\"elementor-tab-content-1866\" class=\"elementor-tab-content elementor-clearfix\" data-tab=\"6\" role=\"region\" aria-labelledby=\"elementor-tab-title-1866\"><p>No, Bo Jungle opera esclusivamente attraverso la vendita online e non dispone di negozi fisici. Puoi comunque trovare i prodotti Bo Jungle in vari negozi fisici. Utilizza il nostro localizzatore di negozi per scoprire quali negozi vendono articoli Bo Jungle. Tieni presente che non tutti i prodotti potrebbero essere disponibili in tutti i negozi elencati.   <\/p>\n<\/div>\n\t\t\t\t<\/div>\n\t\t\t\t\t\t\t<div class=\"elementor-toggle-item\">\n\t\t\t\t\t<div id=\"elementor-tab-title-1867\" class=\"elementor-tab-title\" data-tab=\"7\" role=\"button\" aria-controls=\"elementor-tab-content-1867\" aria-expanded=\"false\">\n\t\t\t\t\t\t\t\t\t\t\t\t<span class=\"elementor-toggle-icon elementor-toggle-icon-left\" aria-hidden=\"true\">\n\t\t\t\t\t\t\t\t\t\t\t\t\t\t\t<span class=\"elementor-toggle-icon-closed\"><i class=\"fas fa-caret-right\"><\/i><\/span>\n\t\t\t\t\t\t\t\t<span class=\"elementor-toggle-icon-opened\"><i class=\"elementor-toggle-icon-opened fas fa-caret-up\"><\/i><\/span>\n\t\t\t\t\t\t\t\t\t\t\t\t\t<\/span>\n\t\t\t\t\t\t\t\t\t\t\t\t<a class=\"elementor-toggle-title\" tabindex=\"0\">Sto cercando un pezzo di ricambio, come posso trovarlo?<\/a>\n\t\t\t\t\t<\/div>\n\n\t\t\t\t\t<div id=\"elementor-tab-content-1867\" class=\"elementor-tab-content elementor-clearfix\" data-tab=\"7\" role=\"region\" aria-labelledby=\"elementor-tab-title-1867\"><p>Per domande sui pezzi di ricambio, \u00e8 possibile inviare un&#8217;e-mail a <a target=\"_new\">office@bojungle.eu<\/a> per verificare se \u00e8 possibile fornire assistenza. Tieni presente che i pezzi di ricambio potrebbero non essere sempre disponibili.<\/p>\n<\/div>\n\t\t\t\t<\/div>\n\t\t\t\t\t\t\t<div class=\"elementor-toggle-item\">\n\t\t\t\t\t<div id=\"elementor-tab-title-1868\" class=\"elementor-tab-title\" data-tab=\"8\" role=\"button\" aria-controls=\"elementor-tab-content-1868\" aria-expanded=\"false\">\n\t\t\t\t\t\t\t\t\t\t\t\t<span class=\"elementor-toggle-icon elementor-toggle-icon-left\" aria-hidden=\"true\">\n\t\t\t\t\t\t\t\t\t\t\t\t\t\t\t<span class=\"elementor-toggle-icon-closed\"><i class=\"fas fa-caret-right\"><\/i><\/span>\n\t\t\t\t\t\t\t\t<span class=\"elementor-toggle-icon-opened\"><i class=\"elementor-toggle-icon-opened fas fa-caret-up\"><\/i><\/span>\n\t\t\t\t\t\t\t\t\t\t\t\t\t<\/span>\n\t\t\t\t\t\t\t\t\t\t\t\t<a class=\"elementor-toggle-title\" tabindex=\"0\">Posso acquistare i prodotti Bo Jungle in un negozio fisico?<\/a>\n\t\t\t\t\t<\/div>\n\n\t\t\t\t\t<div id=\"elementor-tab-content-1868\" class=\"elementor-tab-content elementor-clearfix\" data-tab=\"8\" role=\"region\" aria-labelledby=\"elementor-tab-title-1868\"><p>Certamente! Utilizza il nostro localizzatore di negozi per trovare negozi che vendono prodotti Bo Jungle. Tuttavia, \u00e8 importante notare che non tutti i prodotti potrebbero essere disponibili in tutti i negozi elencati.  <\/p>\n<\/div>\n\t\t\t\t<\/div>\n\t\t\t\t\t\t\t<div class=\"elementor-toggle-item\">\n\t\t\t\t\t<div id=\"elementor-tab-title-1869\" class=\"elementor-tab-title\" data-tab=\"9\" role=\"button\" aria-controls=\"elementor-tab-content-1869\" aria-expanded=\"false\">\n\t\t\t\t\t\t\t\t\t\t\t\t<span class=\"elementor-toggle-icon elementor-toggle-icon-left\" aria-hidden=\"true\">\n\t\t\t\t\t\t\t\t\t\t\t\t\t\t\t<span class=\"elementor-toggle-icon-closed\"><i class=\"fas fa-caret-right\"><\/i><\/span>\n\t\t\t\t\t\t\t\t<span class=\"elementor-toggle-icon-opened\"><i class=\"elementor-toggle-icon-opened fas fa-caret-up\"><\/i><\/span>\n\t\t\t\t\t\t\t\t\t\t\t\t\t<\/span>\n\t\t\t\t\t\t\t\t\t\t\t\t<a class=\"elementor-toggle-title\" tabindex=\"0\">In quali paesi \u00e8 possibile acquistare Bo Jungle?<\/a>\n\t\t\t\t\t<\/div>\n\n\t\t\t\t\t<div id=\"elementor-tab-content-1869\" class=\"elementor-tab-content elementor-clearfix\" data-tab=\"9\" role=\"region\" aria-labelledby=\"elementor-tab-title-1869\"><p>I prodotti Bo Jungle sono disponibili in pi\u00f9 paesi; tuttavia, questo sito Web attualmente facilita le consegne solo nel Benelux e in Francia. Per i clienti di altri paesi, tra cui Repubblica Ceca, Polonia, Spagna, Malta, Italia, Portogallo, Grecia, Germania, Sud Africa, Kazakistan, Kirghizistan, Albania e Bulgaria, consigliamo di contattarci direttamente. Contatta il nostro supporto clienti e saremo felici di aiutarti a trovare il negozio o il distributore pi\u00f9 vicino nel tuo paese per un comodo accesso ai prodotti Bo Jungle.  <\/p>\n<\/div>\n\t\t\t\t<\/div>\n\t\t\t\t\t\t\t\t\t\t<script type=\"application\/ld+json\">{\"@context\":\"https:\\\/\\\/schema.org\",\"@type\":\"FAQPage\",\"mainEntity\":[{\"@type\":\"Question\",\"name\":\"Cosa rappresenta Bo Jungle?\",\"acceptedAnswer\":{\"@type\":\"Answer\",\"text\":\"<p style=\\\"border: 0px solid #d9d9e3; --tw-border-spacing-x: 0; --tw-border-spacing-y: 0; --tw-translate-x: 0; --tw-translate-y: 0; --tw-rotate: 0; --tw-skew-x: 0; --tw-skew-y: 0; --tw-scale-x: 1; --tw-scale-y: 1; --tw-scroll-snap-strictness: proximity; --tw-ring-offset-width: 0px; --tw-ring-offset-color: #fff; --tw-ring-color: rgba(69,89,164,.5); --tw-ring-offset-shadow: 0 0 transparent; --tw-ring-shadow: 0 0 transparent; --tw-shadow: 0 0 transparent; --tw-shadow-colored: 0 0 transparent; margin: 1.25em 0px; color: #374151; font-family: S\\u00f6hne, ui-sans-serif, system-ui, -apple-system, 'Segoe UI', Roboto, Ubuntu, Cantarell, 'Noto Sans', sans-serif, 'Helvetica Neue', Arial, 'Apple Color Emoji', 'Segoe UI Emoji', 'Segoe UI Symbol', 'Noto Color Emoji'; letter-spacing: normal; white-space-collapse: preserve;\\\">Bo Jungle \\u00e8 pi\\u00f9 di un semplice marchio; \\u00e8 un impegno a sostenere genitori e tutori nel gratificante viaggio di crescita dei loro piccoli. Originaria del Belgio, la nostra missione \\u00e8 fornire assistenza completa in vari aspetti della genitorialit\\u00e0, tra cui ristorazione, gite, assistenza, ricreazione, sonno, sicurezza e altro ancora. <\\\/p>\\n<p style=\\\"border: 0px solid #d9d9e3; --tw-border-spacing-x: 0; --tw-border-spacing-y: 0; --tw-translate-x: 0; --tw-translate-y: 0; --tw-rotate: 0; --tw-skew-x: 0; --tw-skew-y: 0; --tw-scale-x: 1; --tw-scale-y: 1; --tw-scroll-snap-strictness: proximity; --tw-ring-offset-width: 0px; --tw-ring-offset-color: #fff; --tw-ring-color: rgba(69,89,164,.5); --tw-ring-offset-shadow: 0 0 transparent; --tw-ring-shadow: 0 0 transparent; --tw-shadow: 0 0 transparent; --tw-shadow-colored: 0 0 transparent; margin: 1.25em 0px 0px; color: #374151; font-family: S\\u00f6hne, ui-sans-serif, system-ui, -apple-system, 'Segoe UI', Roboto, Ubuntu, Cantarell, 'Noto Sans', sans-serif, 'Helvetica Neue', Arial, 'Apple Color Emoji', 'Segoe UI Emoji', 'Segoe UI Symbol', 'Noto Color Emoji'; letter-spacing: normal; white-space-collapse: preserve;\\\">La nostra vasta gamma di prodotti convenienti \\u00e8 pensata per migliorare la vita quotidiana di genitori e bambini. Con particolare attenzione al design accattivante, all&#8217;innovazione e, soprattutto, all&#8217;artigianato di alta qualit\\u00e0, Bo Jungle si impegna a rendere l&#8217;esperienza genitoriale pi\\u00f9 piacevole e appagante. Crediamo nella creazione di prodotti che non solo soddisfino le esigenze pratiche dei genitori, ma aggiungano anche un tocco di gioia e conforto alla vita dei pi\\u00f9 piccoli che amiamo.  <\\\/p><\\\/p>\\n\"}},{\"@type\":\"Question\",\"name\":\"Cosa succede se ho un reclamo su un prodotto Bo Jungle?\",\"acceptedAnswer\":{\"@type\":\"Answer\",\"text\":\"<p>Se il prodotto \\u00e8 difettoso, contatta il negozio in cui hai effettuato l&#8217;acquisto presentando la prova d&#8217;acquisto. Saranno in grado di assisterti ulteriormente. <br \\\/>Se si tratta di altro, potete sempre inviarci un messaggio tramite la pagina<a href=\\\"https:\\\/\\\/www.bojungle.eu\\\/it\\\/contatto\\\/\\\">&#8220;contatti<\\\/a>&#8220;.<\\\/p><\\\/p>\\n\"}},{\"@type\":\"Question\",\"name\":\"Quale servizio di spedizione utilizza Bo Jungle?\",\"acceptedAnswer\":{\"@type\":\"Answer\",\"text\":\"<p>\\n            <span style=\\\"color: #374151; font-family: S\\u00f6hne, ui-sans-serif, system-ui, -apple-system, 'Segoe UI', Roboto, Ubuntu, Cantarell, 'Noto Sans', sans-serif, 'Helvetica Neue', Arial, 'Apple Color Emoji', 'Segoe UI Emoji', 'Segoe UI Symbol', 'Noto Color Emoji'; letter-spacing: normal; white-space-collapse: preserve;\\\">Bo Jungle utilizza il servizio di spedizione DPD.<\\\/span>\\n          <\\\/p>\\n\"}},{\"@type\":\"Question\",\"name\":\"A quale importo gli articoli hanno diritto alla spedizione gratuita?\",\"acceptedAnswer\":{\"@type\":\"Answer\",\"text\":\"<p>\\n            <span style=\\\"color: #374151; font-family: S\\u00f6hne, ui-sans-serif, system-ui, -apple-system, 'Segoe UI', Roboto, Ubuntu, Cantarell, 'Noto Sans', sans-serif, 'Helvetica Neue', Arial, 'Apple Color Emoji', 'Segoe UI Emoji', 'Segoe UI Symbol', 'Noto Color Emoji'; letter-spacing: normal; white-space-collapse: preserve;\\\">Gli articoli hanno diritto alla spedizione gratuita per ordini di importo pari o superiore a \\u20ac 40.<\\\/span>\\n          <\\\/p>\\n\"}},{\"@type\":\"Question\",\"name\":\"Cosa indica la funzione \\\"Store locator\\\"?\",\"acceptedAnswer\":{\"@type\":\"Answer\",\"text\":\"<p>Il localizzatore di negozi ti aiuta a trovare negozi fisici che vendono prodotti Bo Jungle. Tuttavia, tieni presente che ci\\u00f2 non garantisce che tutti i prodotti siano disponibili in tutti i negozi elencati. <\\\/p>\\n\"}},{\"@type\":\"Question\",\"name\":\"Bo Jungle ha un proprio negozio fisico?\",\"acceptedAnswer\":{\"@type\":\"Answer\",\"text\":\"<p>No, Bo Jungle opera esclusivamente attraverso la vendita online e non dispone di negozi fisici. Puoi comunque trovare i prodotti Bo Jungle in vari negozi fisici. Utilizza il nostro localizzatore di negozi per scoprire quali negozi vendono articoli Bo Jungle. Tieni presente che non tutti i prodotti potrebbero essere disponibili in tutti i negozi elencati.   <\\\/p>\\n\"}},{\"@type\":\"Question\",\"name\":\"Sto cercando un pezzo di ricambio, come posso trovarlo?\",\"acceptedAnswer\":{\"@type\":\"Answer\",\"text\":\"<p>Per domande sui pezzi di ricambio, \\u00e8 possibile inviare un&#8217;e-mail a <a target=\\\"_new\\\">office@bojungle.eu<\\\/a> per verificare se \\u00e8 possibile fornire assistenza. Tieni presente che i pezzi di ricambio potrebbero non essere sempre disponibili.<\\\/p>\\n\"}},{\"@type\":\"Question\",\"name\":\"Posso acquistare i prodotti Bo Jungle in un negozio fisico?\",\"acceptedAnswer\":{\"@type\":\"Answer\",\"text\":\"<p>Certamente! Utilizza il nostro localizzatore di negozi per trovare negozi che vendono prodotti Bo Jungle. Tuttavia, \\u00e8 importante notare che non tutti i prodotti potrebbero essere disponibili in tutti i negozi elencati.  <\\\/p>\\n\"}},{\"@type\":\"Question\",\"name\":\"In quali paesi \\u00e8 possibile acquistare Bo Jungle?\",\"acceptedAnswer\":{\"@type\":\"Answer\",\"text\":\"<p>I prodotti Bo Jungle sono disponibili in pi\\u00f9 paesi; tuttavia, questo sito Web attualmente facilita le consegne solo nel Benelux e in Francia. Per i clienti di altri paesi, tra cui Repubblica Ceca, Polonia, Spagna, Malta, Italia, Portogallo, Grecia, Germania, Sud Africa, Kazakistan, Kirghizistan, Albania e Bulgaria, consigliamo di contattarci direttamente. Contatta il nostro supporto clienti e saremo felici di aiutarti a trovare il negozio o il distributore pi\\u00f9 vicino nel tuo paese per un comodo accesso ai prodotti Bo Jungle.  <\\\/p>\\n\"}}]}<\/script>\n\t\t\t\t\t<\/div>\n\t\t\t\t\t\t<\/div>\n\t\t\t\t<\/div>\n\t\t\t\t\t<\/div>\n\t\t\t\t<\/div>\n\t\t\t\t\t<\/div>\n\t\t\t\t<\/div>\n\t\t\t\t<\/div>\n\t\t","protected":false},"excerpt":{"rendered":"<p>Domande frequenti Cosa rappresenta Bo Jungle? Bo Jungle \u00e8 pi\u00f9 di un semplice marchio; \u00e8 un impegno a sostenere genitori e tutori nel gratificante viaggio di crescita dei loro piccoli. Originaria del Belgio, la nostra missione \u00e8 fornire assistenza completa in vari aspetti della genitorialit\u00e0, tra cui ristorazione, gite, assistenza, ricreazione, sonno, sicurezza e altro [&hellip;]<\/p>\n","protected":false},"author":6,"featured_media":0,"parent":0,"menu_order":0,"comment_status":"closed","ping_status":"closed","template":"elementor_header_footer","meta":{"_lmt_disableupdate":"","_lmt_disable":"","footnotes":""},"categories":[],"tags":[],"class_list":["post-64758","page","type-page","status-publish","hentry"],"_links":{"self":[{"href":"https:\/\/www.bojungle.eu\/it\/wp-json\/wp\/v2\/pages\/64758","targetHints":{"allow":["GET"]}}],"collection":[{"href":"https:\/\/www.bojungle.eu\/it\/wp-json\/wp\/v2\/pages"}],"about":[{"href":"https:\/\/www.bojungle.eu\/it\/wp-json\/wp\/v2\/types\/page"}],"author":[{"embeddable":true,"href":"https:\/\/www.bojungle.eu\/it\/wp-json\/wp\/v2\/users\/6"}],"replies":[{"embeddable":true,"href":"https:\/\/www.bojungle.eu\/it\/wp-json\/wp\/v2\/comments?post=64758"}],"version-history":[{"count":1,"href":"https:\/\/www.bojungle.eu\/it\/wp-json\/wp\/v2\/pages\/64758\/revisions"}],"predecessor-version":[{"id":64759,"href":"https:\/\/www.bojungle.eu\/it\/wp-json\/wp\/v2\/pages\/64758\/revisions\/64759"}],"wp:attachment":[{"href":"https:\/\/www.bojungle.eu\/it\/wp-json\/wp\/v2\/media?parent=64758"}],"wp:term":[{"taxonomy":"category","embeddable":true,"href":"https:\/\/www.bojungle.eu\/it\/wp-json\/wp\/v2\/categories?post=64758"},{"taxonomy":"post_tag","embeddable":true,"href":"https:\/\/www.bojungle.eu\/it\/wp-json\/wp\/v2\/tags?post=64758"}],"curies":[{"name":"wp","href":"https:\/\/api.w.org\/{rel}","templated":true}]}}