{"id":40105,"date":"2022-05-29T12:06:19","date_gmt":"2022-05-29T10:06:19","guid":{"rendered":"https:\/\/dev.authority.biz\/boj\/product\/b-set-di-stoviglie-biodegradabili-cpla-5-pezzi-terracotta\/"},"modified":"2024-12-05T13:36:22","modified_gmt":"2024-12-05T12:36:22","slug":"b-biodegradabile-cpla-posate-set-5pz-terracotta","status":"publish","type":"product","link":"https:\/\/www.bojungle.eu\/it\/prodotto\/b-biodegradabile-cpla-posate-set-5pz-terracotta\/","title":{"rendered":"Set di stoviglie CPLA eco-rispondenti 5 pezzi Terracotta"},"content":{"rendered":"<p>Migliora la tua esperienza a tavola con il nostro set di stoviglie CPLA eco-responsabile da 5 pezzi, progettato specificamente per i bambini. Questo set da 5 pezzi include un bicchiere, un piatto, posate e una ciotola: tutto ci\u00f2 di cui il tuo bambino ha bisogno per un&#8217;esperienza culinaria sicura e sostenibile. Realizzate in CPLA (acido polilattico cristallizzato), una forma di PLA pi\u00f9 forte e resistente al calore, queste stoviglie sono realizzate con risorse rinnovabili come mais, canna da zucchero, manioca e altre piante naturali. Il CPLA \u00e8 un&#8217;alternativa biodegradabile al 100% alla plastica tradizionale, che garantisce un prodotto senza petrolio, senza tossicit\u00e0 e senza metalli pesanti, sicuro ed ecosostenibile. Adatte al microonde e alla lavastoviglie (non adatte al forno), le nostre stoviglie per bambini CPLA combinano praticit\u00e0 e sostenibilit\u00e0, offrendo una scelta atossica, durevole ed ecologica per il tuo bambino. Passa a un futuro pi\u00f9 verde con questo set di stoviglie di alta qualit\u00e0, di origine naturale! <\/p>\n","protected":false},"excerpt":{"rendered":"<div class=\"flex max-w-full flex-col flex-grow\">\n<div class=\"min-h-8 text-message flex w-full flex-col items-end gap-2 whitespace-normal break-words text-start [.text-message+&amp;]:mt-5\" dir=\"auto\" data-message-author-role=\"assistant\" data-message-id=\"78eb40a4-57b3-45ff-9d68-8f3e746316e9\" data-message-model-slug=\"gpt-4o-mini\">\n<div class=\"flex w-full flex-col gap-1 empty:hidden first:pt-[3px]\">\n<div class=\"markdown prose w-full break-words dark:prose-invert light\">\n<p>Questo set di stoviglie Eco-Responsible CPLA da 5 pezzi include una tazza, un piatto, delle posate e una ciotola, tutti realizzati con materiali vegetali rinnovabili come mais e canna da zucchero. Robusto, resistente al calore e biodegradabile al 100%, il CPLA \u00e8 atossico e sicuro per i bambini. Adatto al microonde e alla lavastoviglie, questo set ecologico \u00e8 la scelta sostenibile perfetta per i pasti del tuo bambino.  <\/p>\n<\/div>\n<\/div>\n<\/div>\n<\/div>\n<div class=\"mb-2 flex gap-3 empty:hidden -ml-2\">\n<div class=\"items-center justify-start rounded-xl p-1 flex\">\n<div class=\"flex items-center\"><\/div>\n<\/div>\n<\/div>\n","protected":false},"featured_media":70294,"comment_status":"closed","ping_status":"closed","template":"","meta":{"_lmt_disableupdate":"","_lmt_disable":""},"product_brand":[],"product_cat":[428,564,563],"product_tag":[1123],"woo-feed-brand":[],"class_list":{"0":"post-40105","1":"product","2":"type-product","3":"status-publish","4":"has-post-thumbnail","6":"product_cat-cibo-e-bevande","7":"product_cat-gamma-cpla","8":"product_cat-ora-di-cena","9":"product_tag-mangiare","11":"first","12":"outofstock","13":"taxable","14":"shipping-taxable","15":"purchasable","16":"product-type-simple"},"_links":{"self":[{"href":"https:\/\/www.bojungle.eu\/it\/wp-json\/wp\/v2\/product\/40105","targetHints":{"allow":["GET"]}}],"collection":[{"href":"https:\/\/www.bojungle.eu\/it\/wp-json\/wp\/v2\/product"}],"about":[{"href":"https:\/\/www.bojungle.eu\/it\/wp-json\/wp\/v2\/types\/product"}],"replies":[{"embeddable":true,"href":"https:\/\/www.bojungle.eu\/it\/wp-json\/wp\/v2\/comments?post=40105"}],"version-history":[{"count":1,"href":"https:\/\/www.bojungle.eu\/it\/wp-json\/wp\/v2\/product\/40105\/revisions"}],"predecessor-version":[{"id":78587,"href":"https:\/\/www.bojungle.eu\/it\/wp-json\/wp\/v2\/product\/40105\/revisions\/78587"}],"wp:featuredmedia":[{"embeddable":true,"href":"https:\/\/www.bojungle.eu\/it\/wp-json\/wp\/v2\/media\/70294"}],"wp:attachment":[{"href":"https:\/\/www.bojungle.eu\/it\/wp-json\/wp\/v2\/media?parent=40105"}],"wp:term":[{"taxonomy":"product_brand","embeddable":true,"href":"https:\/\/www.bojungle.eu\/it\/wp-json\/wp\/v2\/product_brand?post=40105"},{"taxonomy":"product_cat","embeddable":true,"href":"https:\/\/www.bojungle.eu\/it\/wp-json\/wp\/v2\/product_cat?post=40105"},{"taxonomy":"product_tag","embeddable":true,"href":"https:\/\/www.bojungle.eu\/it\/wp-json\/wp\/v2\/product_tag?post=40105"},{"taxonomy":"woo-feed-brand","embeddable":true,"href":"https:\/\/www.bojungle.eu\/it\/wp-json\/wp\/v2\/woo-feed-brand?post=40105"}],"curies":[{"name":"wp","href":"https:\/\/api.w.org\/{rel}","templated":true}]}}