{"id":40603,"date":"2022-05-29T11:58:21","date_gmt":"2022-05-29T09:58:21","guid":{"rendered":"https:\/\/dev.authority.biz\/boj\/product\/organizzatore-per-tiralatte-b-thermo-grigio-scuro\/"},"modified":"2024-02-15T16:07:52","modified_gmt":"2024-02-15T15:07:52","slug":"b-thermo-breastpump-organizer-grigio-scuro","status":"publish","type":"product","link":"https:\/\/www.bojungle.eu\/it\/prodotto\/b-thermo-breastpump-organizer-grigio-scuro\/","title":{"rendered":"Organizzatore per tiralatte Thermo Grigio Scuro"},"content":{"rendered":"<ul>\n<li>Il Thermo Breastpump Organiser \u00e8 stato progettato per consentire alle mamme che allattano al seno di portare con s\u00e9 tutto il necessario quando, ad esempio, tornano al lavoro e vogliono continuare ad allattare. Quando il bambino smette di allattare, questa borsa discreta pu\u00f2 sempre essere utilizzata per viaggiare, ecc.<\/li>\n<li>Design discreto basato sulle ultime tendenze e in linea con gli altri prodotti<\/li>\n<li>Borsa termoisolata per conservare il latte materno (o in seguito i vasetti di alimenti per l&#8217;infanzia, ecc.) e mantenerlo fresco<\/li>\n<li>Due scomparti separati: quello superiore per il tiralatte, quello inferiore per i biberon, ecc.<\/li>\n<li>Spazio sufficiente per riporre un tiralatte, due biberon, alcuni cuscinetti per l&#8217;allattamento e altri piccoli oggetti.<\/li>\n<li>Tasche all&#8217;interno per tenere tutto a posto<\/li>\n<li>Dimensioni: H: 29 cm x P: 18 cm x L: 24 cm<\/li>\n<\/ul>\n","protected":false},"excerpt":{"rendered":"<p>Il nostro Thermo Breastpump Organiser in grigio scuro \u00e8 la soluzione essenziale per le mamme che allattano sempre in movimento. Realizzato all&#8217;insegna della praticit\u00e0 e della discrezione, questo organizer \u00e8 stato progettato per integrarsi perfettamente nel vostro stile di vita frenetico, conservando gli elementi essenziali per l&#8217;allattamento in modo ordinato e facilmente accessibile. Con un design discreto che si integra perfettamente con le ultime tendenze e con la nostra gamma di prodotti di alta qualit\u00e0, questo organizer assicura che possiate continuare il vostro viaggio di allattamento con sicurezza e stile. Che siate dirette in ufficio o in viaggio per il fine settimana, questa elegante borsa vi copre. Dotato di uno scomparto termoisolato, il nostro organizer mantiene la temperatura ottimale per il vostro latte materno o, pi\u00f9 tardi, per i vasetti di cibo per bambini, garantendo la freschezza ovunque andiate. Grazie ai due scomparti separati, potrete organizzare in modo efficiente i vostri oggetti essenziali. Lo scomparto superiore accoglie comodamente il tiralatte, mentre quello inferiore offre ampio spazio per riporre i biberon di latte e altre necessit\u00e0. Con spazio sufficiente per un tiralatte, due biberon, cuscinetti per l&#8217;allattamento e altri piccoli oggetti, tutto ci\u00f2 che serve \u00e8 a portata di mano. All&#8217;interno, le tasche strategicamente posizionate mantengono gli oggetti al sicuro e facilmente accessibili. Non dovrete pi\u00f9 cercare oggetti fuori posto: tutto rimarr\u00e0 al suo posto, permettendovi di concentrarvi sulla cura del vostro piccolo.<\/p>\n<p>Migliorate il vostro viaggio di allattamento con il nostro organizer per tiralatte Thermo in grigio scuro. Pratico, elegante e versatile, \u00e8 il compagno perfetto per ogni mamma che allatta in viaggio.<\/p>\n","protected":false},"featured_media":66305,"comment_status":"closed","ping_status":"closed","template":"","meta":{"_lmt_disableupdate":"","_lmt_disable":""},"product_brand":[],"product_cat":[626,625],"product_tag":[],"woo-feed-brand":[],"class_list":{"0":"post-40603","1":"product","2":"type-product","3":"status-publish","4":"has-post-thumbnail","6":"product_cat-accessori-per-esterni","7":"product_cat-allaperto","9":"first","10":"instock","11":"taxable","12":"shipping-taxable","13":"purchasable","14":"product-type-simple"},"_links":{"self":[{"href":"https:\/\/www.bojungle.eu\/it\/wp-json\/wp\/v2\/product\/40603","targetHints":{"allow":["GET"]}}],"collection":[{"href":"https:\/\/www.bojungle.eu\/it\/wp-json\/wp\/v2\/product"}],"about":[{"href":"https:\/\/www.bojungle.eu\/it\/wp-json\/wp\/v2\/types\/product"}],"replies":[{"embeddable":true,"href":"https:\/\/www.bojungle.eu\/it\/wp-json\/wp\/v2\/comments?post=40603"}],"version-history":[{"count":1,"href":"https:\/\/www.bojungle.eu\/it\/wp-json\/wp\/v2\/product\/40603\/revisions"}],"predecessor-version":[{"id":66398,"href":"https:\/\/www.bojungle.eu\/it\/wp-json\/wp\/v2\/product\/40603\/revisions\/66398"}],"wp:featuredmedia":[{"embeddable":true,"href":"https:\/\/www.bojungle.eu\/it\/wp-json\/wp\/v2\/media\/66305"}],"wp:attachment":[{"href":"https:\/\/www.bojungle.eu\/it\/wp-json\/wp\/v2\/media?parent=40603"}],"wp:term":[{"taxonomy":"product_brand","embeddable":true,"href":"https:\/\/www.bojungle.eu\/it\/wp-json\/wp\/v2\/product_brand?post=40603"},{"taxonomy":"product_cat","embeddable":true,"href":"https:\/\/www.bojungle.eu\/it\/wp-json\/wp\/v2\/product_cat?post=40603"},{"taxonomy":"product_tag","embeddable":true,"href":"https:\/\/www.bojungle.eu\/it\/wp-json\/wp\/v2\/product_tag?post=40603"},{"taxonomy":"woo-feed-brand","embeddable":true,"href":"https:\/\/www.bojungle.eu\/it\/wp-json\/wp\/v2\/woo-feed-brand?post=40603"}],"curies":[{"name":"wp","href":"https:\/\/api.w.org\/{rel}","templated":true}]}}