{"id":40763,"date":"2022-05-29T11:55:06","date_gmt":"2022-05-29T09:55:06","guid":{"rendered":"https:\/\/dev.authority.biz\/boj\/product\/gufo-intelligente-giocattolo-b-suction\/"},"modified":"2025-02-12T14:59:19","modified_gmt":"2025-02-12T13:59:19","slug":"b-aspiratore-giocattolo-smart-owl","status":"publish","type":"product","link":"https:\/\/www.bojungle.eu\/it\/prodotto\/b-aspiratore-giocattolo-smart-owl\/","title":{"rendered":"Gufo intelligente giocattolo a ventosa"},"content":{"rendered":"<div id=\"description\" class=\"tab-pane fade in active\" role=\"tabpanel\">\n<div class=\"product-description\">\n<p>Rendete divertente il momento della pappa con il gufo intelligente a ventosa di Bo Jungle! Perfetto per i bambini dai 6 mesi in su, questo simpatico giocattolo \u00e8 dotato di una forte ventosa che si attacca al vassoio del bambino, evitando che cada sul pavimento durante i capricci. Il design divertente far\u00e0 divertire il vostro piccolo e lo aiuter\u00e0 a stare fermo mentre mangia. Non dovrete pi\u00f9 preoccuparvi che i giocattoli vengano lanciati in giro: il nostro gufo intelligente rende il momento della pappa pi\u00f9 facile e piacevole per tutti!   <\/p>\n<p>&nbsp;<\/p>\n<\/div>\n<\/div>\n<div id=\"product-details\" class=\"tab-pane fade\" style=\"box-sizing: inherit; opacity: 1; transition: opacity 0.15s linear 0s; display: block; margin-bottom: 20px; color: #000000; font-family: Roboto, Arial, Helvetica, sans-serif; font-size: 13px; font-style: normal; font-variant-ligatures: normal; font-variant-caps: normal; font-weight: 400; letter-spacing: normal; orphans: 2; text-align: start; text-indent: 0px; text-transform: none; white-space: normal; widows: 2; word-spacing: 0px; -webkit-text-stroke-width: 0px; background-color: #ffffff; text-decoration-thickness: initial; text-decoration-style: initial; text-decoration-color: initial;\" role=\"tabpanel\" data-product=\"{\"id_shop_default\":\"1\",\"id_manufacturer\":\"1\",\"id_supplier\":\"2\",\"reference\":\"B910800\",\"is_virtual\":\"0\",\"delivery_in_stock\":\"\",\"delivery_out_stock\":\"\",\"id_category_default\":\"11\",\"on_sale\":\"0\",\"online_only\":\"1\",\"ecotax\":0,\"minimal_quantity\":\"1\",\"low_stock_threshold\":null,\"low_stock_alert\":\"0\",\"price\":\"u20ac8.26\",\"unity\":\"\",\"unit_price_ratio\":\"0.000000\",\"additional_shipping_cost\":\"0.000000\",\"customizable\":\"0\",\"text_fields\":\"0\",\"uploadable_files\":\"0\",\"redirect_type\":\"404\",\"id_type_redirected\":\"0\",\"available_for_order\":\"1\",\"available_date\":\"2020-01-31\",\"show_condition\":\"1\",\"condition\":\"new\",\"show_price\":\"1\",\"indexed\":\"1\",\"visibility\":\"both\",\"cache_default_attribute\":\"0\",\"advanced_stock_management\":\"0\",\"date_add\":\"2020-11-26 15:37:05\",\"date_upd\":\"2022-02-01 10:25:02\",\"pack_stock_type\":\"0\",\"meta_description\":\"Discover our B-Suction Toy Funny Horse from the product range: Playing | Bo Jungle\",\"meta_keywords\":\"\",\"meta_title\":\"B-Suction Toy Funny Horse| Bo Jungle\",\"link_rewrite\":\"b-suction-toy-funny-horse\",\"name\":\"B-Suction Toy Funny Horse\",\"description\":\"&lt;encoded_tag_open \/&gt;p&lt;encoded_tag_closed \/&gt;These toys are designed for babies aged six months and above. Each toy features a suction cup base and is designed to attach to an eating tray to prevent your little one from throwing it on the floor during temper tantrums. The fun and interesting features help to keep your baby entertained and encourage them to sit still at mealtimes.&lt;encoded_tag_open \/&gt;\/p&lt;encoded_tag_closed \/&gt;r &lt;encoded_tag_open \/&gt;p&lt;encoded_tag_closed \/&gt;&lt;encoded_tag_open \/&gt;\/p&lt;encoded_tag_closed \/&gt;\",\"description_short\":\"&lt;encoded_tag_open \/&gt;p&lt;encoded_tag_closed \/&gt;B-Suction Toy Funny Horse&lt;encoded_tag_open \/&gt;\/p&lt;encoded_tag_closed \/&gt;\",\"available_now\":\"\",\"available_later\":\"\",\"id\":1007,\"id_product\":1007,\"out_of_stock\":0,\"new\":0,\"id_product_attribute\":\"0\",\"quantity_wanted\":1,\"extraContent\":[],\"allow_oosp\":true,\"category\":\"playing\",\"category_name\":\"Playing\",\"link\":\"https:\/\/bojungle.eu\/gb\/playing\/1007-b-suction-toy-funny-horse-1703739104009.html\",\"attribute_price\":0,\"price_tax_exc\":8.256198,\"price_without_reduction\":8.256198,\"reduction\":0,\"specific_prices\":[],\"quantity\":0,\"quantity_all_versions\":0,\"id_image\":\"gb-default\",\"features\":[],\"attachments\":[],\"virtual\":0,\"pack\":0,\"packItems\":[],\"nopackprice\":0,\"customization_required\":false,\"rate\":0,\"tax_name\":\"\",\"ecotax_rate\":0,\"unit_price\":\"\",\"customizations\":{\"fields\":[]},\"id_customization\":0,\"is_customizable\":false,\"show_quantities\":false,\"quantity_label\":\"Item\",\"quantity_discounts\":[],\"customer_group_discount\":0,\"images\":[{\"bySize\":{\"small_default\":{\"url\":\"https:\/\/bojungle.eu\/2963-small_default\/b-suction-toy-funny-horse.jpg\",\"width\":98,\"height\":98},\"cart_default\":{\"url\":\"https:\/\/bojungle.eu\/2963-cart_default\/b-suction-toy-funny-horse.jpg\",\"width\":125,\"height\":125},\"home_default\":{\"url\":\"https:\/\/bojungle.eu\/2963-home_default\/b-suction-toy-funny-horse.jpg\",\"width\":259,\"height\":259},\"medium_default\":{\"url\":\"https:\/\/bojungle.eu\/2963-medium_default\/b-suction-toy-funny-horse.jpg\",\"width\":452,\"height\":452},\"large_default\":{\"url\":\"https:\/\/bojungle.eu\/2963-large_default\/b-suction-toy-funny-horse.jpg\",\"width\":800,\"height\":800}},\"small\":{\"url\":\"https:\/\/bojungle.eu\/2963-small_default\/b-suction-toy-funny-horse.jpg\",\"width\":98,\"height\":98},\"medium\":{\"url\":\"https:\/\/bojungle.eu\/2963-home_default\/b-suction-toy-funny-horse.jpg\",\"width\":259,\"height\":259},\"large\":{\"url\":\"https:\/\/bojungle.eu\/2963-large_default\/b-suction-toy-funny-horse.jpg\",\"width\":800,\"height\":800},\"legend\":\"\",\"id_image\":\"2963\",\"cover\":null,\"position\":\"1\",\"associatedVariants\":[]},{\"bySize\":{\"small_default\":{\"url\":\"https:\/\/bojungle.eu\/2964-small_default\/b-suction-toy-funny-horse.jpg\",\"width\":98,\"height\":98},\"cart_default\":{\"url\":\"https:\/\/bojungle.eu\/2964-cart_default\/b-suction-toy-funny-horse.jpg\",\"width\":125,\"height\":125},\"home_default\":{\"url\":\"https:\/\/bojungle.eu\/2964-home_default\/b-suction-toy-funny-horse.jpg\",\"width\":259,\"height\":259},\"medium_default\":{\"url\":\"https:\/\/bojungle.eu\/2964-medium_default\/b-suction-toy-funny-horse.jpg\",\"width\":452,\"height\":452},\"large_default\":{\"url\":\"https:\/\/bojungle.eu\/2964-large_default\/b-suction-toy-funny-horse.jpg\",\"width\":800,\"height\":800}},\"small\":{\"url\":\"https:\/\/bojungle.eu\/2964-small_default\/b-suction-toy-funny-horse.jpg\",\"width\":98,\"height\":98},\"medium\":{\"url\":\"https:\/\/bojungle.eu\/2964-home_default\/b-suction-toy-funny-horse.jpg\",\"width\":259,\"height\":259},\"large\":{\"url\":\"https:\/\/bojungle.eu\/2964-large_default\/b-suction-toy-funny-horse.jpg\",\"width\":800,\"height\":800},\"legend\":\"\",\"id_image\":\"2964\",\"cover\":null,\"position\":\"2\",\"associatedVariants\":[]},{\"bySize\":{\"small_default\":{\"url\":\"https:\/\/bojungle.eu\/2965-small_default\/b-suction-toy-funny-horse.jpg\",\"width\":98,\"height\":98},\"cart_default\":{\"url\":\"https:\/\/bojungle.eu\/2965-cart_default\/b-suction-toy-funny-horse.jpg\",\"width\":125,\"height\":125},\"home_default\":{\"url\":\"https:\/\/bojungle.eu\/2965-home_default\/b-suction-toy-funny-horse.jpg\",\"width\":259,\"height\":259},\"medium_default\":{\"url\":\"https:\/\/bojungle.eu\/2965-medium_default\/b-suction-toy-funny-horse.jpg\",\"width\":452,\"height\":452},\"large_default\":{\"url\":\"https:\/\/bojungle.eu\/2965-large_default\/b-suction-toy-funny-horse.jpg\",\"width\":800,\"height\":800}},\"small\":{\"url\":\"https:\/\/bojungle.eu\/2965-small_default\/b-suction-toy-funny-horse.jpg\",\"width\":98,\"height\":98},\"medium\":{\"url\":\"https:\/\/bojungle.eu\/2965-home_default\/b-suction-toy-funny-horse.jpg\",\"width\":259,\"height\":259},\"large\":{\"url\":\"https:\/\/bojungle.eu\/2965-large_default\/b-suction-toy-funny-horse.jpg\",\"width\":800,\"height\":800},\"legend\":\"\",\"id_image\":\"2965\",\"cover\":null,\"position\":\"3\",\"associatedVariants\":[]},{\"bySize\":{\"small_default\":{\"url\":\"https:\/\/bojungle.eu\/2966-small_default\/b-suction-toy-funny-horse.jpg\",\"width\":98,\"height\":98},\"cart_default\":{\"url\":\"https:\/\/bojungle.eu\/2966-cart_default\/b-suction-toy-funny-horse.jpg\",\"width\":125,\"height\":125},\"home_default\":{\"url\":\"https:\/\/bojungle.eu\/2966-home_default\/b-suction-toy-funny-horse.jpg\",\"width\":259,\"height\":259},\"medium_default\":{\"url\":\"https:\/\/bojungle.eu\/2966-medium_default\/b-suction-toy-funny-horse.jpg\",\"width\":452,\"height\":452},\"large_default\":{\"url\":\"https:\/\/bojungle.eu\/2966-large_default\/b-suction-toy-funny-horse.jpg\",\"width\":800,\"height\":800}},\"small\":{\"url\":\"https:\/\/bojungle.eu\/2966-small_default\/b-suction-toy-funny-horse.jpg\",\"width\":98,\"height\":98},\"medium\":{\"url\":\"https:\/\/bojungle.eu\/2966-home_default\/b-suction-toy-funny-horse.jpg\",\"width\":259,\"height\":259},\"large\":{\"url\":\"https:\/\/bojungle.eu\/2966-large_default\/b-suction-toy-funny-horse.jpg\",\"width\":800,\"height\":800},\"legend\":\"\",\"id_image\":\"2966\",\"cover\":null,\"position\":\"4\",\"associatedVariants\":[]},{\"bySize\":{\"small_default\":{\"url\":\"https:\/\/bojungle.eu\/3358-small_default\/b-suction-toy-funny-horse.jpg\",\"width\":98,\"height\":98},\"cart_default\":{\"url\":\"https:\/\/bojungle.eu\/3358-cart_default\/b-suction-toy-funny-horse.jpg\",\"width\":125,\"height\":125},\"home_default\":{\"url\":\"https:\/\/bojungle.eu\/3358-home_default\/b-suction-toy-funny-horse.jpg\",\"width\":259,\"height\":259},\"medium_default\":{\"url\":\"https:\/\/bojungle.eu\/3358-medium_default\/b-suction-toy-funny-horse.jpg\",\"width\":452,\"height\":452},\"large_default\":{\"url\":\"https:\/\/bojungle.eu\/3358-large_default\/b-suction-toy-funny-horse.jpg\",\"width\":800,\"height\":800}},\"small\":{\"url\":\"https:\/\/bojungle.eu\/3358-small_default\/b-suction-toy-funny-horse.jpg\",\"width\":98,\"height\":98},\"medium\":{\"url\":\"https:\/\/bojungle.eu\/3358-home_default\/b-suction-toy-funny-horse.jpg\",\"width\":259,\"height\":259},\"large\":{\"url\":\"https:\/\/bojungle.eu\/3358-large_default\/b-suction-toy-funny-horse.jpg\",\"width\":800,\"height\":800},\"legend\":\"\",\"id_image\":\"3358\",\"cover\":\"1\",\"position\":\"5\",\"associatedVariants\":[]}],\"cover\":{\"bySize\":{\"small_default\":{\"url\":\"https:\/\/bojungle.eu\/3358-small_default\/b-suction-toy-funny-horse.jpg\",\"width\":98,\"height\":98},\"cart_default\":{\"url\":\"https:\/\/bojungle.eu\/3358-cart_default\/b-suction-toy-funny-horse.jpg\",\"width\":125,\"height\":125},\"home_default\":{\"url\":\"https:\/\/bojungle.eu\/3358-home_default\/b-suction-toy-funny-horse.jpg\",\"width\":259,\"height\":259},\"medium_default\":{\"url\":\"https:\/\/bojungle.eu\/3358-medium_default\/b-suction-toy-funny-horse.jpg\",\"width\":452,\"height\":452},\"large_default\":{\"url\":\"https:\/\/bojungle.eu\/3358-large_default\/b-suction-toy-funny-horse.jpg\",\"width\":800,\"height\":800}},\"small\":{\"url\":\"https:\/\/bojungle.eu\/3358-small_default\/b-suction-toy-funny-horse.jpg\",\"width\":98,\"height\":98},\"medium\":{\"url\":\"https:\/\/bojungle.eu\/3358-home_default\/b-suction-toy-funny-horse.jpg\",\"width\":259,\"height\":259},\"large\":{\"url\":\"https:\/\/bojungle.eu\/3358-large_default\/b-suction-toy-funny-horse.jpg\",\"width\":800,\"height\":800},\"legend\":\"\",\"id_image\":\"3358\",\"cover\":\"1\",\"position\":\"5\",\"associatedVariants\":[]},\"has_discount\":false,\"discount_type\":null,\"discount_percentage\":null,\"discount_percentage_absolute\":null,\"discount_amount\":null,\"discount_amount_to_display\":null,\"price_amount\":8.26,\"unit_price_full\":\"\",\"show_availability\":false,\"availability_message\":null,\"availability_date\":null,\"availability\":null}\"><\/div>\n","protected":false},"excerpt":{"rendered":"<div id=\"description\" class=\"tab-pane fade in active\" role=\"tabpanel\">\n<div class=\"product-description\">\n<p>Il gufo intelligente a ventosa rende il momento della pappa divertente e privo di confusione! Progettato per i bambini dai 6 mesi in su, si attacca al vassoio con una forte ventosa, in modo che il vostro piccolo possa giocare senza lanciarlo in giro. Perfetto per intrattenerlo durante i pasti!  <\/p>\n<\/div>\n<\/div>\n","protected":false},"featured_media":71374,"comment_status":"closed","ping_status":"closed","template":"","meta":{"_lmt_disableupdate":"","_lmt_disable":""},"product_brand":[],"product_cat":[486,609,469],"product_tag":[],"woo-feed-brand":[],"class_list":{"0":"post-40763","1":"product","2":"type-product","3":"status-publish","4":"has-post-thumbnail","6":"product_cat-giocattoli-colorati","7":"product_cat-giocattoli-di-attivita","8":"product_cat-tempo-di-gioco","10":"first","11":"instock","12":"taxable","13":"shipping-taxable","14":"purchasable","15":"product-type-simple"},"_links":{"self":[{"href":"https:\/\/www.bojungle.eu\/it\/wp-json\/wp\/v2\/product\/40763","targetHints":{"allow":["GET"]}}],"collection":[{"href":"https:\/\/www.bojungle.eu\/it\/wp-json\/wp\/v2\/product"}],"about":[{"href":"https:\/\/www.bojungle.eu\/it\/wp-json\/wp\/v2\/types\/product"}],"replies":[{"embeddable":true,"href":"https:\/\/www.bojungle.eu\/it\/wp-json\/wp\/v2\/comments?post=40763"}],"version-history":[{"count":1,"href":"https:\/\/www.bojungle.eu\/it\/wp-json\/wp\/v2\/product\/40763\/revisions"}],"predecessor-version":[{"id":79061,"href":"https:\/\/www.bojungle.eu\/it\/wp-json\/wp\/v2\/product\/40763\/revisions\/79061"}],"wp:featuredmedia":[{"embeddable":true,"href":"https:\/\/www.bojungle.eu\/it\/wp-json\/wp\/v2\/media\/71374"}],"wp:attachment":[{"href":"https:\/\/www.bojungle.eu\/it\/wp-json\/wp\/v2\/media?parent=40763"}],"wp:term":[{"taxonomy":"product_brand","embeddable":true,"href":"https:\/\/www.bojungle.eu\/it\/wp-json\/wp\/v2\/product_brand?post=40763"},{"taxonomy":"product_cat","embeddable":true,"href":"https:\/\/www.bojungle.eu\/it\/wp-json\/wp\/v2\/product_cat?post=40763"},{"taxonomy":"product_tag","embeddable":true,"href":"https:\/\/www.bojungle.eu\/it\/wp-json\/wp\/v2\/product_tag?post=40763"},{"taxonomy":"woo-feed-brand","embeddable":true,"href":"https:\/\/www.bojungle.eu\/it\/wp-json\/wp\/v2\/woo-feed-brand?post=40763"}],"curies":[{"name":"wp","href":"https:\/\/api.w.org\/{rel}","templated":true}]}}