{"id":40797,"date":"2022-05-29T11:53:16","date_gmt":"2022-05-29T09:53:16","guid":{"rendered":"https:\/\/dev.authority.biz\/boj\/product\/b-suction-ciotola-in-silicone-e-cucchiaio-grigio\/"},"modified":"2025-03-26T16:38:05","modified_gmt":"2025-03-26T15:38:05","slug":"b-cucchiaio-aspirante-silicone-grigio","status":"publish","type":"product","link":"https:\/\/www.bojungle.eu\/it\/prodotto\/b-cucchiaio-aspirante-silicone-grigio\/","title":{"rendered":"B-Ciotola di aspirazione in silicone Grgio"},"content":{"rendered":"<p>I pasti sono diventati pi\u00f9 facili e divertenti con la ciotola in silicone e amp; Set di cucchiai! Progettato per aiutare il tuo bambino a imparare a mangiare in modo indipendente, questo set intelligente mantiene l&#8217;attenzione sul cibo e non sul disordine. La potente base a ventosa assicura che la ciotola rimanga saldamente in posizione, prevenendo fuoriuscite e l&#8217;occasionale incidente di &#8220;ciotola volante&#8221;. Realizzato in silicone resistente e di alta qualit\u00e0, questo set \u00e8 costruito per durare attraverso innumerevoli avventure durante i pasti. \u00c8 resistente alla rottura, all&#8217;assorbimento degli odori e al trasferimento del gusto, rendendolo una scelta sicura e igienica per il tuo piccolo. Il cucchiaio ergonomico abbinato \u00e8 perfettamente dimensionato per le mani piccole, incoraggiando un&#8217;autoalimentazione sicura. Con il suo design giocoso ma elegante, B-Suction Bowl &amp; Il set di cucchiai \u00e8 tanto delizioso da guardare quanto pratico da usare, rendendolo un must per ogni famiglia. Adatto a neonati e bambini piccoli, \u00e8 il modo perfetto per trasformare i pasti in un&#8217;esperienza di apprendimento senza stress.  <\/p>\n<p><strong>Caratteristiche principali:<\/strong><\/p>\n<ul>\n<li><strong>Forte base a ventosa:<\/strong> mantiene la ciotola saldamente in posizione per pasti senza disordine.<\/li>\n<li><strong>Silicone durevole:<\/strong> resistente alla rottura e facile da pulire, senza odori o assorbimento del sapore.<\/li>\n<li><strong>Design adatto ai bambini: <\/strong>include un cucchiaio su misura per le mani piccole e per mangiare in modo indipendente.<\/li>\n<li><strong>Look accattivante:<\/strong> design luminoso e moderno che piace sia ai bambini che ai genitori.<\/li>\n<\/ul>\n<p>Rendi i pasti fluidi, eleganti e divertenti con il set con ciotola in silicone e cucchiaio a ventosa!<\/p>\n","protected":false},"excerpt":{"rendered":"<p>Rendi i pasti senza stress con la ciotola e il cucchiaio B-Suction! La forte base a ventosa mantiene la ciotola in posizione, mentre il cucchiaio ergonomico aiuta il tuo piccolo a imparare a mangiare in modo autonomo. Realizzato in silicone resistente e inodore, questo set \u00e8 resistente alla rottura, facile da pulire e progettato con stile sia per bambini che per genitori. Perfetto per pasti felici e senza disordine!   <\/p>\n","protected":false},"featured_media":69924,"comment_status":"closed","ping_status":"closed","template":"","meta":{"_lmt_disableupdate":"","_lmt_disable":""},"product_brand":[],"product_cat":[428,430,563],"product_tag":[],"woo-feed-brand":[],"class_list":{"0":"post-40797","1":"product","2":"type-product","3":"status-publish","4":"has-post-thumbnail","6":"product_cat-cibo-e-bevande","7":"product_cat-gamma-di-silicone","8":"product_cat-ora-di-cena","10":"first","11":"instock","12":"taxable","13":"shipping-taxable","14":"purchasable","15":"product-type-simple"},"_links":{"self":[{"href":"https:\/\/www.bojungle.eu\/it\/wp-json\/wp\/v2\/product\/40797","targetHints":{"allow":["GET"]}}],"collection":[{"href":"https:\/\/www.bojungle.eu\/it\/wp-json\/wp\/v2\/product"}],"about":[{"href":"https:\/\/www.bojungle.eu\/it\/wp-json\/wp\/v2\/types\/product"}],"replies":[{"embeddable":true,"href":"https:\/\/www.bojungle.eu\/it\/wp-json\/wp\/v2\/comments?post=40797"}],"version-history":[{"count":1,"href":"https:\/\/www.bojungle.eu\/it\/wp-json\/wp\/v2\/product\/40797\/revisions"}],"predecessor-version":[{"id":79506,"href":"https:\/\/www.bojungle.eu\/it\/wp-json\/wp\/v2\/product\/40797\/revisions\/79506"}],"wp:featuredmedia":[{"embeddable":true,"href":"https:\/\/www.bojungle.eu\/it\/wp-json\/wp\/v2\/media\/69924"}],"wp:attachment":[{"href":"https:\/\/www.bojungle.eu\/it\/wp-json\/wp\/v2\/media?parent=40797"}],"wp:term":[{"taxonomy":"product_brand","embeddable":true,"href":"https:\/\/www.bojungle.eu\/it\/wp-json\/wp\/v2\/product_brand?post=40797"},{"taxonomy":"product_cat","embeddable":true,"href":"https:\/\/www.bojungle.eu\/it\/wp-json\/wp\/v2\/product_cat?post=40797"},{"taxonomy":"product_tag","embeddable":true,"href":"https:\/\/www.bojungle.eu\/it\/wp-json\/wp\/v2\/product_tag?post=40797"},{"taxonomy":"woo-feed-brand","embeddable":true,"href":"https:\/\/www.bojungle.eu\/it\/wp-json\/wp\/v2\/woo-feed-brand?post=40797"}],"curies":[{"name":"wp","href":"https:\/\/api.w.org\/{rel}","templated":true}]}}