{"id":40809,"date":"2022-05-29T11:53:16","date_gmt":"2022-05-29T09:53:16","guid":{"rendered":"https:\/\/dev.authority.biz\/boj\/product\/piastra-b-suction-orso-blu\/"},"modified":"2025-08-07T16:36:42","modified_gmt":"2025-08-07T14:36:42","slug":"b-piastra-di-aspirazione-orso-blu","status":"publish","type":"product","link":"https:\/\/www.bojungle.eu\/it\/prodotto\/b-piastra-di-aspirazione-orso-blu\/","title":{"rendered":"Piastra Suction Orso Blu"},"content":{"rendered":"<p data-start=\"84\" data-end=\"132\">Niente pi\u00f9 pasti disordinati con il piatto a ventosa Bear. Si attacca al tavolo, cos\u00ec il tuo bambino non potr\u00e0 lanciarlo per terra. \u00c8 dotato di una potente ventosa che mantiene il piatto al suo posto mentre il tuo piccolo mangia.  <\/p>\n<p data-start=\"311\" data-end=\"446\">Realizzato in morbido silicone sicuro, \u00e8 delicato per i bambini e facile da pulire per i genitori. Le graziose orecchie da orsetto rendono l&#8217;ora della pappa ancora pi\u00f9 divertente! <\/p>\n<ul>\n<li data-start=\"448\" data-end=\"643\">Rimane in posizione grazie alla forte aspirazione<\/li>\n<li data-start=\"448\" data-end=\"643\">Sicuro da usare nel microonde e nel forno (fino a 220 \u00b0C)<\/li>\n<li data-start=\"448\" data-end=\"643\">Facile da pulire: basta metterlo in lavastoviglie.<\/li>\n<li data-start=\"448\" data-end=\"643\">Realizzato in silicone<\/li>\n<\/ul>\n<p data-start=\"645\" data-end=\"716\">Ottimo per i pasti quotidiani e per le manine che stanno imparando a mangiare da sole.<\/p>\n","protected":false},"excerpt":{"rendered":"<p>Il piatto con ventosa Bear \u00e8 un piatto in silicone carino e pratico con una forte ventosa per evitare fuoriuscite. Adatto al microonde, al forno (fino a 220 \u00b0C) e alla lavastoviglie. <\/p>\n","protected":false},"featured_media":72502,"comment_status":"closed","ping_status":"closed","template":"","meta":{"_lmt_disableupdate":"","_lmt_disable":""},"product_brand":[],"product_cat":[428,430,563],"product_tag":[],"woo-feed-brand":[],"class_list":{"0":"post-40809","1":"product","2":"type-product","3":"status-publish","4":"has-post-thumbnail","6":"product_cat-cibo-e-bevande","7":"product_cat-gamma-di-silicone","8":"product_cat-ora-di-cena","10":"first","11":"instock","12":"taxable","13":"shipping-taxable","14":"purchasable","15":"product-type-simple"},"_links":{"self":[{"href":"https:\/\/www.bojungle.eu\/it\/wp-json\/wp\/v2\/product\/40809","targetHints":{"allow":["GET"]}}],"collection":[{"href":"https:\/\/www.bojungle.eu\/it\/wp-json\/wp\/v2\/product"}],"about":[{"href":"https:\/\/www.bojungle.eu\/it\/wp-json\/wp\/v2\/types\/product"}],"replies":[{"embeddable":true,"href":"https:\/\/www.bojungle.eu\/it\/wp-json\/wp\/v2\/comments?post=40809"}],"version-history":[{"count":1,"href":"https:\/\/www.bojungle.eu\/it\/wp-json\/wp\/v2\/product\/40809\/revisions"}],"predecessor-version":[{"id":80918,"href":"https:\/\/www.bojungle.eu\/it\/wp-json\/wp\/v2\/product\/40809\/revisions\/80918"}],"wp:featuredmedia":[{"embeddable":true,"href":"https:\/\/www.bojungle.eu\/it\/wp-json\/wp\/v2\/media\/72502"}],"wp:attachment":[{"href":"https:\/\/www.bojungle.eu\/it\/wp-json\/wp\/v2\/media?parent=40809"}],"wp:term":[{"taxonomy":"product_brand","embeddable":true,"href":"https:\/\/www.bojungle.eu\/it\/wp-json\/wp\/v2\/product_brand?post=40809"},{"taxonomy":"product_cat","embeddable":true,"href":"https:\/\/www.bojungle.eu\/it\/wp-json\/wp\/v2\/product_cat?post=40809"},{"taxonomy":"product_tag","embeddable":true,"href":"https:\/\/www.bojungle.eu\/it\/wp-json\/wp\/v2\/product_tag?post=40809"},{"taxonomy":"woo-feed-brand","embeddable":true,"href":"https:\/\/www.bojungle.eu\/it\/wp-json\/wp\/v2\/woo-feed-brand?post=40809"}],"curies":[{"name":"wp","href":"https:\/\/api.w.org\/{rel}","templated":true}]}}