{"id":40817,"date":"2022-05-29T11:53:16","date_gmt":"2022-05-29T09:53:16","guid":{"rendered":"https:\/\/dev.authority.biz\/boj\/product\/b-suction-ciotola-in-silicone-e-cucchiaio-rosa\/"},"modified":"2022-05-29T11:53:16","modified_gmt":"2022-05-29T11:53:16","slug":"b-cucchiaio-aspirante-silicone-rosa","status":"publish","type":"product","link":"https:\/\/www.bojungle.eu\/it\/prodotto\/b-cucchiaio-aspirante-silicone-rosa\/","title":{"rendered":"B-Suction Ciotola in silicone e cucchiaio rosa"},"content":{"rendered":"<p>Questa ciotola con ventosa e cucchiaio coordinato assicura che il bambino impari a mangiare in modo indipendente, senza che mamma o pap\u00e0 debbano tenere il piatto. Grazie alla ventosa, la ciotola non pu\u00f2 muoversi e non pu\u00f2 certo volare per la stanza. Questo set \u00e8 realizzato in materiale di alta qualit\u00e0 e di lunga durata. Non si pu\u00f2 rompere, non assorbe odori n\u00e9 sapori ed \u00e8 soprattutto una gioia per gli occhi!<\/p>\n","protected":false},"excerpt":{"rendered":"<p>Questa ciotola con ventosa e cucchiaio coordinato assicura che il bambino impari a mangiare in modo indipendente, senza che mamma o pap\u00e0 debbano tenere il piatto. Grazie alla ventosa, la ciotola non pu\u00f2 muoversi e non pu\u00f2 certo volare per la stanza. Questo set \u00e8 realizzato in materiale di alta qualit\u00e0 e di lunga durata. Non si pu\u00f2 rompere, non assorbe odori n\u00e9 sapori ed \u00e8 soprattutto una gioia per gli occhi!<\/p>\n","protected":false},"featured_media":70044,"comment_status":"closed","ping_status":"closed","template":"","meta":{"_lmt_disableupdate":"","_lmt_disable":""},"product_brand":[],"product_cat":[428,430,563],"product_tag":[],"woo-feed-brand":[],"class_list":{"0":"post-40817","1":"product","2":"type-product","3":"status-publish","4":"has-post-thumbnail","6":"product_cat-cibo-e-bevande","7":"product_cat-gamma-di-silicone","8":"product_cat-ora-di-cena","10":"first","11":"instock","12":"taxable","13":"shipping-taxable","14":"purchasable","15":"product-type-simple"},"_links":{"self":[{"href":"https:\/\/www.bojungle.eu\/it\/wp-json\/wp\/v2\/product\/40817","targetHints":{"allow":["GET"]}}],"collection":[{"href":"https:\/\/www.bojungle.eu\/it\/wp-json\/wp\/v2\/product"}],"about":[{"href":"https:\/\/www.bojungle.eu\/it\/wp-json\/wp\/v2\/types\/product"}],"replies":[{"embeddable":true,"href":"https:\/\/www.bojungle.eu\/it\/wp-json\/wp\/v2\/comments?post=40817"}],"version-history":[{"count":0,"href":"https:\/\/www.bojungle.eu\/it\/wp-json\/wp\/v2\/product\/40817\/revisions"}],"wp:featuredmedia":[{"embeddable":true,"href":"https:\/\/www.bojungle.eu\/it\/wp-json\/wp\/v2\/media\/70044"}],"wp:attachment":[{"href":"https:\/\/www.bojungle.eu\/it\/wp-json\/wp\/v2\/media?parent=40817"}],"wp:term":[{"taxonomy":"product_brand","embeddable":true,"href":"https:\/\/www.bojungle.eu\/it\/wp-json\/wp\/v2\/product_brand?post=40817"},{"taxonomy":"product_cat","embeddable":true,"href":"https:\/\/www.bojungle.eu\/it\/wp-json\/wp\/v2\/product_cat?post=40817"},{"taxonomy":"product_tag","embeddable":true,"href":"https:\/\/www.bojungle.eu\/it\/wp-json\/wp\/v2\/product_tag?post=40817"},{"taxonomy":"woo-feed-brand","embeddable":true,"href":"https:\/\/www.bojungle.eu\/it\/wp-json\/wp\/v2\/woo-feed-brand?post=40817"}],"curies":[{"name":"wp","href":"https:\/\/api.w.org\/{rel}","templated":true}]}}