{"id":40885,"date":"2022-05-29T11:50:08","date_gmt":"2022-05-29T09:50:08","guid":{"rendered":"https:\/\/dev.authority.biz\/boj\/product\/b-strolly-brown-goldy-shades-telaio-unita-di-seduta-adattatori-per-seggiolino-auto-protezione-antipioggia-culla\/"},"modified":"2022-05-29T11:50:08","modified_gmt":"2022-05-29T11:50:08","slug":"b-strolly-brown-goldy-shades-frame-seat-unit-sedile-auto-adattatori-protezione-pioggia-culla","status":"publish","type":"product","link":"https:\/\/www.bojungle.eu\/it\/prodotto\/b-strolly-brown-goldy-shades-frame-seat-unit-sedile-auto-adattatori-protezione-pioggia-culla\/","title":{"rendered":"B-Strolly Brown Goldy Shades (telaio + unit\u00e0 di seduta + adattatori per seggiolino auto + protezione antipioggia + culla)"},"content":{"rendered":"<ul>\n<li>Ecco Bo Jungle Strolly, che offre caratteristiche di sicurezza e salute per il vostro bambino, disponibili in tutti i passeggini Bo Jungle. Il B-Strolly \u00e8 adatto a tutti. Godetevi la sua semplicit\u00e0 e la sua qualit\u00e0.<\/li>\n<li>La semplicit\u00e0 \u00e8 genialit\u00e0 &#8211; B-Strolly possiede la maggior parte delle caratteristiche dei passeggini di classe superiore, quindi \u00e8 comodo e conveniente per gli spostamenti quotidiani in citt\u00e0 e nella natura. Il telaio con ruote in schiuma EVA permette di godersi la corsa su sentieri suggestivi nella foresta o nel parco. Inoltre, speciali ricami ed elementi di design che riflettono la luce rendono il passeggino unico e visibile in qualsiasi momento della giornata. Il morbido materasso di scaglie di cocco e la protezione extra della culla dal vento creeranno un ambiente sicuro e confortevole per il vostro bambino.<\/li>\n<li>Dimensioni (piegato): 61 cm x 81 cm<\/li>\n<\/ul>\n","protected":false},"excerpt":{"rendered":"<p>La semplicit\u00e0 \u00e8 genialit\u00e0<\/p>\n","protected":false},"featured_media":57345,"comment_status":"closed","ping_status":"closed","template":"","meta":{"_lmt_disableupdate":"","_lmt_disable":""},"product_brand":[],"product_cat":[625,646,1342],"product_tag":[],"woo-feed-brand":[],"class_list":{"0":"post-40885","1":"product","2":"type-product","3":"status-publish","4":"has-post-thumbnail","6":"product_cat-allaperto","7":"product_cat-passeggini","8":"product_cat-saldi","10":"first","11":"instock","12":"sale","13":"taxable","14":"shipping-taxable","15":"purchasable","16":"product-type-simple"},"_links":{"self":[{"href":"https:\/\/www.bojungle.eu\/it\/wp-json\/wp\/v2\/product\/40885","targetHints":{"allow":["GET"]}}],"collection":[{"href":"https:\/\/www.bojungle.eu\/it\/wp-json\/wp\/v2\/product"}],"about":[{"href":"https:\/\/www.bojungle.eu\/it\/wp-json\/wp\/v2\/types\/product"}],"replies":[{"embeddable":true,"href":"https:\/\/www.bojungle.eu\/it\/wp-json\/wp\/v2\/comments?post=40885"}],"version-history":[{"count":0,"href":"https:\/\/www.bojungle.eu\/it\/wp-json\/wp\/v2\/product\/40885\/revisions"}],"wp:featuredmedia":[{"embeddable":true,"href":"https:\/\/www.bojungle.eu\/it\/wp-json\/wp\/v2\/media\/57345"}],"wp:attachment":[{"href":"https:\/\/www.bojungle.eu\/it\/wp-json\/wp\/v2\/media?parent=40885"}],"wp:term":[{"taxonomy":"product_brand","embeddable":true,"href":"https:\/\/www.bojungle.eu\/it\/wp-json\/wp\/v2\/product_brand?post=40885"},{"taxonomy":"product_cat","embeddable":true,"href":"https:\/\/www.bojungle.eu\/it\/wp-json\/wp\/v2\/product_cat?post=40885"},{"taxonomy":"product_tag","embeddable":true,"href":"https:\/\/www.bojungle.eu\/it\/wp-json\/wp\/v2\/product_tag?post=40885"},{"taxonomy":"woo-feed-brand","embeddable":true,"href":"https:\/\/www.bojungle.eu\/it\/wp-json\/wp\/v2\/woo-feed-brand?post=40885"}],"curies":[{"name":"wp","href":"https:\/\/api.w.org\/{rel}","templated":true}]}}