{"id":40895,"date":"2022-05-29T11:49:08","date_gmt":"2022-05-29T09:49:08","guid":{"rendered":"https:\/\/dev.authority.biz\/boj\/product\/sgabello-b-step-up-rosa\/"},"modified":"2025-03-18T15:09:57","modified_gmt":"2025-03-18T14:09:57","slug":"b-sgabello-saliscale-rosa","status":"publish","type":"product","link":"https:\/\/www.bojungle.eu\/it\/prodotto\/b-sgabello-saliscale-rosa\/","title":{"rendered":"Sgabello B-Step up Rosa"},"content":{"rendered":"<p>Lo sgabello Bo Jungle Step-Up in rosa \u00e8 perfetto per i bambini che stanno imparando a usare il vasino o che hanno bisogno di aiuto per raggiungere il lavandino. \u00c8 sicuro grazie al sistema di bloccaggio e ai piedini antiscivolo che lo mantengono stabile durante l&#8217;uso. <\/p>\n<p>Questo sgabello ha un&#8217;altezza regolabile (15 cm &#8211; 26 cm), in modo da crescere con il bambino. \u00c8 leggero e dotato di una maniglia per il trasporto che lo rende facile da spostare. Inoltre, \u00e8 facile da pulire, in modo che la casa rimanga ordinata.  <\/p>\n<p>Con il suo design moderno e pulito, lo sgabello Bo Jungle Step-Up \u00e8 perfetto in qualsiasi stanza. Pu\u00f2 sostenere fino a 150 kg, quindi \u00e8 abbastanza resistente per tutti i membri della famiglia. <\/p>\n<p>Sicuro, pratico ed elegante, lo sgabello Bo Jungle Step-Up \u00e8 un must per ogni casa.<\/p>\n","protected":false},"excerpt":{"rendered":"<div class=\"elementor-element elementor-element-80cf67d elementor-widget elementor-widget-jet-single-excerpt\" data-id=\"80cf67d\" data-element_type=\"widget\" data-widget_type=\"jet-single-excerpt.default\">\n<div class=\"elementor-widget-container\">\n<div class=\"elementor-jet-single-excerpt jet-woo-builder\">\n<div class=\"woocommerce-product-details__short-description\">\n<div class=\"flex-1 overflow-hidden @container\/thread translate-y-[1.5rem] -mt-[1.5rem] pb-[1.5rem]\">\n<div class=\"h-full\">\n<div class=\"react-scroll-to-bottom--css-wjdla-79elbk h-full\">\n<div class=\"react-scroll-to-bottom--css-wjdla-1n7m0yu\">\n<div class=\"flex flex-col text-sm\">\n<article class=\"w-full text-token-text-primary focus-visible:outline-2 focus-visible:outline-offset-[-4px]\" dir=\"auto\" data-testid=\"conversation-turn-7\" data-scroll-anchor=\"true\">\n<div class=\"m-auto text-base py-[18px] px-6\">\n<div class=\"mx-auto flex flex-1 gap-4 text-base md:gap-5 lg:gap-6 md:max-w-3xl\">\n<div class=\"group\/conversation-turn relative flex w-full min-w-0 flex-col agent-turn @xs\/thread:px-0 @sm\/thread:px-1.5 @md\/thread:px-4\">\n<div class=\"flex-col gap-1 md:gap-3\">\n<div class=\"flex max-w-full flex-col flex-grow\">\n<div class=\"min-h-8 text-message flex w-full flex-col items-end gap-2 whitespace-normal break-words text-start [.text-message+&amp;]:mt-5\" dir=\"auto\" data-message-author-role=\"assistant\" data-message-id=\"b4871a3b-8d97-4bd5-9e52-52989dc4a866\" data-message-model-slug=\"gpt-4o-mini\">\n<div class=\"flex w-full flex-col gap-1 empty:hidden first:pt-[3px]\">\n<div class=\"markdown prose w-full break-words dark:prose-invert light\">\n<p>Lo sgabello Bo Jungle Step-Up in rosa \u00e8 perfetto per i pi\u00f9 piccoli, per aiutarli a usare il vasino e a raggiungere i lavandini. \u00c8 sicuro, leggero e facile da spostare, con un sistema di bloccaggio sicuro e piedini antiscivolo. L&#8217;altezza regolabile (15 cm &#8211; 26 cm) cresce con il bambino e pu\u00f2 sostenere fino a 150 kg. Con un design moderno e una superficie facile da pulire, \u00e8 l&#8217;aggiunta perfetta a qualsiasi casa!   <\/p>\n<\/div>\n<\/div>\n<\/div>\n<\/div>\n<\/div>\n<\/div>\n<\/div>\n<\/div>\n<\/article>\n<\/div>\n<\/div>\n<\/div>\n<\/div>\n<\/div>\n<\/div>\n<\/div>\n<\/div>\n<\/div>\n<div class=\"elementor-element elementor-element-8148547 elementor-widget elementor-widget-spacer\" data-id=\"8148547\" data-element_type=\"widget\" data-widget_type=\"spacer.default\">\n<div class=\"elementor-widget-container\">\n<div class=\"elementor-spacer\"><\/div>\n<\/div>\n<\/div>\n","protected":false},"featured_media":69624,"comment_status":"closed","ping_status":"closed","template":"","meta":{"_lmt_disableupdate":"","_lmt_disable":""},"product_brand":[],"product_cat":[548,520],"product_tag":[],"woo-feed-brand":[],"class_list":{"0":"post-40895","1":"product","2":"type-product","3":"status-publish","4":"has-post-thumbnail","6":"product_cat-articoli-da-toilette","7":"product_cat-toelettatura","9":"first","10":"instock","11":"taxable","12":"shipping-taxable","13":"purchasable","14":"product-type-simple"},"_links":{"self":[{"href":"https:\/\/www.bojungle.eu\/it\/wp-json\/wp\/v2\/product\/40895","targetHints":{"allow":["GET"]}}],"collection":[{"href":"https:\/\/www.bojungle.eu\/it\/wp-json\/wp\/v2\/product"}],"about":[{"href":"https:\/\/www.bojungle.eu\/it\/wp-json\/wp\/v2\/types\/product"}],"replies":[{"embeddable":true,"href":"https:\/\/www.bojungle.eu\/it\/wp-json\/wp\/v2\/comments?post=40895"}],"version-history":[{"count":1,"href":"https:\/\/www.bojungle.eu\/it\/wp-json\/wp\/v2\/product\/40895\/revisions"}],"predecessor-version":[{"id":79381,"href":"https:\/\/www.bojungle.eu\/it\/wp-json\/wp\/v2\/product\/40895\/revisions\/79381"}],"wp:featuredmedia":[{"embeddable":true,"href":"https:\/\/www.bojungle.eu\/it\/wp-json\/wp\/v2\/media\/69624"}],"wp:attachment":[{"href":"https:\/\/www.bojungle.eu\/it\/wp-json\/wp\/v2\/media?parent=40895"}],"wp:term":[{"taxonomy":"product_brand","embeddable":true,"href":"https:\/\/www.bojungle.eu\/it\/wp-json\/wp\/v2\/product_brand?post=40895"},{"taxonomy":"product_cat","embeddable":true,"href":"https:\/\/www.bojungle.eu\/it\/wp-json\/wp\/v2\/product_cat?post=40895"},{"taxonomy":"product_tag","embeddable":true,"href":"https:\/\/www.bojungle.eu\/it\/wp-json\/wp\/v2\/product_tag?post=40895"},{"taxonomy":"woo-feed-brand","embeddable":true,"href":"https:\/\/www.bojungle.eu\/it\/wp-json\/wp\/v2\/woo-feed-brand?post=40895"}],"curies":[{"name":"wp","href":"https:\/\/api.w.org\/{rel}","templated":true}]}}