{"id":40908,"date":"2022-05-29T11:49:08","date_gmt":"2022-05-29T09:49:08","guid":{"rendered":"https:\/\/dev.authority.biz\/boj\/product\/b-stroller-liner-rosa\/"},"modified":"2022-05-29T11:49:08","modified_gmt":"2022-05-29T11:49:08","slug":"b-carrozzina-liner-rosa","status":"publish","type":"product","link":"https:\/\/www.bojungle.eu\/it\/prodotto\/b-carrozzina-liner-rosa\/","title":{"rendered":"B-Stroller Liner Rosa"},"content":{"rendered":"<ul>\n<li>Perch\u00e9 anche i neonati pi\u00f9 grandi o i bambini che sono gi\u00e0 in grado di stare in un passeggino meritano di avere il meglio.<\/li>\n<li>Intarsio con lato invernale super morbido e lato estivo assorbente<\/li>\n<li>Con aperture per le cinture di sicurezza<\/li>\n<li>Lavabile in lavatrice<\/li>\n<\/ul>\n","protected":false},"excerpt":{"rendered":"<p>Intarsio con lato invernale super morbido e lato estivo assorbente<\/p>\n","protected":false},"featured_media":68431,"comment_status":"closed","ping_status":"closed","template":"","meta":{"_lmt_disableupdate":"","_lmt_disable":""},"product_brand":[],"product_cat":[626,625],"product_tag":[],"woo-feed-brand":[],"class_list":{"0":"post-40908","1":"product","2":"type-product","3":"status-publish","4":"has-post-thumbnail","6":"product_cat-accessori-per-esterni","7":"product_cat-allaperto","9":"first","10":"instock","11":"taxable","12":"shipping-taxable","13":"purchasable","14":"product-type-simple"},"_links":{"self":[{"href":"https:\/\/www.bojungle.eu\/it\/wp-json\/wp\/v2\/product\/40908","targetHints":{"allow":["GET"]}}],"collection":[{"href":"https:\/\/www.bojungle.eu\/it\/wp-json\/wp\/v2\/product"}],"about":[{"href":"https:\/\/www.bojungle.eu\/it\/wp-json\/wp\/v2\/types\/product"}],"replies":[{"embeddable":true,"href":"https:\/\/www.bojungle.eu\/it\/wp-json\/wp\/v2\/comments?post=40908"}],"version-history":[{"count":0,"href":"https:\/\/www.bojungle.eu\/it\/wp-json\/wp\/v2\/product\/40908\/revisions"}],"wp:featuredmedia":[{"embeddable":true,"href":"https:\/\/www.bojungle.eu\/it\/wp-json\/wp\/v2\/media\/68431"}],"wp:attachment":[{"href":"https:\/\/www.bojungle.eu\/it\/wp-json\/wp\/v2\/media?parent=40908"}],"wp:term":[{"taxonomy":"product_brand","embeddable":true,"href":"https:\/\/www.bojungle.eu\/it\/wp-json\/wp\/v2\/product_brand?post=40908"},{"taxonomy":"product_cat","embeddable":true,"href":"https:\/\/www.bojungle.eu\/it\/wp-json\/wp\/v2\/product_cat?post=40908"},{"taxonomy":"product_tag","embeddable":true,"href":"https:\/\/www.bojungle.eu\/it\/wp-json\/wp\/v2\/product_tag?post=40908"},{"taxonomy":"woo-feed-brand","embeddable":true,"href":"https:\/\/www.bojungle.eu\/it\/wp-json\/wp\/v2\/woo-feed-brand?post=40908"}],"curies":[{"name":"wp","href":"https:\/\/api.w.org\/{rel}","templated":true}]}}