{"id":41019,"date":"2022-05-29T11:49:06","date_gmt":"2022-05-29T09:49:06","guid":{"rendered":"https:\/\/dev.authority.biz\/boj\/product\/b-snooze-3-in-1-taupe\/"},"modified":"2024-02-12T16:39:17","modified_gmt":"2024-02-12T15:39:17","slug":"b-snooze-3-in-1-taupe-2","status":"publish","type":"product","link":"https:\/\/www.bojungle.eu\/it\/prodotto\/b-snooze-3-in-1-taupe-2\/","title":{"rendered":"B-Snooze 3 in 1 Beige"},"content":{"rendered":"<p>Il B-Snooze 3 in 1 Beige \u00e8 realizzato pensando alla versatilit\u00e0. Pu\u00f2 essere utilizzato in tre diverse configurazioni, ciascuna delle quali offre un supporto su misura per varie posizioni ed esigenze del sonno. Sia che si tratti di elevare delicatamente la testa del bambino, di cullare il suo corpo delicato o di offrire supporto durante i viaggi, questo cuscino si adatta facilmente alle esigenze del bambino. Una delle caratteristiche principali di B-Snooze 3 in 1 \u00e8 il poggiatesta regolabile, progettato per adattarsi alla crescita e allo sviluppo del bambino. Man mano che il bambino cresce, \u00e8 sufficiente modificare il poggiatesta per garantire il comfort e l&#8217;allineamento ottimali, promuovendo abitudini di sonno sane dalla prima infanzia fino all&#8217;adolescenza. Progettato con materiali traspiranti, questo lettino favorisce il flusso d&#8217;aria e la traspirazione, mantenendo il bambino fresco e comodo in tutte le stagioni. L&#8217;uso di tessuti pregiati e traspiranti non solo aumenta il comfort, ma d\u00e0 anche priorit\u00e0 alla sicurezza, assicurando che il bambino dorma profondamente senza surriscaldarsi. La sicurezza \u00e8 fondamentale, per questo il B-Snooze 3 in 1 \u00e8 dotato di aperture per le cinture di sicurezza, per garantire una vestibilit\u00e0 sicura e aderente durante i viaggi o l&#8217;utilizzo nel passeggino o nel seggiolino auto. Inoltre, la parte inferiore \u00e8 resistente all&#8217;acqua e offre una protezione aggiuntiva contro gli incidenti e le fuoriuscite di pannolini, in modo che possiate stare tranquilli sapendo che l&#8217;ambiente in cui dorme il vostro bambino rimane pulito e igienico.<\/p>\n<p>Migliora l&#8217;esperienza di viaggio e di sonno del tuo bambino con B-Snooze 3 in 1 beige. Progettato per la versatilit\u00e0, il comfort e la sicurezza, \u00e8 il compagno perfetto per il viaggio del vostro piccolo!<\/p>\n<ul>\n<li>Cuscino universale che offre sostegno a tutto il corpo del bambino<\/li>\n<li>Le 3 parti possono essere utilizzate anche singolarmente<\/li>\n<li>Il poggiatesta pu\u00f2 essere regolato in base alla crescita del bambino.<\/li>\n<li>Le sostanze ventilanti offrono maggiore comfort e sicurezza in tutte le stagioni<\/li>\n<li>Con aperture per le cinture di sicurezza<\/li>\n<li>La parte inferiore \u00e8 resistente all&#8217;acqua per offrire protezione contro gli incidenti da immersione.<\/li>\n<\/ul>\n","protected":false},"excerpt":{"rendered":"<p>Scopri il B-Snooze 3 in 1 beige, la soluzione definitiva per il comfort e la sicurezza del tuo bambino durante il sonno e i viaggi. Questo innovativo cuscino universale \u00e8 stato meticolosamente progettato per fornire un supporto completo a tutto il corpo del bambino, assicurando un riposo accogliente e sicuro ogni volta.<\/p>\n<p>&nbsp;<\/p>\n","protected":false},"featured_media":65866,"comment_status":"closed","ping_status":"closed","template":"","meta":{"_lmt_disableupdate":"","_lmt_disable":""},"product_brand":[],"product_cat":[626,625],"product_tag":[],"woo-feed-brand":[],"class_list":{"0":"post-41019","1":"product","2":"type-product","3":"status-publish","4":"has-post-thumbnail","6":"product_cat-accessori-per-esterni","7":"product_cat-allaperto","9":"first","10":"outofstock","11":"taxable","12":"shipping-taxable","13":"purchasable","14":"product-type-simple"},"_links":{"self":[{"href":"https:\/\/www.bojungle.eu\/it\/wp-json\/wp\/v2\/product\/41019","targetHints":{"allow":["GET"]}}],"collection":[{"href":"https:\/\/www.bojungle.eu\/it\/wp-json\/wp\/v2\/product"}],"about":[{"href":"https:\/\/www.bojungle.eu\/it\/wp-json\/wp\/v2\/types\/product"}],"replies":[{"embeddable":true,"href":"https:\/\/www.bojungle.eu\/it\/wp-json\/wp\/v2\/comments?post=41019"}],"version-history":[{"count":1,"href":"https:\/\/www.bojungle.eu\/it\/wp-json\/wp\/v2\/product\/41019\/revisions"}],"predecessor-version":[{"id":65876,"href":"https:\/\/www.bojungle.eu\/it\/wp-json\/wp\/v2\/product\/41019\/revisions\/65876"}],"wp:featuredmedia":[{"embeddable":true,"href":"https:\/\/www.bojungle.eu\/it\/wp-json\/wp\/v2\/media\/65866"}],"wp:attachment":[{"href":"https:\/\/www.bojungle.eu\/it\/wp-json\/wp\/v2\/media?parent=41019"}],"wp:term":[{"taxonomy":"product_brand","embeddable":true,"href":"https:\/\/www.bojungle.eu\/it\/wp-json\/wp\/v2\/product_brand?post=41019"},{"taxonomy":"product_cat","embeddable":true,"href":"https:\/\/www.bojungle.eu\/it\/wp-json\/wp\/v2\/product_cat?post=41019"},{"taxonomy":"product_tag","embeddable":true,"href":"https:\/\/www.bojungle.eu\/it\/wp-json\/wp\/v2\/product_tag?post=41019"},{"taxonomy":"woo-feed-brand","embeddable":true,"href":"https:\/\/www.bojungle.eu\/it\/wp-json\/wp\/v2\/woo-feed-brand?post=41019"}],"curies":[{"name":"wp","href":"https:\/\/api.w.org\/{rel}","templated":true}]}}