{"id":41257,"date":"2022-05-29T11:41:41","date_gmt":"2022-05-29T09:41:41","guid":{"rendered":"https:\/\/dev.authority.biz\/boj\/product\/b-plush-toy-con-coperta-zimbe-lelefante\/"},"modified":"2022-05-29T11:41:41","modified_gmt":"2022-05-29T11:41:41","slug":"b-plush-giocattolo-con-coperta-zimbe-lelefante","status":"publish","type":"product","link":"https:\/\/www.bojungle.eu\/it\/prodotto\/b-plush-giocattolo-con-coperta-zimbe-lelefante\/","title":{"rendered":"B-Plush toy con coperta Zimbe l&#8217;elefante"},"content":{"rendered":"<ul>\n<li>Set composto da peluche in morbidissima spugna e da una coperta\/asciugamano da bagno<\/li>\n<li>Un lato della coperta \u00e8 realizzato in spugna e pu\u00f2 essere utilizzato come asciugamano, mentre l&#8217;altro lato \u00e8 realizzato in morbido pile e pu\u00f2 essere utilizzato come coperta.<\/li>\n<li>Facile da mantenere, lavabile in lavatrice<\/li>\n<li>Dimensioni del peluche: +- 45 cm in posizione aperta<\/li>\n<li>Dimensioni della coperta: 75 x 95 cm<\/li>\n<\/ul>\n","protected":false},"excerpt":{"rendered":"<p>Set composto da peluche in morbidissima spugna e da una coperta\/asciugamano da bagno<\/p>\n","protected":false},"featured_media":56145,"comment_status":"closed","ping_status":"closed","template":"","meta":{"_lmt_disableupdate":"","_lmt_disable":""},"product_brand":[],"product_cat":[470,469],"product_tag":[],"woo-feed-brand":[],"class_list":{"0":"post-41257","1":"product","2":"type-product","3":"status-publish","4":"has-post-thumbnail","6":"product_cat-giocattoli-di-peluche","7":"product_cat-tempo-di-gioco","9":"first","10":"instock","11":"taxable","12":"shipping-taxable","13":"purchasable","14":"product-type-simple"},"_links":{"self":[{"href":"https:\/\/www.bojungle.eu\/it\/wp-json\/wp\/v2\/product\/41257","targetHints":{"allow":["GET"]}}],"collection":[{"href":"https:\/\/www.bojungle.eu\/it\/wp-json\/wp\/v2\/product"}],"about":[{"href":"https:\/\/www.bojungle.eu\/it\/wp-json\/wp\/v2\/types\/product"}],"replies":[{"embeddable":true,"href":"https:\/\/www.bojungle.eu\/it\/wp-json\/wp\/v2\/comments?post=41257"}],"version-history":[{"count":0,"href":"https:\/\/www.bojungle.eu\/it\/wp-json\/wp\/v2\/product\/41257\/revisions"}],"wp:featuredmedia":[{"embeddable":true,"href":"https:\/\/www.bojungle.eu\/it\/wp-json\/wp\/v2\/media\/56145"}],"wp:attachment":[{"href":"https:\/\/www.bojungle.eu\/it\/wp-json\/wp\/v2\/media?parent=41257"}],"wp:term":[{"taxonomy":"product_brand","embeddable":true,"href":"https:\/\/www.bojungle.eu\/it\/wp-json\/wp\/v2\/product_brand?post=41257"},{"taxonomy":"product_cat","embeddable":true,"href":"https:\/\/www.bojungle.eu\/it\/wp-json\/wp\/v2\/product_cat?post=41257"},{"taxonomy":"product_tag","embeddable":true,"href":"https:\/\/www.bojungle.eu\/it\/wp-json\/wp\/v2\/product_tag?post=41257"},{"taxonomy":"woo-feed-brand","embeddable":true,"href":"https:\/\/www.bojungle.eu\/it\/wp-json\/wp\/v2\/woo-feed-brand?post=41257"}],"curies":[{"name":"wp","href":"https:\/\/api.w.org\/{rel}","templated":true}]}}