{"id":41360,"date":"2022-05-29T11:36:02","date_gmt":"2022-05-29T09:36:02","guid":{"rendered":"https:\/\/dev.authority.biz\/boj\/product\/palestra-b-play-grigio-mela\/"},"modified":"2022-05-29T11:36:02","modified_gmt":"2022-05-29T11:36:02","slug":"b-play-gym-grigio-mela","status":"publish","type":"product","link":"https:\/\/www.bojungle.eu\/it\/prodotto\/b-play-gym-grigio-mela\/","title":{"rendered":"Palestra B-Play Grigio Mela"},"content":{"rendered":"<p>Questo tappeto da gioco non ha bisogno di grandi sforzi. Gi\u00e0 dalla foto si capisce che questo tappeto da gioco \u00e8 stato realizzato con grande cura e abilit\u00e0. I fiocchi contengono 4 peluche, inoltre sul tappeto da gioco troverete delle foglie di cracker che stimoleranno sicuramente i sensi del vostro piccolo. Grazie al velboa il bambino si sdraia su un tappeto da gioco estremamente morbido e piacevole.<\/p>\n","protected":false},"excerpt":{"rendered":"<p>Questo tappeto da gioco non ha bisogno di grandi sforzi. Gi\u00e0 dalla foto si capisce che questo tappeto da gioco \u00e8 stato realizzato con grande cura e abilit\u00e0. I fiocchi contengono 4 peluche, inoltre sul tappeto da gioco troverete delle foglie di cracker che stimoleranno sicuramente i sensi del vostro piccolo. Grazie al velboa il bambino si sdraia su un tappeto da gioco estremamente morbido e piacevole.<\/p>\n","protected":false},"featured_media":74843,"comment_status":"closed","ping_status":"closed","template":"","meta":{"_lmt_disableupdate":"","_lmt_disable":""},"product_brand":[],"product_cat":[609,469],"product_tag":[],"woo-feed-brand":[],"class_list":{"0":"post-41360","1":"product","2":"type-product","3":"status-publish","4":"has-post-thumbnail","6":"product_cat-giocattoli-di-attivita","7":"product_cat-tempo-di-gioco","9":"first","10":"instock","11":"taxable","12":"shipping-taxable","13":"purchasable","14":"product-type-simple"},"_links":{"self":[{"href":"https:\/\/www.bojungle.eu\/it\/wp-json\/wp\/v2\/product\/41360","targetHints":{"allow":["GET"]}}],"collection":[{"href":"https:\/\/www.bojungle.eu\/it\/wp-json\/wp\/v2\/product"}],"about":[{"href":"https:\/\/www.bojungle.eu\/it\/wp-json\/wp\/v2\/types\/product"}],"replies":[{"embeddable":true,"href":"https:\/\/www.bojungle.eu\/it\/wp-json\/wp\/v2\/comments?post=41360"}],"version-history":[{"count":0,"href":"https:\/\/www.bojungle.eu\/it\/wp-json\/wp\/v2\/product\/41360\/revisions"}],"wp:featuredmedia":[{"embeddable":true,"href":"https:\/\/www.bojungle.eu\/it\/wp-json\/wp\/v2\/media\/74843"}],"wp:attachment":[{"href":"https:\/\/www.bojungle.eu\/it\/wp-json\/wp\/v2\/media?parent=41360"}],"wp:term":[{"taxonomy":"product_brand","embeddable":true,"href":"https:\/\/www.bojungle.eu\/it\/wp-json\/wp\/v2\/product_brand?post=41360"},{"taxonomy":"product_cat","embeddable":true,"href":"https:\/\/www.bojungle.eu\/it\/wp-json\/wp\/v2\/product_cat?post=41360"},{"taxonomy":"product_tag","embeddable":true,"href":"https:\/\/www.bojungle.eu\/it\/wp-json\/wp\/v2\/product_tag?post=41360"},{"taxonomy":"woo-feed-brand","embeddable":true,"href":"https:\/\/www.bojungle.eu\/it\/wp-json\/wp\/v2\/woo-feed-brand?post=41360"}],"curies":[{"name":"wp","href":"https:\/\/api.w.org\/{rel}","templated":true}]}}