{"id":41452,"date":"2022-05-29T11:29:51","date_gmt":"2022-05-29T09:29:51","guid":{"rendered":"https:\/\/dev.authority.biz\/boj\/product\/b-nomadic-powder-box-roze\/"},"modified":"2024-12-04T13:04:25","modified_gmt":"2024-12-04T12:04:25","slug":"b-nomadico-box-polvere-rozza","status":"publish","type":"product","link":"https:\/\/www.bojungle.eu\/it\/prodotto\/b-nomadico-box-polvere-rozza\/","title":{"rendered":"Nomadic Powder Box Rosa"},"content":{"rendered":"<p>Il contenitore per la polvere Nomadic \u00e8 il compagno perfetto per i genitori in viaggio. Progettata per conservare il latte in polvere o altri integratori in polvere, questa scatola offre la massima praticit\u00e0. Il suo design compatto e portatile la rende facile da trasportare ovunque. Che siate in viaggio, al parco o semplicemente in giro per commissioni, il contenitore Nomadic Powder Box mantiene il vostro latte in polvere fresco e accessibile.   <\/p>\n<p>Caratteristiche principali:<\/p>\n<ul>\n<li><strong>Conservazione del latte in polvere:<\/strong> Ideale per conservare il latte in polvere o altri alimenti in polvere.<\/li>\n<li><strong>Portatile e maneggevole:<\/strong> Leggero e facile da trasportare, si adatta perfettamente alla borsa o al passeggino.<\/li>\n<li><strong>Portatile e maneggevole<\/strong>: Leggero e facile da trasportare, entra perfettamente in una borsa o in una carrozzina.<\/li>\n<li><strong>Cucchiaio incluso:<\/strong> Viene fornito con un comodo cucchiaio per facilitare il prelievo e la misurazione.<\/li>\n<\/ul>\n<p>Tenete in ordine e a portata di mano il latte o gli integratori in polvere per il vostro bambino con la Scatola delle Polveri Nomadic, un must per ogni genitore impegnato!<\/p>\n","protected":false},"excerpt":{"rendered":"<div class=\"elementor-element elementor-element-80cf67d elementor-widget elementor-widget-jet-single-excerpt\" data-id=\"80cf67d\" data-element_type=\"widget\" data-widget_type=\"jet-single-excerpt.default\">\n<div class=\"elementor-widget-container\">\n<div class=\"elementor-jet-single-excerpt jet-woo-builder\">\n<div class=\"woocommerce-product-details__short-description\">\n<div class=\"elementor-element elementor-element-80cf67d elementor-widget elementor-widget-jet-single-excerpt\" data-id=\"80cf67d\" data-element_type=\"widget\" data-widget_type=\"jet-single-excerpt.default\">\n<div class=\"elementor-widget-container\">\n<div class=\"elementor-jet-single-excerpt jet-woo-builder\">\n<div class=\"woocommerce-product-details__short-description\">\n<p>La scatola per il latte in polvere Nomadic \u00e8 una soluzione compatta e portatile per conservare il latte in polvere. Ligero y f\u00e1cil de transportar, incluye una cuchara para mayor comodidad y es f\u00e1cil de limpiar, lo que lo hace perfecto para padres en movimiento.<\/p>\n<\/div>\n<\/div>\n<\/div>\n<\/div>\n<div class=\"elementor-element elementor-element-c5d7d93 elementor-widget elementor-widget-spacer\" data-id=\"c5d7d93\" data-element_type=\"widget\" data-widget_type=\"spacer.default\">\n<div class=\"elementor-widget-container\">\n<div class=\"elementor-spacer\"><\/div>\n<\/div>\n<\/div>\n<\/div>\n<\/div>\n<\/div>\n<\/div>\n<div class=\"elementor-element elementor-element-c5d7d93 elementor-widget elementor-widget-spacer\" data-id=\"c5d7d93\" data-element_type=\"widget\" data-widget_type=\"spacer.default\">\n<div class=\"elementor-widget-container\">\n<div class=\"elementor-spacer\"><\/div>\n<\/div>\n<\/div>\n","protected":false},"featured_media":70932,"comment_status":"closed","ping_status":"closed","template":"","meta":{"_lmt_disableupdate":"","_lmt_disable":""},"product_brand":[],"product_cat":[428,432],"product_tag":[],"woo-feed-brand":[],"class_list":{"0":"post-41452","1":"product","2":"type-product","3":"status-publish","4":"has-post-thumbnail","6":"product_cat-cibo-e-bevande","7":"product_cat-preparazione-dei-pasti","9":"first","10":"outofstock","11":"taxable","12":"shipping-taxable","13":"purchasable","14":"product-type-simple"},"_links":{"self":[{"href":"https:\/\/www.bojungle.eu\/it\/wp-json\/wp\/v2\/product\/41452","targetHints":{"allow":["GET"]}}],"collection":[{"href":"https:\/\/www.bojungle.eu\/it\/wp-json\/wp\/v2\/product"}],"about":[{"href":"https:\/\/www.bojungle.eu\/it\/wp-json\/wp\/v2\/types\/product"}],"replies":[{"embeddable":true,"href":"https:\/\/www.bojungle.eu\/it\/wp-json\/wp\/v2\/comments?post=41452"}],"version-history":[{"count":1,"href":"https:\/\/www.bojungle.eu\/it\/wp-json\/wp\/v2\/product\/41452\/revisions"}],"predecessor-version":[{"id":78539,"href":"https:\/\/www.bojungle.eu\/it\/wp-json\/wp\/v2\/product\/41452\/revisions\/78539"}],"wp:featuredmedia":[{"embeddable":true,"href":"https:\/\/www.bojungle.eu\/it\/wp-json\/wp\/v2\/media\/70932"}],"wp:attachment":[{"href":"https:\/\/www.bojungle.eu\/it\/wp-json\/wp\/v2\/media?parent=41452"}],"wp:term":[{"taxonomy":"product_brand","embeddable":true,"href":"https:\/\/www.bojungle.eu\/it\/wp-json\/wp\/v2\/product_brand?post=41452"},{"taxonomy":"product_cat","embeddable":true,"href":"https:\/\/www.bojungle.eu\/it\/wp-json\/wp\/v2\/product_cat?post=41452"},{"taxonomy":"product_tag","embeddable":true,"href":"https:\/\/www.bojungle.eu\/it\/wp-json\/wp\/v2\/product_tag?post=41452"},{"taxonomy":"woo-feed-brand","embeddable":true,"href":"https:\/\/www.bojungle.eu\/it\/wp-json\/wp\/v2\/woo-feed-brand?post=41452"}],"curies":[{"name":"wp","href":"https:\/\/api.w.org\/{rel}","templated":true}]}}