{"id":41523,"date":"2022-05-29T11:29:48","date_gmt":"2022-05-29T09:29:48","guid":{"rendered":"https:\/\/dev.authority.biz\/boj\/product\/b-il-mio-primo-smartphone-rosso\/"},"modified":"2022-05-29T11:29:48","modified_gmt":"2022-05-29T11:29:48","slug":"b-il-mio-primo-smartphone-rood","status":"publish","type":"product","link":"https:\/\/www.bojungle.eu\/it\/prodotto\/b-il-mio-primo-smartphone-rood\/","title":{"rendered":"B-Il mio primo smartphone rosso"},"content":{"rendered":"<p>Questo giocattolo \u00e8 adatto ai bambini a partire dai 12 mesi.<\/p>\n<p>A questa et\u00e0 i bambini sviluppano un forte senso di curiosit\u00e0 e amano imitare i genitori. Questo smartphone giocattolo far\u00e0 sicuramente divertire il vostro piccolo ed \u00e8 una funzione divertente che aiuta il bambino a imparare giocando.<\/p>\n","protected":false},"excerpt":{"rendered":"<p>Questo smartphone giocattolo far\u00e0 sicuramente divertire il vostro piccolo ed \u00e8 una funzione divertente che aiuta il bambino a imparare giocando.<\/p>\n","protected":false},"featured_media":71576,"comment_status":"closed","ping_status":"closed","template":"","meta":{"_lmt_disableupdate":"","_lmt_disable":""},"product_brand":[],"product_cat":[486,609,610,469],"product_tag":[],"woo-feed-brand":[],"class_list":{"0":"post-41523","1":"product","2":"type-product","3":"status-publish","4":"has-post-thumbnail","6":"product_cat-giocattoli-colorati","7":"product_cat-giocattoli-di-attivita","8":"product_cat-giocattoli-musicali","9":"product_cat-tempo-di-gioco","11":"first","12":"instock","13":"taxable","14":"shipping-taxable","15":"purchasable","16":"product-type-simple"},"_links":{"self":[{"href":"https:\/\/www.bojungle.eu\/it\/wp-json\/wp\/v2\/product\/41523","targetHints":{"allow":["GET"]}}],"collection":[{"href":"https:\/\/www.bojungle.eu\/it\/wp-json\/wp\/v2\/product"}],"about":[{"href":"https:\/\/www.bojungle.eu\/it\/wp-json\/wp\/v2\/types\/product"}],"replies":[{"embeddable":true,"href":"https:\/\/www.bojungle.eu\/it\/wp-json\/wp\/v2\/comments?post=41523"}],"version-history":[{"count":0,"href":"https:\/\/www.bojungle.eu\/it\/wp-json\/wp\/v2\/product\/41523\/revisions"}],"wp:featuredmedia":[{"embeddable":true,"href":"https:\/\/www.bojungle.eu\/it\/wp-json\/wp\/v2\/media\/71576"}],"wp:attachment":[{"href":"https:\/\/www.bojungle.eu\/it\/wp-json\/wp\/v2\/media?parent=41523"}],"wp:term":[{"taxonomy":"product_brand","embeddable":true,"href":"https:\/\/www.bojungle.eu\/it\/wp-json\/wp\/v2\/product_brand?post=41523"},{"taxonomy":"product_cat","embeddable":true,"href":"https:\/\/www.bojungle.eu\/it\/wp-json\/wp\/v2\/product_cat?post=41523"},{"taxonomy":"product_tag","embeddable":true,"href":"https:\/\/www.bojungle.eu\/it\/wp-json\/wp\/v2\/product_tag?post=41523"},{"taxonomy":"woo-feed-brand","embeddable":true,"href":"https:\/\/www.bojungle.eu\/it\/wp-json\/wp\/v2\/woo-feed-brand?post=41523"}],"curies":[{"name":"wp","href":"https:\/\/api.w.org\/{rel}","templated":true}]}}