{"id":41602,"date":"2022-05-29T11:29:47","date_gmt":"2022-05-29T09:29:47","guid":{"rendered":"https:\/\/dev.authority.biz\/boj\/product\/set-da-toelettatura-b-luxury-grigio\/"},"modified":"2024-03-04T10:23:51","modified_gmt":"2024-03-04T09:23:51","slug":"b-luxury-grooming-set-grigio","status":"publish","type":"product","link":"https:\/\/www.bojungle.eu\/it\/prodotto\/b-luxury-grooming-set-grigio\/","title":{"rendered":"Set da toelettatura B-Luxury Grigio"},"content":{"rendered":"<p>Scoprite il nostro lussuoso Baby Luxury Grooming Set in grigio! Ha tutto il necessario per prendersi cura del vostro piccolo &#8211; un totale di 15 articoli! <\/p>\n<ol>\n<li><strong>Cura delle unghie:<\/strong> Abbiamo lime, forbici e tagliaunghie per mantenere le unghie pulite e ordinate.<\/li>\n<li><strong>Spazzolini da denti:<\/strong> Ce n&#8217;\u00e8 uno normale e uno piccolo per le piccole dita, che aiuta a mantenere puliti i bianchi perlati.<\/li>\n<li><strong>Cura dei capelli:<\/strong> Un pettine e una spazzola morbida per mantenere i capelli del bambino al meglio.<\/li>\n<li><strong>Strumenti per la somministrazione di farmaci:<\/strong> Abbiamo incluso una siringa per somministrare accuratamente i farmaci liquidi.<\/li>\n<li><strong>Controllori di temperatura:<\/strong> Un termometro digitale per controllare la temperatura del bambino e uno speciale per il bagno per assicurarsi che sia giusta.<\/li>\n<li><strong>Aspiratore nasale:<\/strong> Aiuta a liberare il naso chiuso del bambino per facilitare la respirazione.<\/li>\n<\/ol>\n<p>La borsa in cui \u00e8 contenuto il tutto \u00e8 super trendy e ha molto spazio per gli extra, come shampoo e lozione. Inoltre, \u00e8 dotata di una gruccia per poterla appendere a un gancio quando si \u00e8 in giro. E non preoccupatevi di eventuali fuoriuscite: la borsa \u00e8 realizzata in un materiale di buona qualit\u00e0 che potete mettere in lavatrice quando serve. Quindi, mantenete il vostro bambino bello e in forma con il nostro set per la toelettatura del bambino in grigio!   <\/p>\n","protected":false},"excerpt":{"rendered":"<p>Scoprite il nostro Luxury Grooming Set Grey! Con 15 articoli essenziali, tra cui strumenti per la cura delle unghie, spazzolini da denti, accessori per la cura dei capelli e altro ancora, questo set ha tutto ci\u00f2 che serve per mantenere il vostro piccolo pulito e a suo agio. L&#8217;elegante borsa offre una comoda custodia ed \u00e8 lavabile in lavatrice per una facile pulizia. Aggiornate la routine di toelettatura del vostro bambino con questo set indispensabile!   <\/p>\n","protected":false},"featured_media":67443,"comment_status":"closed","ping_status":"closed","template":"","meta":{"_lmt_disableupdate":"","_lmt_disable":""},"product_brand":[],"product_cat":[583,520],"product_tag":[],"woo-feed-brand":[],"class_list":{"0":"post-41602","1":"product","2":"type-product","3":"status-publish","4":"has-post-thumbnail","6":"product_cat-bellezza-e-salute-del-bambino","7":"product_cat-toelettatura","9":"first","10":"instock","11":"featured","12":"taxable","13":"shipping-taxable","14":"purchasable","15":"product-type-simple"},"_links":{"self":[{"href":"https:\/\/www.bojungle.eu\/it\/wp-json\/wp\/v2\/product\/41602","targetHints":{"allow":["GET"]}}],"collection":[{"href":"https:\/\/www.bojungle.eu\/it\/wp-json\/wp\/v2\/product"}],"about":[{"href":"https:\/\/www.bojungle.eu\/it\/wp-json\/wp\/v2\/types\/product"}],"replies":[{"embeddable":true,"href":"https:\/\/www.bojungle.eu\/it\/wp-json\/wp\/v2\/comments?post=41602"}],"version-history":[{"count":1,"href":"https:\/\/www.bojungle.eu\/it\/wp-json\/wp\/v2\/product\/41602\/revisions"}],"predecessor-version":[{"id":67477,"href":"https:\/\/www.bojungle.eu\/it\/wp-json\/wp\/v2\/product\/41602\/revisions\/67477"}],"wp:featuredmedia":[{"embeddable":true,"href":"https:\/\/www.bojungle.eu\/it\/wp-json\/wp\/v2\/media\/67443"}],"wp:attachment":[{"href":"https:\/\/www.bojungle.eu\/it\/wp-json\/wp\/v2\/media?parent=41602"}],"wp:term":[{"taxonomy":"product_brand","embeddable":true,"href":"https:\/\/www.bojungle.eu\/it\/wp-json\/wp\/v2\/product_brand?post=41602"},{"taxonomy":"product_cat","embeddable":true,"href":"https:\/\/www.bojungle.eu\/it\/wp-json\/wp\/v2\/product_cat?post=41602"},{"taxonomy":"product_tag","embeddable":true,"href":"https:\/\/www.bojungle.eu\/it\/wp-json\/wp\/v2\/product_tag?post=41602"},{"taxonomy":"woo-feed-brand","embeddable":true,"href":"https:\/\/www.bojungle.eu\/it\/wp-json\/wp\/v2\/woo-feed-brand?post=41602"}],"curies":[{"name":"wp","href":"https:\/\/api.w.org\/{rel}","templated":true}]}}