{"id":42808,"date":"2022-05-29T11:29:10","date_gmt":"2022-05-29T09:29:10","guid":{"rendered":"https:\/\/bojungle.eu\/shop\/product\/tasti-b-in-silicone-grigio-bianco-blu-rosa\/"},"modified":"2024-04-11T13:54:32","modified_gmt":"2024-04-11T11:54:32","slug":"b-tastiere-silicone-grigio-bianco-blu-rosa","status":"publish","type":"product","link":"https:\/\/www.bojungle.eu\/it\/prodotto\/b-tastiere-silicone-grigio-bianco-blu-rosa\/","title":{"rendered":"Tasti in silicone (grigio, bianco, blu, rosa)"},"content":{"rendered":"<p>Scopri le nostre chiavi in silicone (grigio, bianco, blu, rosa): sono un must per i giochi del tuo piccolo! Realizzate in silicone ecologico, queste chiavi sono pi\u00f9 che semplici giocattoli per la dentizione. Con i tasti sciolti che circondano il bottone centrale, offrono un design facile da afferrare, perfetto per le mani dei pi\u00f9 piccoli che possono esplorarlo e giocarci. Non solo danno sollievo ai fastidi della dentizione, ma stimolano anche i sensi del bambino con i loro colori vivaci e le forme diverse. Immaginate la gioia sul viso del vostro piccolo mentre scopre le diverse consistenze e tonalit\u00e0! Ed ecco la ciliegina sulla torta: Keys Silicone Set non \u00e8 solo sicuro per il vostro bambino, ma anche per il pianeta. Realizzato con silicone di alta qualit\u00e0, potete essere certi che il gioco del vostro bambino sar\u00e0 piacevole ed ecologico. Perch\u00e9 accontentarsi di giocattoli ordinari quando si pu\u00f2 migliorare l&#8217;esperienza di gioco del bambino con il nostro set di chiavi in silicone? Aggiungete un tocco di colore, comfort ed ecocompatibilit\u00e0 al mondo del vostro bambino!  <\/p>\n","protected":false},"excerpt":{"rendered":"<div class=\"w-full text-token-text-primary\" dir=\"auto\" data-testid=\"conversation-turn-5\">\n<div class=\"px-4 py-2 justify-center text-base md:gap-6 m-auto\">\n<div class=\"flex flex-1 text-base mx-auto gap-3 juice:gap-4 juice:md:gap-6 md:px-5 lg:px-1 xl:px-5 md:max-w-3xl lg:max-w-[40rem] xl:max-w-[48rem] group\">\n<div class=\"relative flex w-full flex-col agent-turn\">\n<div class=\"flex-col gap-1 md:gap-3\">\n<div class=\"flex flex-grow flex-col max-w-full\">\n<div class=\"min-h-[20px] text-message flex flex-col items-start gap-3 whitespace-pre-wrap break-words [.text-message+&amp;]:mt-5 overflow-x-auto\" dir=\"auto\" data-message-author-role=\"assistant\" data-message-id=\"17b7d7b6-b91e-4499-b753-bc31b4cdf645\">\n<div class=\"markdown prose w-full break-words dark:prose-invert light\">\n<p>Scopri le nostre chiavi in silicone (grigio, bianco, blu, rosa): sono fantastiche per il tuo piccolo! Realizzate in silicone ecologico, queste chiavi non sono solo per la dentizione. Sono ottime anche come giocattoli da impugnare, grazie ai tasti sciolti intorno al tettarellamento principale. Inoltre, sono disponibili in diversi colori e forme, il che \u00e8 molto divertente per i sensi del bambino. E la parte migliore? Sono sicuri per il bambino e per l&#8217;ambiente. Quindi, perch\u00e9 aspettare? Acquistate oggi stesso il vostro set di chiavi in silicone!       <\/p>\n<\/div>\n<\/div>\n<\/div>\n<\/div>\n<div class=\"absolute\">\n<div class=\"flex w-full gap-2 items-center justify-center\"><\/div>\n<\/div>\n<\/div>\n<\/div>\n<\/div>\n<\/div>\n<div class=\"w-full text-token-text-primary\" dir=\"auto\" data-testid=\"conversation-turn-6\">\n<div class=\"px-4 py-2 justify-center text-base md:gap-6 m-auto\">\n<div class=\"flex flex-1 text-base mx-auto gap-3 juice:gap-4 juice:md:gap-6 md:px-5 lg:px-1 xl:px-5 md:max-w-3xl lg:max-w-[40rem] xl:max-w-[48rem] group\">\n<div class=\"flex-shrink-0 flex flex-col relative items-end\">\n<div>\n<div class=\"pt-0.5\">\n<div class=\"gizmo-shadow-stroke flex h-6 w-6 items-center justify-center overflow-hidden rounded-full\"><\/div>\n<\/div>\n<\/div>\n<\/div>\n<\/div>\n<\/div>\n<\/div>\n","protected":false},"featured_media":73015,"comment_status":"closed","ping_status":"closed","template":"","meta":{"_lmt_disableupdate":"","_lmt_disable":""},"product_brand":[],"product_cat":[488,469],"product_tag":[],"woo-feed-brand":[],"class_list":{"0":"post-42808","1":"product","2":"type-product","3":"status-publish","4":"has-post-thumbnail","6":"product_cat-giocattoli-in-silicone","7":"product_cat-tempo-di-gioco","9":"first","10":"instock","11":"taxable","12":"shipping-taxable","13":"purchasable","14":"product-type-simple"},"_links":{"self":[{"href":"https:\/\/www.bojungle.eu\/it\/wp-json\/wp\/v2\/product\/42808","targetHints":{"allow":["GET"]}}],"collection":[{"href":"https:\/\/www.bojungle.eu\/it\/wp-json\/wp\/v2\/product"}],"about":[{"href":"https:\/\/www.bojungle.eu\/it\/wp-json\/wp\/v2\/types\/product"}],"replies":[{"embeddable":true,"href":"https:\/\/www.bojungle.eu\/it\/wp-json\/wp\/v2\/comments?post=42808"}],"version-history":[{"count":1,"href":"https:\/\/www.bojungle.eu\/it\/wp-json\/wp\/v2\/product\/42808\/revisions"}],"predecessor-version":[{"id":73037,"href":"https:\/\/www.bojungle.eu\/it\/wp-json\/wp\/v2\/product\/42808\/revisions\/73037"}],"wp:featuredmedia":[{"embeddable":true,"href":"https:\/\/www.bojungle.eu\/it\/wp-json\/wp\/v2\/media\/73015"}],"wp:attachment":[{"href":"https:\/\/www.bojungle.eu\/it\/wp-json\/wp\/v2\/media?parent=42808"}],"wp:term":[{"taxonomy":"product_brand","embeddable":true,"href":"https:\/\/www.bojungle.eu\/it\/wp-json\/wp\/v2\/product_brand?post=42808"},{"taxonomy":"product_cat","embeddable":true,"href":"https:\/\/www.bojungle.eu\/it\/wp-json\/wp\/v2\/product_cat?post=42808"},{"taxonomy":"product_tag","embeddable":true,"href":"https:\/\/www.bojungle.eu\/it\/wp-json\/wp\/v2\/product_tag?post=42808"},{"taxonomy":"woo-feed-brand","embeddable":true,"href":"https:\/\/www.bojungle.eu\/it\/wp-json\/wp\/v2\/woo-feed-brand?post=42808"}],"curies":[{"name":"wp","href":"https:\/\/api.w.org\/{rel}","templated":true}]}}