{"id":42816,"date":"2022-05-29T11:29:10","date_gmt":"2022-05-29T09:29:10","guid":{"rendered":"https:\/\/bojungle.eu\/shop\/product\/tavolo-b-imparare-e-scoprire\/"},"modified":"2025-08-06T14:54:49","modified_gmt":"2025-08-06T12:54:49","slug":"b-apprendimento-scoperta-tabella","status":"publish","type":"product","link":"https:\/\/www.bojungle.eu\/it\/prodotto\/b-apprendimento-scoperta-tabella\/","title":{"rendered":"Tavolo B-Imparare e scoprire"},"content":{"rendered":"<p>Vi presentiamo il nostro Tavolo Impara e Scopri, perfetto per i vostri piccoli esploratori!<\/p>\n<p>Questo tavolo \u00e8 super colorato e ha tante cose divertenti da fare. Lasciate cadere la pallina sul tavolo e guardatela girare prima che cada nel buco. \u00c8 come una magia! Questo aiuta il bambino a seguire le cose con gli occhi.   <\/p>\n<p>Ma aspettate, c&#8217;\u00e8 di pi\u00f9! Premete i denti dell&#8217;ippopotamo e sentirete una musica e dei suoni fantastici. \u00c8 cos\u00ec divertente! E aiuta il bambino a capire come funzionano le cose.   <\/p>\n<p>Con luci e musica, questo tavolo \u00e8 uno spasso per i sensi. Il vostro bambino amer\u00e0 giocare e imparare con lui! <\/p>\n<p>Preparatevi a ore di divertimento e apprendimento con il nostro Tavolo Impara e Scopri!<\/p>\n<p>&nbsp;<\/p>\n<table border=\"1\">\n<tbody>\n<tr>\n<td>Manuale<\/td>\n<td><a href=\"https:\/\/www.bojungle.eu\/wp-content\/uploads\/2025\/08\/Manual-B925210-2.pdf\">Clicca qui<\/a><\/td>\n<\/tr>\n<\/tbody>\n<\/table>\n","protected":false},"excerpt":{"rendered":"<div class=\"flex-1 overflow-hidden\">\n<div class=\"react-scroll-to-bottom--css-jpaix-79elbk h-full\">\n<div class=\"react-scroll-to-bottom--css-jpaix-1n7m0yu\">\n<div class=\"flex flex-col text-sm pb-9\">\n<div class=\"w-full text-token-text-primary\" dir=\"auto\" data-testid=\"conversation-turn-7\" data-scroll-anchor=\"true\">\n<div class=\"py-2 px-3 text-base md:px-4 m-auto md:px-5 lg:px-1 xl:px-5\">\n<div class=\"mx-auto flex flex-1 gap-3 text-base juice:gap-4 juice:md:gap-6 md:max-w-3xl lg:max-w-[40rem] xl:max-w-[48rem]\">\n<div class=\"relative flex w-full min-w-0 flex-col agent-turn\">\n<div class=\"flex-col gap-1 md:gap-3\">\n<div class=\"flex flex-grow flex-col max-w-full\">\n<div class=\"min-h-[20px] text-message flex flex-col items-start whitespace-pre-wrap break-words [.text-message+&amp;]:mt-5 overflow-x-auto gap-3\" dir=\"auto\" data-message-author-role=\"assistant\" data-message-id=\"e862e374-493f-440c-bba9-50430143b1bf\">\n<div class=\"markdown prose w-full break-words dark:prose-invert light\">\n<p>Vi presentiamo il nostro tavolo per imparare e scoprire! Con palline colorate che ruotano e cadono attraverso i fori, musica divertente e suoni di animali, \u00e8 perfetto per i pi\u00f9 piccoli per imparare e giocare. Guardate come il vostro bambino esplora la causa e l&#8217;effetto mentre si diverte con luci e musica!  <\/p>\n<\/div>\n<\/div>\n<\/div>\n<\/div>\n<\/div>\n<\/div>\n<\/div>\n<\/div>\n<\/div>\n<\/div>\n<\/div>\n<\/div>\n","protected":false},"featured_media":71516,"comment_status":"closed","ping_status":"closed","template":"","meta":{"_lmt_disableupdate":"","_lmt_disable":""},"product_brand":[],"product_cat":[486,609,610,1342,469],"product_tag":[1046,1049,1047,1050,1051,1048,1045],"woo-feed-brand":[],"class_list":{"0":"post-42816","1":"product","2":"type-product","3":"status-publish","4":"has-post-thumbnail","6":"product_cat-giocattoli-colorati","7":"product_cat-giocattoli-di-attivita","8":"product_cat-giocattoli-musicali","9":"product_cat-saldi","10":"product_cat-tempo-di-gioco","11":"product_tag-attivita","12":"product_tag-giochi-con-la-palla","13":"product_tag-imparare","14":"product_tag-luci","15":"product_tag-musica","16":"product_tag-scoperta","17":"product_tag-tavolo","19":"first","20":"instock","21":"sale","22":"taxable","23":"shipping-taxable","24":"purchasable","25":"product-type-simple"},"_links":{"self":[{"href":"https:\/\/www.bojungle.eu\/it\/wp-json\/wp\/v2\/product\/42816","targetHints":{"allow":["GET"]}}],"collection":[{"href":"https:\/\/www.bojungle.eu\/it\/wp-json\/wp\/v2\/product"}],"about":[{"href":"https:\/\/www.bojungle.eu\/it\/wp-json\/wp\/v2\/types\/product"}],"replies":[{"embeddable":true,"href":"https:\/\/www.bojungle.eu\/it\/wp-json\/wp\/v2\/comments?post=42816"}],"version-history":[{"count":2,"href":"https:\/\/www.bojungle.eu\/it\/wp-json\/wp\/v2\/product\/42816\/revisions"}],"predecessor-version":[{"id":80817,"href":"https:\/\/www.bojungle.eu\/it\/wp-json\/wp\/v2\/product\/42816\/revisions\/80817"}],"wp:featuredmedia":[{"embeddable":true,"href":"https:\/\/www.bojungle.eu\/it\/wp-json\/wp\/v2\/media\/71516"}],"wp:attachment":[{"href":"https:\/\/www.bojungle.eu\/it\/wp-json\/wp\/v2\/media?parent=42816"}],"wp:term":[{"taxonomy":"product_brand","embeddable":true,"href":"https:\/\/www.bojungle.eu\/it\/wp-json\/wp\/v2\/product_brand?post=42816"},{"taxonomy":"product_cat","embeddable":true,"href":"https:\/\/www.bojungle.eu\/it\/wp-json\/wp\/v2\/product_cat?post=42816"},{"taxonomy":"product_tag","embeddable":true,"href":"https:\/\/www.bojungle.eu\/it\/wp-json\/wp\/v2\/product_tag?post=42816"},{"taxonomy":"woo-feed-brand","embeddable":true,"href":"https:\/\/www.bojungle.eu\/it\/wp-json\/wp\/v2\/woo-feed-brand?post=42816"}],"curies":[{"name":"wp","href":"https:\/\/api.w.org\/{rel}","templated":true}]}}