{"id":42853,"date":"2022-05-29T11:29:10","date_gmt":"2022-05-29T09:29:10","guid":{"rendered":"https:\/\/bojungle.eu\/shop\/product\/b-light-music-sonaglio-giraf\/"},"modified":"2024-10-03T15:09:56","modified_gmt":"2024-10-03T13:09:56","slug":"b-light-music-rattle-giraf","status":"publish","type":"product","link":"https:\/\/www.bojungle.eu\/it\/prodotto\/b-light-music-rattle-giraf\/","title":{"rendered":"B-Light &amp; Music Sonaglio Giraf"},"content":{"rendered":"<p>Introducete il vostro bambino in un mondo di divertimento sensoriale con il sonaglio Light  Music! Progettato per affascinare i pi\u00f9 piccoli, questo adorabile sonaglio emette luci giocose e musica con un semplice scuotimento. Il bambino adorer\u00e0 masticare le sue orecchie morbide e sicure, diventando cos\u00ec il suo nuovo compagno preferito!   Caratteristiche principali: <\/p>\n<ul>\n<li><strong>Leggero e facile da impugnare: <\/strong>perfetto per le piccole mani che possono afferrarlo e agitarlo senza sforzo.<\/li>\n<li><strong>Materiale sicuro e senza vernici: <\/strong>Realizzato con materiali atossici, sicuro per l&#8217;esplorazione dei bambini.<\/li>\n<li><strong>Quattro modalit\u00e0 divertenti:<\/strong> Scegliere tra luci lampeggianti, musica o una combinazione per intrattenere e calmare.<\/li>\n<li><strong>Sensore incorporato: <\/strong>Attiva automaticamente luci e suoni con una scossa.<\/li>\n<li><strong>Morbido giocattolo da mordere: <\/strong>delicato sulle gengive, ideale per i bambini in fase di dentizione.<\/li>\n<\/ul>\n<p> Un mix perfetto di divertimento e funzionalit\u00e0, questo sonaglio far\u00e0 divertire e impegnare il vostro bambino!<\/p>\n","protected":false},"excerpt":{"rendered":"<div class=\"flex max-w-full flex-col flex-grow\">\n<div class=\"min-h-8 text-message flex w-full flex-col items-end gap-2 whitespace-normal break-words [.text-message+&amp;]:mt-5\" dir=\"auto\" data-message-author-role=\"assistant\" data-message-id=\"cf1fb747-2e09-4348-b15e-3b3c290653a5\">\n<div class=\"flex w-full flex-col gap-1 empty:hidden first:pt-[3px]\">\n<div class=\"markdown prose w-full break-words dark:prose-invert light\"> Scuoti per illuminare il mondo del tuo bambino! Il sonaglio Light  Music si illumina con luci colorate e suona, mentre le sue orecchie morbide e masticabili leniscono le gengive. Realizzato in materiale sicuro, privo di vernice e dal design leggero, \u00e8 facile da impugnare e pieno di divertimento sensoriale!   <\/div>\n<\/div>\n<\/div>\n<\/div>\n<div class=\"mb-2 flex gap-3 empty:hidden -ml-2\">\n<div class=\"items-center justify-start rounded-xl p-1 flex\">\n<div class=\"flex items-center\">\n<div class=\"flex\"><\/div>\n<div class=\"flex items-center pb-0\"><\/div>\n<\/div>\n<\/div>\n<\/div>\n","protected":false},"featured_media":78196,"comment_status":"closed","ping_status":"closed","template":"","meta":{"_lmt_disableupdate":"","_lmt_disable":""},"product_brand":[],"product_cat":[486,609,610,670,469],"product_tag":[],"woo-feed-brand":[],"class_list":{"0":"post-42853","1":"product","2":"type-product","3":"status-publish","4":"has-post-thumbnail","6":"product_cat-giocattoli-colorati","7":"product_cat-giocattoli-di-attivita","8":"product_cat-giocattoli-musicali","9":"product_cat-sonagli","10":"product_cat-tempo-di-gioco","12":"first","13":"instock","14":"taxable","15":"shipping-taxable","16":"purchasable","17":"product-type-simple"},"_links":{"self":[{"href":"https:\/\/www.bojungle.eu\/it\/wp-json\/wp\/v2\/product\/42853","targetHints":{"allow":["GET"]}}],"collection":[{"href":"https:\/\/www.bojungle.eu\/it\/wp-json\/wp\/v2\/product"}],"about":[{"href":"https:\/\/www.bojungle.eu\/it\/wp-json\/wp\/v2\/types\/product"}],"replies":[{"embeddable":true,"href":"https:\/\/www.bojungle.eu\/it\/wp-json\/wp\/v2\/comments?post=42853"}],"version-history":[{"count":1,"href":"https:\/\/www.bojungle.eu\/it\/wp-json\/wp\/v2\/product\/42853\/revisions"}],"predecessor-version":[{"id":78226,"href":"https:\/\/www.bojungle.eu\/it\/wp-json\/wp\/v2\/product\/42853\/revisions\/78226"}],"wp:featuredmedia":[{"embeddable":true,"href":"https:\/\/www.bojungle.eu\/it\/wp-json\/wp\/v2\/media\/78196"}],"wp:attachment":[{"href":"https:\/\/www.bojungle.eu\/it\/wp-json\/wp\/v2\/media?parent=42853"}],"wp:term":[{"taxonomy":"product_brand","embeddable":true,"href":"https:\/\/www.bojungle.eu\/it\/wp-json\/wp\/v2\/product_brand?post=42853"},{"taxonomy":"product_cat","embeddable":true,"href":"https:\/\/www.bojungle.eu\/it\/wp-json\/wp\/v2\/product_cat?post=42853"},{"taxonomy":"product_tag","embeddable":true,"href":"https:\/\/www.bojungle.eu\/it\/wp-json\/wp\/v2\/product_tag?post=42853"},{"taxonomy":"woo-feed-brand","embeddable":true,"href":"https:\/\/www.bojungle.eu\/it\/wp-json\/wp\/v2\/woo-feed-brand?post=42853"}],"curies":[{"name":"wp","href":"https:\/\/api.w.org\/{rel}","templated":true}]}}