{"id":42895,"date":"2022-05-29T11:26:15","date_gmt":"2022-05-29T09:26:15","guid":{"rendered":"https:\/\/bojungle.eu\/shop\/product\/passeggino-reversibile-b-genius-grigio-chiaro\/"},"modified":"2022-05-29T11:26:15","modified_gmt":"2022-05-29T11:26:15","slug":"b-genius-passeggino-reversibile-grigio-chiaro","status":"publish","type":"product","link":"https:\/\/www.bojungle.eu\/it\/prodotto\/b-genius-passeggino-reversibile-grigio-chiaro\/","title":{"rendered":"Passeggino reversibile B-Genius Grigio chiaro"},"content":{"rendered":"<ul>\n<li>La carrozzina che pu\u00f2 essere ripiegata fino a diventare uno zaino!<\/li>\n<li>Super compatto quando \u00e8 ripiegato (47 cm x 43 cm x 23 cm)<\/li>\n<li>Pesa solo 6,34 kg!<\/li>\n<li>Utilizzo bidirezionale: facile da regolare (parti incluse) &#8211; Struttura in alluminio &#8211; Schienale regolabile: pu\u00f2 essere disteso fino a 170\u00b0 &#8211; Poggiapiedi regolabile &#8211; Cuscino di supporto rimovibile<\/li>\n<li>Pu\u00f2 essere posizionato verticalmente quando \u00e8 piegato (\u00e8 adatto come bagaglio a mano in aereo)<\/li>\n<li>Cintura di sicurezza a 5 punti<\/li>\n<li>Ruote, tettuccio parasole e barra di sicurezza rimovibili &#8211; Sistema di freno a pedale sulle ruote posteriori &#8211; Ventilazione posteriore<\/li>\n<li>Accessori in dotazione: zanzariera, protezione antipioggia, kit per uso bidirezionale, borsa per il trasporto.<\/li>\n<li>Opzionale: Seggiolino auto, adattatori Maxi Cosi e adattatore per collegare due carrozzine tra loro<\/li>\n<li>Et\u00e0 consigliata: 0-36 mesi, fino a 18 kg<\/li>\n<\/ul>\n","protected":false},"excerpt":{"rendered":"<p>La carrozzina che pu\u00f2 essere ripiegata fino a diventare uno zaino!<\/p>\n","protected":false},"featured_media":54669,"comment_status":"closed","ping_status":"closed","template":"","meta":{"_lmt_disableupdate":"","_lmt_disable":""},"product_brand":[],"product_cat":[625,646],"product_tag":[],"woo-feed-brand":[],"class_list":{"0":"post-42895","1":"product","2":"type-product","3":"status-publish","4":"has-post-thumbnail","6":"product_cat-allaperto","7":"product_cat-passeggini","9":"first","10":"instock","11":"taxable","12":"shipping-taxable","13":"purchasable","14":"product-type-simple"},"_links":{"self":[{"href":"https:\/\/www.bojungle.eu\/it\/wp-json\/wp\/v2\/product\/42895","targetHints":{"allow":["GET"]}}],"collection":[{"href":"https:\/\/www.bojungle.eu\/it\/wp-json\/wp\/v2\/product"}],"about":[{"href":"https:\/\/www.bojungle.eu\/it\/wp-json\/wp\/v2\/types\/product"}],"replies":[{"embeddable":true,"href":"https:\/\/www.bojungle.eu\/it\/wp-json\/wp\/v2\/comments?post=42895"}],"version-history":[{"count":0,"href":"https:\/\/www.bojungle.eu\/it\/wp-json\/wp\/v2\/product\/42895\/revisions"}],"wp:featuredmedia":[{"embeddable":true,"href":"https:\/\/www.bojungle.eu\/it\/wp-json\/wp\/v2\/media\/54669"}],"wp:attachment":[{"href":"https:\/\/www.bojungle.eu\/it\/wp-json\/wp\/v2\/media?parent=42895"}],"wp:term":[{"taxonomy":"product_brand","embeddable":true,"href":"https:\/\/www.bojungle.eu\/it\/wp-json\/wp\/v2\/product_brand?post=42895"},{"taxonomy":"product_cat","embeddable":true,"href":"https:\/\/www.bojungle.eu\/it\/wp-json\/wp\/v2\/product_cat?post=42895"},{"taxonomy":"product_tag","embeddable":true,"href":"https:\/\/www.bojungle.eu\/it\/wp-json\/wp\/v2\/product_tag?post=42895"},{"taxonomy":"woo-feed-brand","embeddable":true,"href":"https:\/\/www.bojungle.eu\/it\/wp-json\/wp\/v2\/woo-feed-brand?post=42895"}],"curies":[{"name":"wp","href":"https:\/\/api.w.org\/{rel}","templated":true}]}}