{"id":42963,"date":"2022-05-29T11:26:02","date_gmt":"2022-05-29T09:26:02","guid":{"rendered":"https:\/\/bojungle.eu\/shop\/product\/robot-da-cucina-per-bambini-b-digital-6-in-1\/"},"modified":"2025-06-11T16:24:44","modified_gmt":"2025-06-11T14:24:44","slug":"b-digital-baby-food-processor-6-in-1","status":"publish","type":"product","link":"https:\/\/www.bojungle.eu\/it\/prodotto\/b-digital-baby-food-processor-6-in-1\/","title":{"rendered":"Robot da cucina per bambini B-Digital 6 in 1"},"content":{"rendered":"<ul>\n<li>Contenuto 900 ml<\/li>\n<li>Display digitale e utilizzo<\/li>\n<li>6 funzioni: Cottura a vapore, Frullatura automatica, Sterilizzazione, Riscaldamento, Funzione di mantenimento in caldo, Funzione di pulizia<\/li>\n<li>Le parti sono lavabili in lavastoviglie<\/li>\n<li>Sono inclusi un misurino, una spatola e una pinza.<\/li>\n<li>Possibilit\u00e0 di cuocere a vapore due tipi di alimenti contemporaneamente in contenitori separati, posizionando il misurino sopra il cestello di cottura.<\/li>\n<li>2 velocit\u00e0 di cottura: bassa o alta velocit\u00e0<\/li>\n<li>2 velocit\u00e0 di frullatura: bassa velocit\u00e0 per una consistenza con piccoli pezzi, o alta velocit\u00e0 per una consistenza liscia<\/li>\n<li>Miscela automatica a cicli: 13 secondi di accensione, 2 secondi di spegnimento (5 cicli)<\/li>\n<\/ul>\n<table border=\"1\">\n<tbody>\n<tr>\n<td>Manuale<\/td>\n<td><a href=\"https:\/\/www.bojungle.eu\/wp-content\/uploads\/2025\/06\/2018-02-23-Handleiding-food-processor-v3.pdf\" target=\"_blank\" rel=\"noopener\">Clicca qui<\/a><\/td>\n<\/tr>\n<\/tbody>\n<\/table>\n","protected":false},"excerpt":{"rendered":"<p>6 funzioni: Cottura a vapore, Frullatura automatica, Sterilizzazione, Riscaldamento, Funzione di mantenimento in caldo, Funzione di pulizia<\/p>\n","protected":false},"featured_media":74040,"comment_status":"closed","ping_status":"closed","template":"","meta":{"_lmt_disableupdate":"","_lmt_disable":""},"product_brand":[],"product_cat":[428,432],"product_tag":[],"woo-feed-brand":[],"class_list":{"0":"post-42963","1":"product","2":"type-product","3":"status-publish","4":"has-post-thumbnail","6":"product_cat-cibo-e-bevande","7":"product_cat-preparazione-dei-pasti","9":"first","10":"instock","11":"taxable","12":"shipping-taxable","13":"purchasable","14":"product-type-simple"},"_links":{"self":[{"href":"https:\/\/www.bojungle.eu\/it\/wp-json\/wp\/v2\/product\/42963","targetHints":{"allow":["GET"]}}],"collection":[{"href":"https:\/\/www.bojungle.eu\/it\/wp-json\/wp\/v2\/product"}],"about":[{"href":"https:\/\/www.bojungle.eu\/it\/wp-json\/wp\/v2\/types\/product"}],"replies":[{"embeddable":true,"href":"https:\/\/www.bojungle.eu\/it\/wp-json\/wp\/v2\/comments?post=42963"}],"version-history":[{"count":1,"href":"https:\/\/www.bojungle.eu\/it\/wp-json\/wp\/v2\/product\/42963\/revisions"}],"predecessor-version":[{"id":80193,"href":"https:\/\/www.bojungle.eu\/it\/wp-json\/wp\/v2\/product\/42963\/revisions\/80193"}],"wp:featuredmedia":[{"embeddable":true,"href":"https:\/\/www.bojungle.eu\/it\/wp-json\/wp\/v2\/media\/74040"}],"wp:attachment":[{"href":"https:\/\/www.bojungle.eu\/it\/wp-json\/wp\/v2\/media?parent=42963"}],"wp:term":[{"taxonomy":"product_brand","embeddable":true,"href":"https:\/\/www.bojungle.eu\/it\/wp-json\/wp\/v2\/product_brand?post=42963"},{"taxonomy":"product_cat","embeddable":true,"href":"https:\/\/www.bojungle.eu\/it\/wp-json\/wp\/v2\/product_cat?post=42963"},{"taxonomy":"product_tag","embeddable":true,"href":"https:\/\/www.bojungle.eu\/it\/wp-json\/wp\/v2\/product_tag?post=42963"},{"taxonomy":"woo-feed-brand","embeddable":true,"href":"https:\/\/www.bojungle.eu\/it\/wp-json\/wp\/v2\/woo-feed-brand?post=42963"}],"curies":[{"name":"wp","href":"https:\/\/api.w.org\/{rel}","templated":true}]}}