{"id":42969,"date":"2022-05-29T11:24:19","date_gmt":"2022-05-29T09:24:19","guid":{"rendered":"https:\/\/bojungle.eu\/shop\/product\/b-vasca-da-doccia-pieghevole-grigio-bianco\/"},"modified":"2025-05-26T16:29:44","modified_gmt":"2025-05-26T14:29:44","slug":"b-doccia-pieghevole-bagno-grigio-bianco","status":"publish","type":"product","link":"https:\/\/www.bojungle.eu\/it\/prodotto\/b-doccia-pieghevole-bagno-grigio-bianco\/","title":{"rendered":"B-Vasca da doccia pieghevole Grigio\/Bianco"},"content":{"rendered":"<p>Costruita con componenti in silicone di prima qualit\u00e0 e un robusto telaio in alluminio, questa vasca da doccia pieghevole offre una durata e una regolabilit\u00e0 eccezionali. La funzione di regolazione dell&#8217;altezza garantisce un comfort ottimale per gli utenti di tutte le et\u00e0 e abilit\u00e0. <\/p>\n<p>Dotata di un comodo sedile con ventose per una maggiore stabilit\u00e0 e sostegno, la nostra vasca offre un ambiente sicuro per rilassarsi o fare docce rinfrescanti.<\/p>\n<p>La pulizia \u00e8 un gioco da ragazzi grazie al tappo di scarico facile da usare, che consente di rimuovere l&#8217;acqua in modo rapido ed efficiente dopo ogni utilizzo. Inoltre, potete stare tranquilli sapendo che la nostra vasca da doccia pieghevole \u00e8 priva di BPA, per la vostra salute e sicurezza. <\/p>\n<p>Migliorate la vostra esperienza di bagno con il massimo della praticit\u00e0, del comfort e della versatilit\u00e0. Elevate il vostro spazio con la nostra vasca da doccia pieghevole oggi stesso! <\/p>\n<ul>\n<li>Questa vasca pu\u00f2 essere facilmente collocata in una doccia o servire come alternativa a una vasca fissa. Grazie alle parti in silicone della vasca e al telaio in alluminio, pu\u00f2 essere regolata in altezza. All&#8217;interno della vasca \u00e8 disponibile un sedile con ventose. L&#8217;acqua pu\u00f2 essere facilmente rimossa grazie al tappo di scarico.<\/li>\n<li>Senza BPA<\/li>\n<\/ul>\n<table border=\"1\">\n<tbody>\n<tr>\n<td>Manuale<\/td>\n<td><a href=\"https:\/\/www.bojungle.eu\/wp-content\/uploads\/2025\/05\/B400660-B-Foldable-Shower-Bath.pdf\" target=\"_blank\" rel=\"noopener\">Clicca qui<\/a><\/td>\n<\/tr>\n<\/tbody>\n<\/table>\n","protected":false},"excerpt":{"rendered":"<p>Erleben Sie die unvergleichliche Bequemlichkeit und den Komfort unserer faltbaren Duschwanne in der eleganten Farbe Grau\/Wei\u00df! Verwandeln Sie Ihre Badegewohnheiten mit dieser innovativen L\u00f6sung, die sich perfekt in den Duschbereich integrieren l\u00e4sst oder eine flexible Alternative zu einer herk\u00f6mmlichen festen Wanne darstellt. <\/p>\n<p>&nbsp;<\/p>\n","protected":false},"featured_media":66621,"comment_status":"closed","ping_status":"closed","template":"","meta":{"_lmt_disableupdate":"","_lmt_disable":""},"product_brand":[],"product_cat":[582,520],"product_tag":[],"woo-feed-brand":[],"class_list":{"0":"post-42969","1":"product","2":"type-product","3":"status-publish","4":"has-post-thumbnail","6":"product_cat-bambino-nella-vasca-da-bagno","7":"product_cat-toelettatura","9":"first","10":"instock","11":"taxable","12":"shipping-taxable","13":"purchasable","14":"product-type-simple"},"_links":{"self":[{"href":"https:\/\/www.bojungle.eu\/it\/wp-json\/wp\/v2\/product\/42969","targetHints":{"allow":["GET"]}}],"collection":[{"href":"https:\/\/www.bojungle.eu\/it\/wp-json\/wp\/v2\/product"}],"about":[{"href":"https:\/\/www.bojungle.eu\/it\/wp-json\/wp\/v2\/types\/product"}],"replies":[{"embeddable":true,"href":"https:\/\/www.bojungle.eu\/it\/wp-json\/wp\/v2\/comments?post=42969"}],"version-history":[{"count":2,"href":"https:\/\/www.bojungle.eu\/it\/wp-json\/wp\/v2\/product\/42969\/revisions"}],"predecessor-version":[{"id":79936,"href":"https:\/\/www.bojungle.eu\/it\/wp-json\/wp\/v2\/product\/42969\/revisions\/79936"}],"wp:featuredmedia":[{"embeddable":true,"href":"https:\/\/www.bojungle.eu\/it\/wp-json\/wp\/v2\/media\/66621"}],"wp:attachment":[{"href":"https:\/\/www.bojungle.eu\/it\/wp-json\/wp\/v2\/media?parent=42969"}],"wp:term":[{"taxonomy":"product_brand","embeddable":true,"href":"https:\/\/www.bojungle.eu\/it\/wp-json\/wp\/v2\/product_brand?post=42969"},{"taxonomy":"product_cat","embeddable":true,"href":"https:\/\/www.bojungle.eu\/it\/wp-json\/wp\/v2\/product_cat?post=42969"},{"taxonomy":"product_tag","embeddable":true,"href":"https:\/\/www.bojungle.eu\/it\/wp-json\/wp\/v2\/product_tag?post=42969"},{"taxonomy":"woo-feed-brand","embeddable":true,"href":"https:\/\/www.bojungle.eu\/it\/wp-json\/wp\/v2\/woo-feed-brand?post=42969"}],"curies":[{"name":"wp","href":"https:\/\/api.w.org\/{rel}","templated":true}]}}