{"id":42999,"date":"2022-05-29T11:24:02","date_gmt":"2022-05-29T09:24:02","guid":{"rendered":"https:\/\/bojungle.eu\/shop\/product\/filtro-b-per-depuratore-humi-sensy\/"},"modified":"2024-01-31T13:47:22","modified_gmt":"2024-01-31T12:47:22","slug":"b-filtro-per-il-purificatore-sensy","status":"publish","type":"product","link":"https:\/\/www.bojungle.eu\/it\/prodotto\/b-filtro-per-il-purificatore-sensy\/","title":{"rendered":"Filtro per l&#8217;umidificatore Sensy"},"content":{"rendered":"<p>Questo filtro \u00e8 adatto all&#8217;Humi-Purifier Sensy e ai nostri precedenti umidificatori digitali.<\/p>\n","protected":false},"excerpt":{"rendered":"<p>Il filtro per l&#8217;Humi-Purifier Sensy \u00e8 progettato per migliorare la qualit\u00e0 dell&#8217;aria nel vostro spazio vitale, creando un ambiente pi\u00f9 sano. Questo filtro di alta qualit\u00e0 \u00e8 stato realizzato appositamente per l&#8217;uso con l&#8217;Humi-Purifier Sensy e garantisce un filtraggio efficace di particelle di polvere, allergeni e altri contaminanti presenti nell&#8217;aria. <\/p>\n","protected":false},"featured_media":65195,"comment_status":"closed","ping_status":"closed","template":"","meta":{"_lmt_disableupdate":"","_lmt_disable":""},"product_brand":[],"product_cat":[538],"product_tag":[],"woo-feed-brand":[],"class_list":{"0":"post-42999","1":"product","2":"type-product","3":"status-publish","4":"has-post-thumbnail","6":"product_cat-dormire","8":"first","9":"instock","10":"taxable","11":"shipping-taxable","12":"purchasable","13":"product-type-simple"},"_links":{"self":[{"href":"https:\/\/www.bojungle.eu\/it\/wp-json\/wp\/v2\/product\/42999","targetHints":{"allow":["GET"]}}],"collection":[{"href":"https:\/\/www.bojungle.eu\/it\/wp-json\/wp\/v2\/product"}],"about":[{"href":"https:\/\/www.bojungle.eu\/it\/wp-json\/wp\/v2\/types\/product"}],"replies":[{"embeddable":true,"href":"https:\/\/www.bojungle.eu\/it\/wp-json\/wp\/v2\/comments?post=42999"}],"version-history":[{"count":1,"href":"https:\/\/www.bojungle.eu\/it\/wp-json\/wp\/v2\/product\/42999\/revisions"}],"predecessor-version":[{"id":65204,"href":"https:\/\/www.bojungle.eu\/it\/wp-json\/wp\/v2\/product\/42999\/revisions\/65204"}],"wp:featuredmedia":[{"embeddable":true,"href":"https:\/\/www.bojungle.eu\/it\/wp-json\/wp\/v2\/media\/65195"}],"wp:attachment":[{"href":"https:\/\/www.bojungle.eu\/it\/wp-json\/wp\/v2\/media?parent=42999"}],"wp:term":[{"taxonomy":"product_brand","embeddable":true,"href":"https:\/\/www.bojungle.eu\/it\/wp-json\/wp\/v2\/product_brand?post=42999"},{"taxonomy":"product_cat","embeddable":true,"href":"https:\/\/www.bojungle.eu\/it\/wp-json\/wp\/v2\/product_cat?post=42999"},{"taxonomy":"product_tag","embeddable":true,"href":"https:\/\/www.bojungle.eu\/it\/wp-json\/wp\/v2\/product_tag?post=42999"},{"taxonomy":"woo-feed-brand","embeddable":true,"href":"https:\/\/www.bojungle.eu\/it\/wp-json\/wp\/v2\/woo-feed-brand?post=42999"}],"curies":[{"name":"wp","href":"https:\/\/api.w.org\/{rel}","templated":true}]}}