{"id":43099,"date":"2022-05-29T11:19:06","date_gmt":"2022-05-29T09:19:06","guid":{"rendered":"https:\/\/bojungle.eu\/shop\/product\/b-oscillazione-portatile-dolphy-wood-bianco-puro\/"},"modified":"2025-06-17T15:35:00","modified_gmt":"2025-06-17T13:35:00","slug":"b-portatile-swing-dolphy-wood-pure-white","status":"publish","type":"product","link":"https:\/\/www.bojungle.eu\/it\/prodotto\/b-portatile-swing-dolphy-wood-pure-white\/","title":{"rendered":"Altalena portatile Dolphy in legno bianco puro"},"content":{"rendered":"<p>Scopri l&#8217;altalena portatile Dolphy Wood Pure White, la miscela definitiva di comfort, praticit\u00e0 e intrattenimento per il tuo piccolo. Progettata per soddisfare le esigenze dei genitori e il comfort dei bambini dalla nascita fino a 9 kg, questa altalena portatile offre una combinazione unica di caratteristiche che la rendono un must nella tua collezione di accessori per bambini.<\/p>\n<p><strong>Opzioni di alimentazione versatili<\/strong><br \/>\nNon rimanete mai legati a un solo punto! L&#8217;altalena portatile Dolphy Wood Pure White funziona perfettamente con il cavo di alimentazione in dotazione o con 4 batterie C\/LR14 (non incluse), assicurando che il tuo bambino possa godersi un&#8217;altalena rilassante sia a casa che in viaggio.<\/p>\n<p><strong>Comfort personalizzabile<\/strong><br \/>\nCon uno schienale regolabile in 2 posizioni, questa altalena si adatta facilmente alle esigenze di comfort del bambino, assicurando che si trovi sempre nella posizione perfetta per rilassarsi o osservare.<\/p>\n<p><strong>Funzione timer intuitiva<\/strong><br \/>\nDotata di una funzione timer con impostazioni per 15, 30, 45 o 60 minuti, l&#8217;altalena portatile Dolphy Wood Pure White consente di personalizzare il tempo di oscillazione in base all&#8217;umore e alle esigenze del bambino, assicurando che venga calmato e intrattenuto al punto giusto.<\/p>\n<p><strong>Velocit\u00e0 e melodie multiple dell&#8217;altalena<\/strong><br \/>\nScegliete tra 5 diverse velocit\u00e0 dell&#8217;altalena per trovare il ritmo perfetto per il vostro bambino e migliorate il suo relax e il suo divertimento con 8 diverse melodie. \u00c8 il modo perfetto per calmare o coinvolgere il vostro piccolo nelle prime fasi di vita.<\/p>\n<p><strong>Comfort e sicurezza supremi<\/strong><br \/>\nRealizzata con tessuti morbidi e di alta qualit\u00e0, lavabili in lavatrice per una facile manutenzione, e dotata di un poggiatesta in peluche per un maggiore sostegno, questa altalena assicura il comfort del bambino in ogni momento. L&#8217;imbracatura di sicurezza a 5 punti mantiene il bambino al sicuro, garantendo la massima tranquillit\u00e0. <\/p>\n<p><strong>Coinvolgente e divertente<\/strong><br \/>\nL&#8217;arco giocattolo facilmente staccabile, ornato da due giocattoli accattivanti, cattura l&#8217;attenzione del bambino e stimola i suoi sensi in via di sviluppo, rendendo l&#8217;ora dell&#8217;altalena un&#8217;esperienza divertente ed educativa.<\/p>\n<p><strong>Comodamente portatile<\/strong><br \/>\nProgettato pensando alle famiglie pi\u00f9 impegnate, il Dolphy Wood Pure White ha un design facilmente ripiegabile per essere riposto e trasportato in modo efficiente, per portare il comfort di casa ovunque si vada.<\/p>\n<p>L&#8217;altalena portatile Dolphy Wood Pure White non \u00e8 solo un&#8217;altalena: \u00e8 un rifugio accogliente, divertente e sicuro per il vostro bambino. Rappresenta un mix perfetto di funzionalit\u00e0 e divertimento, rendendolo un&#8217;aggiunta essenziale agli articoli essenziali per la cura del tuo bambino.<\/p>\n<table border=\"1\">\n<tbody>\n<tr>\n<td>Manuale<\/td>\n<td><a href=\"https:\/\/www.bojungle.eu\/wp-content\/uploads\/2025\/06\/Handleiding-B-Dolphy-Portable-Swing.pdf\" target=\"_blank\" rel=\"noopener\">Clicca qui<\/a><\/td>\n<\/tr>\n<\/tbody>\n<\/table>\n<p>&nbsp;<\/p>\n","protected":false},"excerpt":{"rendered":"<div class=\"elementor-element elementor-element-80cf67d elementor-widget elementor-widget-jet-single-excerpt\" data-id=\"80cf67d\" data-element_type=\"widget\" data-widget_type=\"jet-single-excerpt.default\">\n<div class=\"elementor-widget-container\">\n<div class=\"elementor-jet-single-excerpt jet-woo-builder\">\n<div class=\"woocommerce-product-details__short-description\">\n<div class=\"flex-1 overflow-hidden\">\n<div class=\"react-scroll-to-bottom--css-fpkau-79elbk h-full\">\n<div class=\"react-scroll-to-bottom--css-fpkau-1n7m0yu\">\n<div class=\"flex flex-col text-sm pb-9\">\n<div class=\"w-full text-token-text-primary\" data-testid=\"conversation-turn-8\">\n<div class=\"px-4 py-2 justify-center text-base md:gap-6 m-auto\">\n<div class=\"flex flex-1 text-base mx-auto gap-3 md:px-5 lg:px-1 xl:px-5 md:max-w-3xl lg:max-w-[40rem] xl:max-w-[48rem] group final-completion\">\n<div class=\"relative flex w-full flex-col agent-turn\">\n<div class=\"flex-col gap-1 md:gap-3\">\n<div class=\"flex flex-grow flex-col max-w-full\">\n<div class=\"min-h-[20px] text-message flex flex-col items-start gap-3 whitespace-pre-wrap break-words [.text-message+&amp;]:mt-5 overflow-x-auto\" data-message-author-role=\"assistant\" data-message-id=\"fbd77af2-e82b-4b38-a269-e92651bbb0c3\">\n<div class=\"markdown prose w-full break-words dark:prose-invert light\">\n<p>Saluta l&#8217;altalena portatile Dolphy Wood Pure White: un modo pratico per mantenere il tuo bambino accogliente e felice ovunque tu vada. Ha impostazioni regolabili per mettere il bambino a proprio agio, diverse velocit\u00e0 di oscillazione e una piacevole melodia. Inoltre, mantiene il bambino al sicuro con un&#8217;imbracatura e lo fa divertire con i giocattoli. E quando si \u00e8 finito, basta ripiegarlo per riporlo facilmente o per viaggiare. Ottimo per i bambini fino a 9 kg e perfetto per le famiglie pi\u00f9 impegnate!  <\/p>\n<\/div>\n<\/div>\n<\/div>\n<\/div>\n<\/div>\n<\/div>\n<\/div>\n<\/div>\n<\/div>\n<\/div>\n<\/div>\n<\/div>\n<\/div>\n<\/div>\n<\/div>\n<\/div>\n","protected":false},"featured_media":72186,"comment_status":"closed","ping_status":"closed","template":"","meta":{"_lmt_disableupdate":"","_lmt_disable":""},"product_brand":[],"product_cat":[535],"product_tag":[1121,1299,1167,1119,1297,1298],"woo-feed-brand":[],"class_list":{"0":"post-43099","1":"product","2":"type-product","3":"status-publish","4":"has-post-thumbnail","6":"product_cat-altalene-e-dondoli","7":"product_tag-altalena","8":"product_tag-babyswing-it","9":"product_tag-bambino","10":"product_tag-bianco-puro","11":"product_tag-dolphy-it","12":"product_tag-portable-it","14":"first","15":"instock","16":"featured","17":"taxable","18":"shipping-taxable","19":"purchasable","20":"product-type-simple"},"_links":{"self":[{"href":"https:\/\/www.bojungle.eu\/it\/wp-json\/wp\/v2\/product\/43099","targetHints":{"allow":["GET"]}}],"collection":[{"href":"https:\/\/www.bojungle.eu\/it\/wp-json\/wp\/v2\/product"}],"about":[{"href":"https:\/\/www.bojungle.eu\/it\/wp-json\/wp\/v2\/types\/product"}],"replies":[{"embeddable":true,"href":"https:\/\/www.bojungle.eu\/it\/wp-json\/wp\/v2\/comments?post=43099"}],"version-history":[{"count":2,"href":"https:\/\/www.bojungle.eu\/it\/wp-json\/wp\/v2\/product\/43099\/revisions"}],"predecessor-version":[{"id":80307,"href":"https:\/\/www.bojungle.eu\/it\/wp-json\/wp\/v2\/product\/43099\/revisions\/80307"}],"wp:featuredmedia":[{"embeddable":true,"href":"https:\/\/www.bojungle.eu\/it\/wp-json\/wp\/v2\/media\/72186"}],"wp:attachment":[{"href":"https:\/\/www.bojungle.eu\/it\/wp-json\/wp\/v2\/media?parent=43099"}],"wp:term":[{"taxonomy":"product_brand","embeddable":true,"href":"https:\/\/www.bojungle.eu\/it\/wp-json\/wp\/v2\/product_brand?post=43099"},{"taxonomy":"product_cat","embeddable":true,"href":"https:\/\/www.bojungle.eu\/it\/wp-json\/wp\/v2\/product_cat?post=43099"},{"taxonomy":"product_tag","embeddable":true,"href":"https:\/\/www.bojungle.eu\/it\/wp-json\/wp\/v2\/product_tag?post=43099"},{"taxonomy":"woo-feed-brand","embeddable":true,"href":"https:\/\/www.bojungle.eu\/it\/wp-json\/wp\/v2\/woo-feed-brand?post=43099"}],"curies":[{"name":"wp","href":"https:\/\/api.w.org\/{rel}","templated":true}]}}