{"id":43388,"date":"2022-05-29T11:06:38","date_gmt":"2022-05-29T09:06:38","guid":{"rendered":"https:\/\/bojungle.eu\/shop\/product\/b-bottle-warmer-superfast-digital-auto-e-casa-grigio\/"},"modified":"2025-06-05T11:14:00","modified_gmt":"2025-06-05T09:14:00","slug":"b-scaldabottiglie-fiore-grigio","status":"publish","type":"product","link":"https:\/\/www.bojungle.eu\/it\/prodotto\/b-scaldabottiglie-fiore-grigio\/","title":{"rendered":"B-Scaldabiberon Fiore"},"content":{"rendered":"<p>Lo Scaldabiberon Fiore \u00e8 uno scaldabiberon a vapore facile da usare e pu\u00f2 essere utilizzato per riscaldare i biberon e i vasetti di pappa del tuo bambino<\/p>\n<ul>\n<li>Ci vogliono solo 3 minuti e 30 secondi per riscaldare una bottiglia da 240 ml<\/li>\n<li>L&#8217;allarme visivo e acustico indica quando la bottiglia \u00e8 calda<\/li>\n<li> Si ferma automaticamente<\/li>\n<li>Accessori inclusi: anello di adattamento per bottiglie pi\u00f9 piccole, supporto per barattolo o bottiglia, misurino e pinza.<\/li>\n<\/ul>\n<p>&nbsp;<\/p>\n<table border=\"1\">\n<tbody>\n<tr>\n<td>Manuale<\/td>\n<td><a href=\"https:\/\/www.bojungle.eu\/wp-content\/uploads\/2025\/06\/B500000-B-Bottle-Warmer-Flower-Grey-Manual.pdf\">Clicca qui<\/a><\/td>\n<\/tr>\n<\/tbody>\n<\/table>\n","protected":false},"excerpt":{"rendered":"<p>Scopri il fiore scaldabiberon, la soluzione definitiva per riscaldare senza sforzo i biberon e i barattoli di cibo del tuo bambino. Questo scaldabiberon a vapore facile da usare garantisce un riscaldamento rapido ed efficiente, impiegando solo 3 minuti e 30 secondi per un biberon da 240 ml. Dotato di allarmi visivi e acustici, riceverai una notifica quando la tua bottiglia raggiunge la temperatura perfetta. Inoltre, la sua funzione di spegnimento automatico offre maggiore sicurezza e tranquillit\u00e0. Completo di accessori essenziali come un anello di adattamento per biberon pi\u00f9 piccoli, un supporto per barattoli o biberon, un misurino e una pinza, lo scaldabiberon Flower offre praticit\u00e0 nella routine di cura del tuo bambino. Mantieni le pappe del tuo piccolo calde e pronte con facilit\u00e0 usando il fiore scaldabiberon.<\/p>\n<p>&nbsp;<\/p>\n","protected":false},"featured_media":65228,"comment_status":"closed","ping_status":"closed","template":"","meta":{"_lmt_disableupdate":"","_lmt_disable":""},"product_brand":[],"product_cat":[428,432],"product_tag":[],"woo-feed-brand":[],"class_list":{"0":"post-43388","1":"product","2":"type-product","3":"status-publish","4":"has-post-thumbnail","6":"product_cat-cibo-e-bevande","7":"product_cat-preparazione-dei-pasti","9":"first","10":"instock","11":"taxable","12":"shipping-taxable","13":"purchasable","14":"product-type-simple"},"_links":{"self":[{"href":"https:\/\/www.bojungle.eu\/it\/wp-json\/wp\/v2\/product\/43388","targetHints":{"allow":["GET"]}}],"collection":[{"href":"https:\/\/www.bojungle.eu\/it\/wp-json\/wp\/v2\/product"}],"about":[{"href":"https:\/\/www.bojungle.eu\/it\/wp-json\/wp\/v2\/types\/product"}],"replies":[{"embeddable":true,"href":"https:\/\/www.bojungle.eu\/it\/wp-json\/wp\/v2\/comments?post=43388"}],"version-history":[{"count":2,"href":"https:\/\/www.bojungle.eu\/it\/wp-json\/wp\/v2\/product\/43388\/revisions"}],"predecessor-version":[{"id":80060,"href":"https:\/\/www.bojungle.eu\/it\/wp-json\/wp\/v2\/product\/43388\/revisions\/80060"}],"wp:featuredmedia":[{"embeddable":true,"href":"https:\/\/www.bojungle.eu\/it\/wp-json\/wp\/v2\/media\/65228"}],"wp:attachment":[{"href":"https:\/\/www.bojungle.eu\/it\/wp-json\/wp\/v2\/media?parent=43388"}],"wp:term":[{"taxonomy":"product_brand","embeddable":true,"href":"https:\/\/www.bojungle.eu\/it\/wp-json\/wp\/v2\/product_brand?post=43388"},{"taxonomy":"product_cat","embeddable":true,"href":"https:\/\/www.bojungle.eu\/it\/wp-json\/wp\/v2\/product_cat?post=43388"},{"taxonomy":"product_tag","embeddable":true,"href":"https:\/\/www.bojungle.eu\/it\/wp-json\/wp\/v2\/product_tag?post=43388"},{"taxonomy":"woo-feed-brand","embeddable":true,"href":"https:\/\/www.bojungle.eu\/it\/wp-json\/wp\/v2\/woo-feed-brand?post=43388"}],"curies":[{"name":"wp","href":"https:\/\/api.w.org\/{rel}","templated":true}]}}